{"id":6929,"date":"2020-10-05T10:58:53","date_gmt":"2020-10-05T08:58:53","guid":{"rendered":"https:\/\/leikin.ch\/target-languages\/translations-from-german-to-dutch\/"},"modified":"2024-12-12T17:16:26","modified_gmt":"2024-12-12T16:16:26","slug":"translations-from-german-to-dutch","status":"publish","type":"page","link":"https:\/\/leikin.ch\/en\/target-languages\/translations-from-german-to-dutch\/","title":{"rendered":"Certified translations of divorce certificates"},"content":{"rendered":"<p>[et_pb_section fb_built=&#8221;1&#8243; specialty=&#8221;on&#8221; _builder_version=&#8221;4.16&#8243; _module_preset=&#8221;default&#8221; global_colors_info=&#8221;{}&#8221;][et_pb_column type=&#8221;2_3&#8243; specialty_columns=&#8221;2&#8243; _builder_version=&#8221;4.16&#8243; custom_padding=&#8221;|||&#8221; global_colors_info=&#8221;{}&#8221; custom_padding__hover=&#8221;|||&#8221;][et_pb_row_inner column_structure=&#8221;1_2,1_2&#8243; _builder_version=&#8221;4.16&#8243; _module_preset=&#8221;default&#8221; global_colors_info=&#8221;{}&#8221;][et_pb_column_inner type=&#8221;1_2&#8243; saved_specialty_column_type=&#8221;2_3&#8243; _builder_version=&#8221;4.16&#8243; _module_preset=&#8221;default&#8221; global_colors_info=&#8221;{}&#8221;][et_pb_image _builder_version=&#8221;4.27.2&#8243; _module_preset=&#8221;default&#8221; title_text=&#8221;Divorce_Notary&#8221; src=&#8221;https:\/\/leikin.ch\/wp-content\/uploads\/2024\/12\/Scheidung_Notar.webp&#8221; hover_enabled=&#8221;0&#8243; sticky_enabled=&#8221;0&#8243;][\/et_pb_image][et_pb_image _builder_version=&#8221;4.27.2&#8243; _module_preset=&#8221;default&#8221; title_text=&#8221;Divorce &#8211; Tourists&#8221; src=&#8221;https:\/\/leikin.ch\/wp-content\/uploads\/2024\/12\/Scheidung-Turisten.jpg&#8221; hover_enabled=&#8221;0&#8243; sticky_enabled=&#8221;0&#8243;][\/et_pb_image][\/et_pb_column_inner][et_pb_column_inner type=&#8221;1_2&#8243; saved_specialty_column_type=&#8221;2_3&#8243; _builder_version=&#8221;4.16&#8243; _module_preset=&#8221;default&#8221; global_colors_info=&#8221;{}&#8221;][et_pb_text _builder_version=&#8221;4.27.2&#8243; _module_preset=&#8221;default&#8221; text_font=&#8221;Times New Roman|700|on||||||&#8221; text_text_color=&#8221;#000000&#8243; text_font_size=&#8221;25px&#8221; global_colors_info=&#8221;{}&#8221;]<\/p>\n<h1><strong>Certified translations<\/strong><br \/><strong>of divorce certificates<\/strong><\/h1>\n<h4>We offer certified translations of divorce certificates. Fast, precise and reliable \u2013 for your legal matters in Switzerland. Trust our professional translators! Quality guaranteed. The translations are carried out by a native speaker in our translation office and are proofread by another translator in our quality center.<br \/><a href=\"mailto:info@uebersetzungscenter.ch\">info@uebersetzungscenter.ch<\/a> +41 56 427 27 15, contact us now!<br \/>You will receive the translation by post.<br \/><a href=\"https:\/\/leikin.ch\/wp-content\/uploads\/2024\/10\/Bildschirmfoto_4-10-2024_132616_www.xn-beglaubigte-bersetzung-3lc.de_.jpeg\"><img loading=\"lazy\" decoding=\"async\" class=\"wp-image-9933 alignnone \" src=\"https:\/\/leikin.ch\/wp-content\/uploads\/2024\/10\/Bildschirmfoto_4-10-2024_132616_www.xn-beglaubigte-bersetzung-3lc.de_.jpeg\" alt=\"\" width=\"69\" height=\"62\" \/><\/a><\/h4>\n<p>[\/et_pb_text][et_pb_text _builder_version=&#8221;4.27.2&#8243; _module_preset=&#8221;default&#8221; text_font=&#8221;Times New Roman||on||||||&#8221; text_font_size=&#8221;20px&#8221; hover_enabled=&#8221;0&#8243; sticky_enabled=&#8221;0&#8243;]<\/p>\n<h3><strong><em><span lang=\"DE\">Data protection declaration<\/span><\/em><\/strong><\/h3>\n<p><em>Your documents and translations are treated with the utmost confidentiality at the Leikin Translation Center.<\/em><\/p>\n<p><a href=\"https:\/\/leikin.ch\/wp-content\/uploads\/2024\/12\/Stempel-Bild1-e1733842615475.png\"><img loading=\"lazy\" decoding=\"async\" class=\"wp-image-10843 alignnone \" src=\"https:\/\/leikin.ch\/wp-content\/uploads\/2024\/12\/Stempel-Bild1-257x300.png\" alt=\"\" width=\"88\" height=\"103\" \/><\/a><\/p>\n<p><em>Contact us directly using the contact form or send us an Email <a class=\"mail-link\" data-enc-email=\"vasb[at]hrorefrgmhatfpragre.pu\" data-wpel-link=\"ignore\"><span id=\"wpmt-965149-767386\"><span id=\"wpmt-964919-588349\">info@ueberstellungscenter.ch<\/span><\/span><\/a><\/em><\/p>\n<p>[\/et_pb_text][\/et_pb_column_inner][\/et_pb_row_inner][\/et_pb_column][et_pb_column type=&#8221;1_3&#8243; _builder_version=&#8221;4.16&#8243; custom_padding=&#8221;|||&#8221; global_colors_info=&#8221;{}&#8221; custom_padding__hover=&#8221;|||&#8221;][et_pb_sidebar _builder_version=&#8221;4.6.5&#8243; _module_preset=&#8221;default&#8221; global_colors_info=&#8221;{}&#8221;][\/et_pb_sidebar][\/et_pb_column][\/et_pb_section]<\/p>\n","protected":false},"excerpt":{"rendered":"<p>Certified translationsof divorce certificates We offer certified translations of divorce certificates. Fast, precise and reliable \u2013 for your legal matters in Switzerland. Trust our professional translators! Quality guaranteed. The translations are carried out by a native speaker in our translation office and are proofread by another translator in our quality center.info@uebersetzungscenter.ch +41 56 427 27 [&hellip;]<\/p>\n","protected":false},"author":1,"featured_media":0,"parent":25,"menu_order":0,"comment_status":"closed","ping_status":"closed","template":"","meta":{"_et_pb_use_builder":"on","_et_pb_old_content":"","_et_gb_content_width":"","footnotes":""},"class_list":["post-6929","page","type-page","status-publish","hentry"],"yoast_head":"<!-- This site is optimized with the Yoast SEO plugin v26.8 - https:\/\/yoast.com\/product\/yoast-seo-wordpress\/ -->\n<title>Certified translations of divorce certificates - \u00dcbersetzungsb\u00fcro Leikin<\/title>\n<meta name=\"description\" content=\"The Leikin Translation Center delivers high quality translations from or into Dutch. Also notarized translations.\" \/>\n<meta name=\"robots\" content=\"index, follow, max-snippet:-1, max-image-preview:large, max-video-preview:-1\" \/>\n<link rel=\"canonical\" href=\"https:\/\/leikin.ch\/en\/target-languages\/translations-from-german-to-dutch\/\" \/>\n<meta property=\"og:locale\" content=\"en_US\" \/>\n<meta property=\"og:type\" content=\"article\" \/>\n<meta property=\"og:title\" content=\"Certified translations of divorce certificates - \u00dcbersetzungsb\u00fcro Leikin\" \/>\n<meta property=\"og:description\" content=\"The Leikin Translation Center delivers high quality translations from or into Dutch. Also notarized translations.\" \/>\n<meta property=\"og:url\" content=\"https:\/\/leikin.ch\/en\/target-languages\/translations-from-german-to-dutch\/\" \/>\n<meta property=\"og:site_name\" content=\"\u00dcbersetzungsb\u00fcro Leikin\" \/>\n<meta property=\"article:publisher\" content=\"https:\/\/www.facebook.com\/uebersetzungscenter\/\" \/>\n<meta property=\"article:modified_time\" content=\"2024-12-12T16:16:26+00:00\" \/>\n<meta property=\"og:image\" content=\"https:\/\/leikin.ch\/wp-content\/uploads\/2024\/10\/Bildschirmfoto_4-10-2024_132616_www.xn-beglaubigte-bersetzung-3lc.de_.jpeg\" \/>\n\t<meta property=\"og:image:width\" content=\"126\" \/>\n\t<meta property=\"og:image:height\" content=\"114\" \/>\n\t<meta property=\"og:image:type\" content=\"image\/jpeg\" \/>\n<meta name=\"twitter:card\" content=\"summary_large_image\" \/>\n<meta name=\"twitter:site\" content=\"@Leikin21\" \/>\n<meta name=\"twitter:label1\" content=\"Est. reading time\" \/>\n\t<meta name=\"twitter:data1\" content=\"2 minutes\" \/>\n<script type=\"application\/ld+json\" class=\"yoast-schema-graph\">{\"@context\":\"https:\/\/schema.org\",\"@graph\":[{\"@type\":\"WebPage\",\"@id\":\"https:\/\/leikin.ch\/en\/target-languages\/translations-from-german-to-dutch\/\",\"url\":\"https:\/\/leikin.ch\/en\/target-languages\/translations-from-german-to-dutch\/\",\"name\":\"Certified translations of divorce certificates - \u00dcbersetzungsb\u00fcro Leikin\",\"isPartOf\":{\"@id\":\"https:\/\/leikin.ch\/#website\"},\"primaryImageOfPage\":{\"@id\":\"https:\/\/leikin.ch\/en\/target-languages\/translations-from-german-to-dutch\/#primaryimage\"},\"image\":{\"@id\":\"https:\/\/leikin.ch\/en\/target-languages\/translations-from-german-to-dutch\/#primaryimage\"},\"thumbnailUrl\":\"https:\/\/leikin.ch\/wp-content\/uploads\/2024\/10\/Bildschirmfoto_4-10-2024_132616_www.xn-beglaubigte-bersetzung-3lc.de_.jpeg\",\"datePublished\":\"2020-10-05T08:58:53+00:00\",\"dateModified\":\"2024-12-12T16:16:26+00:00\",\"description\":\"The Leikin Translation Center delivers high quality translations from or into Dutch. Also notarized translations.\",\"breadcrumb\":{\"@id\":\"https:\/\/leikin.ch\/en\/target-languages\/translations-from-german-to-dutch\/#breadcrumb\"},\"inLanguage\":\"en-US\",\"potentialAction\":[{\"@type\":\"ReadAction\",\"target\":[\"https:\/\/leikin.ch\/en\/target-languages\/translations-from-german-to-dutch\/\"]}]},{\"@type\":\"ImageObject\",\"inLanguage\":\"en-US\",\"@id\":\"https:\/\/leikin.ch\/en\/target-languages\/translations-from-german-to-dutch\/#primaryimage\",\"url\":\"https:\/\/leikin.ch\/wp-content\/uploads\/2024\/10\/Bildschirmfoto_4-10-2024_132616_www.xn-beglaubigte-bersetzung-3lc.de_.jpeg\",\"contentUrl\":\"https:\/\/leikin.ch\/wp-content\/uploads\/2024\/10\/Bildschirmfoto_4-10-2024_132616_www.xn-beglaubigte-bersetzung-3lc.de_.jpeg\"},{\"@type\":\"BreadcrumbList\",\"@id\":\"https:\/\/leikin.ch\/en\/target-languages\/translations-from-german-to-dutch\/#breadcrumb\",\"itemListElement\":[{\"@type\":\"ListItem\",\"position\":1,\"name\":\"Startseite\",\"item\":\"https:\/\/leikin.ch\/en\/home\/\"},{\"@type\":\"ListItem\",\"position\":2,\"name\":\"Legal matters\",\"item\":\"https:\/\/leikin.ch\/en\/target-languages\/\"},{\"@type\":\"ListItem\",\"position\":3,\"name\":\"Certified translations of divorce certificates\"}]},{\"@type\":\"WebSite\",\"@id\":\"https:\/\/leikin.ch\/#website\",\"url\":\"https:\/\/leikin.ch\/\",\"name\":\"\u00dcbersetzungsb\u00fcro Leikin\",\"description\":\"offizielle \u00dcbersetzungen von Dokumenten, Urkunden und Texten\",\"potentialAction\":[{\"@type\":\"SearchAction\",\"target\":{\"@type\":\"EntryPoint\",\"urlTemplate\":\"https:\/\/leikin.ch\/?s={search_term_string}\"},\"query-input\":{\"@type\":\"PropertyValueSpecification\",\"valueRequired\":true,\"valueName\":\"search_term_string\"}}],\"inLanguage\":\"en-US\"}]}<\/script>\n<!-- \/ Yoast SEO plugin. -->","yoast_head_json":{"title":"Certified translations of divorce certificates - \u00dcbersetzungsb\u00fcro Leikin","description":"The Leikin Translation Center delivers high quality translations from or into Dutch. Also notarized translations.","robots":{"index":"index","follow":"follow","max-snippet":"max-snippet:-1","max-image-preview":"max-image-preview:large","max-video-preview":"max-video-preview:-1"},"canonical":"https:\/\/leikin.ch\/en\/target-languages\/translations-from-german-to-dutch\/","og_locale":"en_US","og_type":"article","og_title":"Certified translations of divorce certificates - \u00dcbersetzungsb\u00fcro Leikin","og_description":"The Leikin Translation Center delivers high quality translations from or into Dutch. Also notarized translations.","og_url":"https:\/\/leikin.ch\/en\/target-languages\/translations-from-german-to-dutch\/","og_site_name":"\u00dcbersetzungsb\u00fcro Leikin","article_publisher":"https:\/\/www.facebook.com\/uebersetzungscenter\/","article_modified_time":"2024-12-12T16:16:26+00:00","og_image":[{"width":126,"height":114,"url":"https:\/\/leikin.ch\/wp-content\/uploads\/2024\/10\/Bildschirmfoto_4-10-2024_132616_www.xn-beglaubigte-bersetzung-3lc.de_.jpeg","type":"image\/jpeg"}],"twitter_card":"summary_large_image","twitter_site":"@Leikin21","twitter_misc":{"Est. reading time":"2 minutes"},"schema":{"@context":"https:\/\/schema.org","@graph":[{"@type":"WebPage","@id":"https:\/\/leikin.ch\/en\/target-languages\/translations-from-german-to-dutch\/","url":"https:\/\/leikin.ch\/en\/target-languages\/translations-from-german-to-dutch\/","name":"Certified translations of divorce certificates - \u00dcbersetzungsb\u00fcro Leikin","isPartOf":{"@id":"https:\/\/leikin.ch\/#website"},"primaryImageOfPage":{"@id":"https:\/\/leikin.ch\/en\/target-languages\/translations-from-german-to-dutch\/#primaryimage"},"image":{"@id":"https:\/\/leikin.ch\/en\/target-languages\/translations-from-german-to-dutch\/#primaryimage"},"thumbnailUrl":"https:\/\/leikin.ch\/wp-content\/uploads\/2024\/10\/Bildschirmfoto_4-10-2024_132616_www.xn-beglaubigte-bersetzung-3lc.de_.jpeg","datePublished":"2020-10-05T08:58:53+00:00","dateModified":"2024-12-12T16:16:26+00:00","description":"The Leikin Translation Center delivers high quality translations from or into Dutch. Also notarized translations.","breadcrumb":{"@id":"https:\/\/leikin.ch\/en\/target-languages\/translations-from-german-to-dutch\/#breadcrumb"},"inLanguage":"en-US","potentialAction":[{"@type":"ReadAction","target":["https:\/\/leikin.ch\/en\/target-languages\/translations-from-german-to-dutch\/"]}]},{"@type":"ImageObject","inLanguage":"en-US","@id":"https:\/\/leikin.ch\/en\/target-languages\/translations-from-german-to-dutch\/#primaryimage","url":"https:\/\/leikin.ch\/wp-content\/uploads\/2024\/10\/Bildschirmfoto_4-10-2024_132616_www.xn-beglaubigte-bersetzung-3lc.de_.jpeg","contentUrl":"https:\/\/leikin.ch\/wp-content\/uploads\/2024\/10\/Bildschirmfoto_4-10-2024_132616_www.xn-beglaubigte-bersetzung-3lc.de_.jpeg"},{"@type":"BreadcrumbList","@id":"https:\/\/leikin.ch\/en\/target-languages\/translations-from-german-to-dutch\/#breadcrumb","itemListElement":[{"@type":"ListItem","position":1,"name":"Startseite","item":"https:\/\/leikin.ch\/en\/home\/"},{"@type":"ListItem","position":2,"name":"Legal matters","item":"https:\/\/leikin.ch\/en\/target-languages\/"},{"@type":"ListItem","position":3,"name":"Certified translations of divorce certificates"}]},{"@type":"WebSite","@id":"https:\/\/leikin.ch\/#website","url":"https:\/\/leikin.ch\/","name":"\u00dcbersetzungsb\u00fcro Leikin","description":"offizielle \u00dcbersetzungen von Dokumenten, Urkunden und Texten","potentialAction":[{"@type":"SearchAction","target":{"@type":"EntryPoint","urlTemplate":"https:\/\/leikin.ch\/?s={search_term_string}"},"query-input":{"@type":"PropertyValueSpecification","valueRequired":true,"valueName":"search_term_string"}}],"inLanguage":"en-US"}]}},"_links":{"self":[{"href":"https:\/\/leikin.ch\/en\/wp-json\/wp\/v2\/pages\/6929","targetHints":{"allow":["GET"]}}],"collection":[{"href":"https:\/\/leikin.ch\/en\/wp-json\/wp\/v2\/pages"}],"about":[{"href":"https:\/\/leikin.ch\/en\/wp-json\/wp\/v2\/types\/page"}],"author":[{"embeddable":true,"href":"https:\/\/leikin.ch\/en\/wp-json\/wp\/v2\/users\/1"}],"replies":[{"embeddable":true,"href":"https:\/\/leikin.ch\/en\/wp-json\/wp\/v2\/comments?post=6929"}],"version-history":[{"count":21,"href":"https:\/\/leikin.ch\/en\/wp-json\/wp\/v2\/pages\/6929\/revisions"}],"predecessor-version":[{"id":10996,"href":"https:\/\/leikin.ch\/en\/wp-json\/wp\/v2\/pages\/6929\/revisions\/10996"}],"up":[{"embeddable":true,"href":"https:\/\/leikin.ch\/en\/wp-json\/wp\/v2\/pages\/25"}],"wp:attachment":[{"href":"https:\/\/leikin.ch\/en\/wp-json\/wp\/v2\/media?parent=6929"}],"curies":[{"name":"wp","href":"https:\/\/api.w.org\/{rel}","templated":true}]}}