{"id":6886,"date":"2020-09-30T16:31:55","date_gmt":"2020-09-30T14:31:55","guid":{"rendered":"https:\/\/leikin.ch\/target-languages\/german-chinese-translations\/"},"modified":"2024-12-12T17:18:37","modified_gmt":"2024-12-12T16:18:37","slug":"german-chinese-translations","status":"publish","type":"page","link":"https:\/\/leikin.ch\/en\/target-languages\/german-chinese-translations\/","title":{"rendered":"Certified translations of judgments and decisions"},"content":{"rendered":"<p>[et_pb_section fb_built=&#8221;1&#8243; specialty=&#8221;on&#8221; _builder_version=&#8221;4.16&#8243; _module_preset=&#8221;default&#8221; global_colors_info=&#8221;{}&#8221;][et_pb_column type=&#8221;2_3&#8243; specialty_columns=&#8221;2&#8243; _builder_version=&#8221;4.16&#8243; custom_padding=&#8221;|||&#8221; global_colors_info=&#8221;{}&#8221; custom_padding__hover=&#8221;|||&#8221;][et_pb_row_inner column_structure=&#8221;1_2,1_2&#8243; _builder_version=&#8221;4.16&#8243; _module_preset=&#8221;default&#8221; global_colors_info=&#8221;{}&#8221;][et_pb_column_inner type=&#8221;1_2&#8243; saved_specialty_column_type=&#8221;2_3&#8243; _builder_version=&#8221;4.16&#8243; _module_preset=&#8221;default&#8221; global_colors_info=&#8221;{}&#8221;][et_pb_image src=&#8221;https:\/\/leikin.ch\/wp-content\/uploads\/2024\/12\/Juristische-2.png&#8221; title_text=&#8221;Legal 2&#8243; _builder_version=&#8221;4.27.2&#8243; _module_preset=&#8221;default&#8221; global_colors_info=&#8221;{}&#8221;][\/et_pb_image][et_pb_image src=&#8221;https:\/\/leikin.ch\/wp-content\/uploads\/2024\/12\/notariel-beglaubigte-uebersetzungen.jpg&#8221; title_text=&#8221;notarized translations&#8221; _builder_version=&#8221;4.27.2&#8243; _module_preset=&#8221;default&#8221; global_colors_info=&#8221;{}&#8221;][\/et_pb_image][\/et_pb_column_inner][et_pb_column_inner type=&#8221;1_2&#8243; saved_specialty_column_type=&#8221;2_3&#8243; _builder_version=&#8221;4.16&#8243; _module_preset=&#8221;default&#8221; global_colors_info=&#8221;{}&#8221;][et_pb_text _builder_version=&#8221;4.27.2&#8243; _module_preset=&#8221;default&#8221; text_font=&#8221;Times New Roman|700|on||||||&#8221; text_text_color=&#8221;#000000&#8243; text_font_size=&#8221;20px&#8221; custom_margin=&#8221;||-95px||false|false&#8221; hover_enabled=&#8221;0&#8243; global_colors_info=&#8221;{}&#8221; sticky_enabled=&#8221;0&#8243;]<\/p>\n<h1><strong>Certified translations of judgments and decisions <\/strong><\/h1>\n<h4>We offer certified translations of court judgments and decisions. Fast, precise and reliable \u2013 for your legal matters in Switzerland. Quality guaranteed. The translations are carried out by a native speaker in our translation office and are proofread by another translator in our quality center. You will receive the translation by post.<\/h4>\n<h4><a href=\"https:\/\/leikin.ch\/wp-content\/uploads\/2024\/10\/Bildschirmfoto_4-10-2024_132616_www.xn-beglaubigte-bersetzung-3lc.de_.jpeg\"><img loading=\"lazy\" decoding=\"async\" class=\"wp-image-9933 alignnone \" src=\"https:\/\/leikin.ch\/wp-content\/uploads\/2024\/10\/Bildschirmfoto_4-10-2024_132616_www.xn-beglaubigte-bersetzung-3lc.de_.jpeg\" alt=\"\" width=\"77\" height=\"70\" \/><\/a><\/h4>\n<h4>Contact us now! <a href=\"mailto:info@ueberstellungscenter.ch\">info@ueberstellungscenter.ch<\/a><\/h4>\n<p>&nbsp;<\/p>\n<p>&nbsp;<\/p>\n<p>&nbsp;<\/p>\n<p>[\/et_pb_text][et_pb_text _builder_version=&#8221;4.27.2&#8243; _module_preset=&#8221;default&#8221; text_font=&#8221;Times New Roman||on||||||&#8221; text_text_color=&#8221;#000000&#8243; text_font_size=&#8221;20px&#8221; custom_margin=&#8221;-20px||||false|false&#8221; hover_enabled=&#8221;0&#8243; global_colors_info=&#8221;{}&#8221; sticky_enabled=&#8221;0&#8243;]<\/p>\n<h4><strong><em><span lang=\"DE\">Data protection declaration:<\/span><\/em><\/strong><\/h4>\n<p><em>Your texts, documents and translations are treated with the utmost confidentiality at the Leikin Translation Center.<\/em><\/p>\n<p><em>Contact us directly using the contact form or send us an email to <a class=\"mail-link\" data-enc-email=\"vasb[at]hrorefrgmhatfpragre.pu\" data-wpel-link=\"ignore\"><span id=\"wpmt-553945-675135\">info@uebersetzungscenter.ch<\/span><\/a><\/em><\/p>\n<p>[\/et_pb_text][\/et_pb_column_inner][\/et_pb_row_inner][\/et_pb_column][et_pb_column type=&#8221;1_3&#8243; _builder_version=&#8221;4.16&#8243; custom_padding=&#8221;|||&#8221; global_colors_info=&#8221;{}&#8221; custom_padding__hover=&#8221;|||&#8221;][et_pb_sidebar _builder_version=&#8221;4.6.5&#8243; _module_preset=&#8221;default&#8221; global_colors_info=&#8221;{}&#8221;][\/et_pb_sidebar][\/et_pb_column][\/et_pb_section]<\/p>\n","protected":false},"excerpt":{"rendered":"<p>Certified translations of judgments and decisions We offer certified translations of court judgments and decisions. Fast, precise and reliable \u2013 for your legal matters in Switzerland. Quality guaranteed. The translations are carried out by a native speaker in our translation office and are proofread by another translator in our quality center. You will receive the [&hellip;]<\/p>\n","protected":false},"author":1,"featured_media":0,"parent":25,"menu_order":0,"comment_status":"closed","ping_status":"closed","template":"","meta":{"_et_pb_use_builder":"on","_et_pb_old_content":"","_et_gb_content_width":"","footnotes":""},"class_list":["post-6886","page","type-page","status-publish","hentry"],"yoast_head":"<!-- This site is optimized with the Yoast SEO plugin v26.8 - https:\/\/yoast.com\/product\/yoast-seo-wordpress\/ -->\n<title>Certified translations of judgments and decisions - \u00dcbersetzungsb\u00fcro Leikin<\/title>\n<meta name=\"description\" content=\"We offer certified translations of court judgments. Fast and reliable \u2013 for your legal matters\" \/>\n<meta name=\"robots\" content=\"index, follow, max-snippet:-1, max-image-preview:large, max-video-preview:-1\" \/>\n<link rel=\"canonical\" href=\"https:\/\/leikin.ch\/en\/target-languages\/german-chinese-translations\/\" \/>\n<meta property=\"og:locale\" content=\"en_US\" \/>\n<meta property=\"og:type\" content=\"article\" \/>\n<meta property=\"og:title\" content=\"Certified translations of judgments and decisions - \u00dcbersetzungsb\u00fcro Leikin\" \/>\n<meta property=\"og:description\" content=\"We offer certified translations of court judgments. Fast and reliable \u2013 for your legal matters\" \/>\n<meta property=\"og:url\" content=\"https:\/\/leikin.ch\/en\/target-languages\/german-chinese-translations\/\" \/>\n<meta property=\"og:site_name\" content=\"\u00dcbersetzungsb\u00fcro Leikin\" \/>\n<meta property=\"article:publisher\" content=\"https:\/\/www.facebook.com\/uebersetzungscenter\/\" \/>\n<meta property=\"article:modified_time\" content=\"2024-12-12T16:18:37+00:00\" \/>\n<meta property=\"og:image\" content=\"https:\/\/leikin.ch\/wp-content\/uploads\/2024\/10\/Bildschirmfoto_4-10-2024_132616_www.xn-beglaubigte-bersetzung-3lc.de_.jpeg\" \/>\n\t<meta property=\"og:image:width\" content=\"126\" \/>\n\t<meta property=\"og:image:height\" content=\"114\" \/>\n\t<meta property=\"og:image:type\" content=\"image\/jpeg\" \/>\n<meta name=\"twitter:card\" content=\"summary_large_image\" \/>\n<meta name=\"twitter:site\" content=\"@Leikin21\" \/>\n<meta name=\"twitter:label1\" content=\"Est. reading time\" \/>\n\t<meta name=\"twitter:data1\" content=\"2 minutes\" \/>\n<script type=\"application\/ld+json\" class=\"yoast-schema-graph\">{\"@context\":\"https:\/\/schema.org\",\"@graph\":[{\"@type\":\"WebPage\",\"@id\":\"https:\/\/leikin.ch\/en\/target-languages\/german-chinese-translations\/\",\"url\":\"https:\/\/leikin.ch\/en\/target-languages\/german-chinese-translations\/\",\"name\":\"Certified translations of judgments and decisions - \u00dcbersetzungsb\u00fcro Leikin\",\"isPartOf\":{\"@id\":\"https:\/\/leikin.ch\/#website\"},\"primaryImageOfPage\":{\"@id\":\"https:\/\/leikin.ch\/en\/target-languages\/german-chinese-translations\/#primaryimage\"},\"image\":{\"@id\":\"https:\/\/leikin.ch\/en\/target-languages\/german-chinese-translations\/#primaryimage\"},\"thumbnailUrl\":\"https:\/\/leikin.ch\/wp-content\/uploads\/2024\/10\/Bildschirmfoto_4-10-2024_132616_www.xn-beglaubigte-bersetzung-3lc.de_.jpeg\",\"datePublished\":\"2020-09-30T14:31:55+00:00\",\"dateModified\":\"2024-12-12T16:18:37+00:00\",\"description\":\"We offer certified translations of court judgments. Fast and reliable \u2013 for your legal matters\",\"breadcrumb\":{\"@id\":\"https:\/\/leikin.ch\/en\/target-languages\/german-chinese-translations\/#breadcrumb\"},\"inLanguage\":\"en-US\",\"potentialAction\":[{\"@type\":\"ReadAction\",\"target\":[\"https:\/\/leikin.ch\/en\/target-languages\/german-chinese-translations\/\"]}]},{\"@type\":\"ImageObject\",\"inLanguage\":\"en-US\",\"@id\":\"https:\/\/leikin.ch\/en\/target-languages\/german-chinese-translations\/#primaryimage\",\"url\":\"https:\/\/leikin.ch\/wp-content\/uploads\/2024\/10\/Bildschirmfoto_4-10-2024_132616_www.xn-beglaubigte-bersetzung-3lc.de_.jpeg\",\"contentUrl\":\"https:\/\/leikin.ch\/wp-content\/uploads\/2024\/10\/Bildschirmfoto_4-10-2024_132616_www.xn-beglaubigte-bersetzung-3lc.de_.jpeg\"},{\"@type\":\"BreadcrumbList\",\"@id\":\"https:\/\/leikin.ch\/en\/target-languages\/german-chinese-translations\/#breadcrumb\",\"itemListElement\":[{\"@type\":\"ListItem\",\"position\":1,\"name\":\"Startseite\",\"item\":\"https:\/\/leikin.ch\/en\/home\/\"},{\"@type\":\"ListItem\",\"position\":2,\"name\":\"Legal matters\",\"item\":\"https:\/\/leikin.ch\/en\/target-languages\/\"},{\"@type\":\"ListItem\",\"position\":3,\"name\":\"Certified translations of judgments and decisions\"}]},{\"@type\":\"WebSite\",\"@id\":\"https:\/\/leikin.ch\/#website\",\"url\":\"https:\/\/leikin.ch\/\",\"name\":\"\u00dcbersetzungsb\u00fcro Leikin\",\"description\":\"offizielle \u00dcbersetzungen von Dokumenten, Urkunden und Texten\",\"potentialAction\":[{\"@type\":\"SearchAction\",\"target\":{\"@type\":\"EntryPoint\",\"urlTemplate\":\"https:\/\/leikin.ch\/?s={search_term_string}\"},\"query-input\":{\"@type\":\"PropertyValueSpecification\",\"valueRequired\":true,\"valueName\":\"search_term_string\"}}],\"inLanguage\":\"en-US\"}]}<\/script>\n<!-- \/ Yoast SEO plugin. -->","yoast_head_json":{"title":"Certified translations of judgments and decisions - \u00dcbersetzungsb\u00fcro Leikin","description":"We offer certified translations of court judgments. Fast and reliable \u2013 for your legal matters","robots":{"index":"index","follow":"follow","max-snippet":"max-snippet:-1","max-image-preview":"max-image-preview:large","max-video-preview":"max-video-preview:-1"},"canonical":"https:\/\/leikin.ch\/en\/target-languages\/german-chinese-translations\/","og_locale":"en_US","og_type":"article","og_title":"Certified translations of judgments and decisions - \u00dcbersetzungsb\u00fcro Leikin","og_description":"We offer certified translations of court judgments. Fast and reliable \u2013 for your legal matters","og_url":"https:\/\/leikin.ch\/en\/target-languages\/german-chinese-translations\/","og_site_name":"\u00dcbersetzungsb\u00fcro Leikin","article_publisher":"https:\/\/www.facebook.com\/uebersetzungscenter\/","article_modified_time":"2024-12-12T16:18:37+00:00","og_image":[{"width":126,"height":114,"url":"https:\/\/leikin.ch\/wp-content\/uploads\/2024\/10\/Bildschirmfoto_4-10-2024_132616_www.xn-beglaubigte-bersetzung-3lc.de_.jpeg","type":"image\/jpeg"}],"twitter_card":"summary_large_image","twitter_site":"@Leikin21","twitter_misc":{"Est. reading time":"2 minutes"},"schema":{"@context":"https:\/\/schema.org","@graph":[{"@type":"WebPage","@id":"https:\/\/leikin.ch\/en\/target-languages\/german-chinese-translations\/","url":"https:\/\/leikin.ch\/en\/target-languages\/german-chinese-translations\/","name":"Certified translations of judgments and decisions - \u00dcbersetzungsb\u00fcro Leikin","isPartOf":{"@id":"https:\/\/leikin.ch\/#website"},"primaryImageOfPage":{"@id":"https:\/\/leikin.ch\/en\/target-languages\/german-chinese-translations\/#primaryimage"},"image":{"@id":"https:\/\/leikin.ch\/en\/target-languages\/german-chinese-translations\/#primaryimage"},"thumbnailUrl":"https:\/\/leikin.ch\/wp-content\/uploads\/2024\/10\/Bildschirmfoto_4-10-2024_132616_www.xn-beglaubigte-bersetzung-3lc.de_.jpeg","datePublished":"2020-09-30T14:31:55+00:00","dateModified":"2024-12-12T16:18:37+00:00","description":"We offer certified translations of court judgments. Fast and reliable \u2013 for your legal matters","breadcrumb":{"@id":"https:\/\/leikin.ch\/en\/target-languages\/german-chinese-translations\/#breadcrumb"},"inLanguage":"en-US","potentialAction":[{"@type":"ReadAction","target":["https:\/\/leikin.ch\/en\/target-languages\/german-chinese-translations\/"]}]},{"@type":"ImageObject","inLanguage":"en-US","@id":"https:\/\/leikin.ch\/en\/target-languages\/german-chinese-translations\/#primaryimage","url":"https:\/\/leikin.ch\/wp-content\/uploads\/2024\/10\/Bildschirmfoto_4-10-2024_132616_www.xn-beglaubigte-bersetzung-3lc.de_.jpeg","contentUrl":"https:\/\/leikin.ch\/wp-content\/uploads\/2024\/10\/Bildschirmfoto_4-10-2024_132616_www.xn-beglaubigte-bersetzung-3lc.de_.jpeg"},{"@type":"BreadcrumbList","@id":"https:\/\/leikin.ch\/en\/target-languages\/german-chinese-translations\/#breadcrumb","itemListElement":[{"@type":"ListItem","position":1,"name":"Startseite","item":"https:\/\/leikin.ch\/en\/home\/"},{"@type":"ListItem","position":2,"name":"Legal matters","item":"https:\/\/leikin.ch\/en\/target-languages\/"},{"@type":"ListItem","position":3,"name":"Certified translations of judgments and decisions"}]},{"@type":"WebSite","@id":"https:\/\/leikin.ch\/#website","url":"https:\/\/leikin.ch\/","name":"\u00dcbersetzungsb\u00fcro Leikin","description":"offizielle \u00dcbersetzungen von Dokumenten, Urkunden und Texten","potentialAction":[{"@type":"SearchAction","target":{"@type":"EntryPoint","urlTemplate":"https:\/\/leikin.ch\/?s={search_term_string}"},"query-input":{"@type":"PropertyValueSpecification","valueRequired":true,"valueName":"search_term_string"}}],"inLanguage":"en-US"}]}},"_links":{"self":[{"href":"https:\/\/leikin.ch\/en\/wp-json\/wp\/v2\/pages\/6886","targetHints":{"allow":["GET"]}}],"collection":[{"href":"https:\/\/leikin.ch\/en\/wp-json\/wp\/v2\/pages"}],"about":[{"href":"https:\/\/leikin.ch\/en\/wp-json\/wp\/v2\/types\/page"}],"author":[{"embeddable":true,"href":"https:\/\/leikin.ch\/en\/wp-json\/wp\/v2\/users\/1"}],"replies":[{"embeddable":true,"href":"https:\/\/leikin.ch\/en\/wp-json\/wp\/v2\/comments?post=6886"}],"version-history":[{"count":31,"href":"https:\/\/leikin.ch\/en\/wp-json\/wp\/v2\/pages\/6886\/revisions"}],"predecessor-version":[{"id":10998,"href":"https:\/\/leikin.ch\/en\/wp-json\/wp\/v2\/pages\/6886\/revisions\/10998"}],"up":[{"embeddable":true,"href":"https:\/\/leikin.ch\/en\/wp-json\/wp\/v2\/pages\/25"}],"wp:attachment":[{"href":"https:\/\/leikin.ch\/en\/wp-json\/wp\/v2\/media?parent=6886"}],"curies":[{"name":"wp","href":"https:\/\/api.w.org\/{rel}","templated":true}]}}