{"id":6820,"date":"2020-09-24T12:49:45","date_gmt":"2020-09-24T10:49:45","guid":{"rendered":"https:\/\/leikin.ch\/target-languages\/translations-german-russian\/"},"modified":"2026-01-13T18:08:57","modified_gmt":"2026-01-13T17:08:57","slug":"translations-german-russian","status":"publish","type":"page","link":"https:\/\/leikin.ch\/en\/target-languages\/translations-german-russian\/","title":{"rendered":"Certified translations of court judgments"},"content":{"rendered":"<p>[et_pb_section fb_built=&#8221;1&#8243; specialty=&#8221;on&#8221; _builder_version=&#8221;4.16&#8243; _module_preset=&#8221;default&#8221; global_colors_info=&#8221;{}&#8221;][et_pb_column type=&#8221;2_3&#8243; specialty_columns=&#8221;2&#8243; _builder_version=&#8221;4.16&#8243; custom_padding=&#8221;|||&#8221; global_colors_info=&#8221;{}&#8221; custom_padding__hover=&#8221;|||&#8221;][et_pb_row_inner column_structure=&#8221;1_2,1_2&#8243; _builder_version=&#8221;4.16&#8243; _module_preset=&#8221;default&#8221; global_colors_info=&#8221;{}&#8221;][et_pb_column_inner type=&#8221;1_2&#8243; saved_specialty_column_type=&#8221;2_3&#8243; _builder_version=&#8221;4.16&#8243; _module_preset=&#8221;default&#8221; global_colors_info=&#8221;{}&#8221;][et_pb_image src=&#8221;https:\/\/leikin.ch\/wp-content\/uploads\/2024\/12\/Juristische-2.png&#8221; title_text=&#8221;Legal 2&#8243; _builder_version=&#8221;4.27.2&#8243; _module_preset=&#8221;default&#8221; global_colors_info=&#8221;{}&#8221;][\/et_pb_image][et_pb_image src=&#8221;https:\/\/leikin.ch\/wp-content\/uploads\/2020\/07\/notariel-beglaubigte-\u00fcbersetzungen.jpg&#8221; title_text=&#8221;notarized translations&#8221; _builder_version=&#8221;4.27.2&#8243; _module_preset=&#8221;default&#8221; global_colors_info=&#8221;{}&#8221;][\/et_pb_image][\/et_pb_column_inner][et_pb_column_inner type=&#8221;1_2&#8243; saved_specialty_column_type=&#8221;2_3&#8243; _builder_version=&#8221;4.16&#8243; _module_preset=&#8221;default&#8221; global_colors_info=&#8221;{}&#8221;][et_pb_text _builder_version=&#8221;4.27.2&#8243; _module_preset=&#8221;default&#8221; text_font=&#8221;Times New Roman|700|on||||||&#8221; text_text_color=&#8221;#000000&#8243; text_font_size=&#8221;25px&#8221; global_colors_info=&#8221;{}&#8221;]<\/p>\n<h2><strong>Certified Translations of Court Judgments<\/strong><\/h2>\n<p><\/p>\n<p>Precise, reliable, and fast \u2013 our translation agency in Switzerland offers certified translations of court judgments. Trust our expertise for legally sound translations. Contact us today and secure a professional translation! <strong>info@uebersetzungscenter.ch<\/strong><br \/>You will receive your translation by mail.<\/p>\n<p>[\/et_pb_text][et_pb_text _builder_version=&#8221;4.27.2&#8243; _module_preset=&#8221;default&#8221; text_font=&#8221;Times New Roman||on||||||&#8221; text_text_color=&#8221;#000000&#8243; text_font_size=&#8221;20px&#8221; global_colors_info=&#8221;{}&#8221;]<\/p>\n<h3><strong><em><span lang=\"DE\">Datenschutzerkl\u00e4rung<\/span><\/em><\/strong><\/h3>\n<p><\/p>\n<p><em>Ihre Urkunden und \u00dcbersetzungen werden beim \u00dcbersetzungscenter Leikin streng vertraulich behandelt.<\/em><\/p>\n<p><\/p>\n<p><a href=\"https:\/\/leikin.ch\/wp-content\/uploads\/2024\/12\/Stempel-Bild1-e1733842615475.png\"><img loading=\"lazy\" decoding=\"async\" class=\"wp-image-10843 alignnone \" src=\"https:\/\/leikin.ch\/wp-content\/uploads\/2024\/12\/Stempel-Bild1-257x300.png\" alt=\"\" width=\"88\" height=\"103\" \/><\/a><\/p>\n<p><\/p>\n<p><em>Treten Sie \u00fcber das Kontaktformular direkt mit uns in Kontakt oder senden Sie uns eine E-Mail an <a class=\"mail-link\" data-enc-email=\"vasb[at]hrorefrgmhatfpragre.pu\" data-wpel-link=\"ignore\"><span id=\"wpmt-965149-767386\">info@uebersetzungscenter.ch<\/span><\/a><\/em><\/p>\n<p>[\/et_pb_text][\/et_pb_column_inner][\/et_pb_row_inner][\/et_pb_column][et_pb_column type=&#8221;1_3&#8243; _builder_version=&#8221;4.16&#8243; custom_padding=&#8221;|||&#8221; global_colors_info=&#8221;{}&#8221; custom_padding__hover=&#8221;|||&#8221;]<\/p>\n<p>[et_pb_sidebar _builder_version=&#8221;4.6.3&#8243; _module_preset=&#8221;default&#8221; global_colors_info=&#8221;{}&#8221;][\/et_pb_sidebar]<\/p>\n<p>[\/et_pb_column][\/et_pb_section]<\/p>\n","protected":false},"excerpt":{"rendered":"<p>Certified Translations of Court JudgmentsPrecise, reliable, and fast \u2013 our translation agency in Switzerland offers certified translations of court judgments. Trust our expertise for legally sound translations. Contact us today and secure a professional translation! info@uebersetzungscenter.chYou will receive your translation by mail.Datenschutzerkl\u00e4rungIhre Urkunden und \u00dcbersetzungen werden beim \u00dcbersetzungscenter Leikin streng vertraulich behandelt.Treten Sie \u00fcber das [&hellip;]<\/p>\n","protected":false},"author":1,"featured_media":0,"parent":25,"menu_order":0,"comment_status":"closed","ping_status":"closed","template":"","meta":{"_et_pb_use_builder":"on","_et_pb_old_content":"","_et_gb_content_width":"","footnotes":""},"class_list":["post-6820","page","type-page","status-publish","hentry"],"yoast_head":"<!-- This site is optimized with the Yoast SEO plugin v26.8 - https:\/\/yoast.com\/product\/yoast-seo-wordpress\/ -->\n<title>Certified translations of court judgments - \u00dcbersetzungsb\u00fcro Leikin<\/title>\n<meta name=\"description\" content=\"our translation agency in Switzerland offers certified translations of court judgments, precise, reliable and fast\" \/>\n<meta name=\"robots\" content=\"index, follow, max-snippet:-1, max-image-preview:large, max-video-preview:-1\" \/>\n<link rel=\"canonical\" href=\"https:\/\/leikin.ch\/en\/target-languages\/translations-german-russian\/\" \/>\n<meta property=\"og:locale\" content=\"en_US\" \/>\n<meta property=\"og:type\" content=\"article\" \/>\n<meta property=\"og:title\" content=\"Certified translations of court judgments - \u00dcbersetzungsb\u00fcro Leikin\" \/>\n<meta property=\"og:description\" content=\"our translation agency in Switzerland offers certified translations of court judgments, precise, reliable and fast\" \/>\n<meta property=\"og:url\" content=\"https:\/\/leikin.ch\/en\/target-languages\/translations-german-russian\/\" \/>\n<meta property=\"og:site_name\" content=\"\u00dcbersetzungsb\u00fcro Leikin\" \/>\n<meta property=\"article:publisher\" content=\"https:\/\/www.facebook.com\/uebersetzungscenter\/\" \/>\n<meta property=\"article:modified_time\" content=\"2026-01-13T17:08:57+00:00\" \/>\n<meta property=\"og:image\" content=\"https:\/\/leikin.ch\/wp-content\/uploads\/2024\/12\/Stempel-Bild1-e1733842615475.png\" \/>\n\t<meta property=\"og:image:width\" content=\"189\" \/>\n\t<meta property=\"og:image:height\" content=\"220\" \/>\n\t<meta property=\"og:image:type\" content=\"image\/png\" \/>\n<meta name=\"twitter:card\" content=\"summary_large_image\" \/>\n<meta name=\"twitter:site\" content=\"@Leikin21\" \/>\n<meta name=\"twitter:label1\" content=\"Est. reading time\" \/>\n\t<meta name=\"twitter:data1\" content=\"2 minutes\" \/>\n<script type=\"application\/ld+json\" class=\"yoast-schema-graph\">{\"@context\":\"https:\/\/schema.org\",\"@graph\":[{\"@type\":\"WebPage\",\"@id\":\"https:\/\/leikin.ch\/en\/target-languages\/translations-german-russian\/\",\"url\":\"https:\/\/leikin.ch\/en\/target-languages\/translations-german-russian\/\",\"name\":\"Certified translations of court judgments - \u00dcbersetzungsb\u00fcro Leikin\",\"isPartOf\":{\"@id\":\"https:\/\/leikin.ch\/#website\"},\"primaryImageOfPage\":{\"@id\":\"https:\/\/leikin.ch\/en\/target-languages\/translations-german-russian\/#primaryimage\"},\"image\":{\"@id\":\"https:\/\/leikin.ch\/en\/target-languages\/translations-german-russian\/#primaryimage\"},\"thumbnailUrl\":\"https:\/\/leikin.ch\/wp-content\/uploads\/2024\/12\/Stempel-Bild1-257x300.png\",\"datePublished\":\"2020-09-24T10:49:45+00:00\",\"dateModified\":\"2026-01-13T17:08:57+00:00\",\"description\":\"our translation agency in Switzerland offers certified translations of court judgments, precise, reliable and fast\",\"breadcrumb\":{\"@id\":\"https:\/\/leikin.ch\/en\/target-languages\/translations-german-russian\/#breadcrumb\"},\"inLanguage\":\"en-US\",\"potentialAction\":[{\"@type\":\"ReadAction\",\"target\":[\"https:\/\/leikin.ch\/en\/target-languages\/translations-german-russian\/\"]}]},{\"@type\":\"ImageObject\",\"inLanguage\":\"en-US\",\"@id\":\"https:\/\/leikin.ch\/en\/target-languages\/translations-german-russian\/#primaryimage\",\"url\":\"https:\/\/leikin.ch\/wp-content\/uploads\/2024\/12\/Stempel-Bild1-257x300.png\",\"contentUrl\":\"https:\/\/leikin.ch\/wp-content\/uploads\/2024\/12\/Stempel-Bild1-257x300.png\"},{\"@type\":\"BreadcrumbList\",\"@id\":\"https:\/\/leikin.ch\/en\/target-languages\/translations-german-russian\/#breadcrumb\",\"itemListElement\":[{\"@type\":\"ListItem\",\"position\":1,\"name\":\"Startseite\",\"item\":\"https:\/\/leikin.ch\/en\/home\/\"},{\"@type\":\"ListItem\",\"position\":2,\"name\":\"Legal matters\",\"item\":\"https:\/\/leikin.ch\/en\/target-languages\/\"},{\"@type\":\"ListItem\",\"position\":3,\"name\":\"Certified translations of court judgments\"}]},{\"@type\":\"WebSite\",\"@id\":\"https:\/\/leikin.ch\/#website\",\"url\":\"https:\/\/leikin.ch\/\",\"name\":\"\u00dcbersetzungsb\u00fcro Leikin\",\"description\":\"offizielle \u00dcbersetzungen von Dokumenten, Urkunden und Texten\",\"potentialAction\":[{\"@type\":\"SearchAction\",\"target\":{\"@type\":\"EntryPoint\",\"urlTemplate\":\"https:\/\/leikin.ch\/?s={search_term_string}\"},\"query-input\":{\"@type\":\"PropertyValueSpecification\",\"valueRequired\":true,\"valueName\":\"search_term_string\"}}],\"inLanguage\":\"en-US\"}]}<\/script>\n<!-- \/ Yoast SEO plugin. -->","yoast_head_json":{"title":"Certified translations of court judgments - \u00dcbersetzungsb\u00fcro Leikin","description":"our translation agency in Switzerland offers certified translations of court judgments, precise, reliable and fast","robots":{"index":"index","follow":"follow","max-snippet":"max-snippet:-1","max-image-preview":"max-image-preview:large","max-video-preview":"max-video-preview:-1"},"canonical":"https:\/\/leikin.ch\/en\/target-languages\/translations-german-russian\/","og_locale":"en_US","og_type":"article","og_title":"Certified translations of court judgments - \u00dcbersetzungsb\u00fcro Leikin","og_description":"our translation agency in Switzerland offers certified translations of court judgments, precise, reliable and fast","og_url":"https:\/\/leikin.ch\/en\/target-languages\/translations-german-russian\/","og_site_name":"\u00dcbersetzungsb\u00fcro Leikin","article_publisher":"https:\/\/www.facebook.com\/uebersetzungscenter\/","article_modified_time":"2026-01-13T17:08:57+00:00","og_image":[{"width":189,"height":220,"url":"https:\/\/leikin.ch\/wp-content\/uploads\/2024\/12\/Stempel-Bild1-e1733842615475.png","type":"image\/png"}],"twitter_card":"summary_large_image","twitter_site":"@Leikin21","twitter_misc":{"Est. reading time":"2 minutes"},"schema":{"@context":"https:\/\/schema.org","@graph":[{"@type":"WebPage","@id":"https:\/\/leikin.ch\/en\/target-languages\/translations-german-russian\/","url":"https:\/\/leikin.ch\/en\/target-languages\/translations-german-russian\/","name":"Certified translations of court judgments - \u00dcbersetzungsb\u00fcro Leikin","isPartOf":{"@id":"https:\/\/leikin.ch\/#website"},"primaryImageOfPage":{"@id":"https:\/\/leikin.ch\/en\/target-languages\/translations-german-russian\/#primaryimage"},"image":{"@id":"https:\/\/leikin.ch\/en\/target-languages\/translations-german-russian\/#primaryimage"},"thumbnailUrl":"https:\/\/leikin.ch\/wp-content\/uploads\/2024\/12\/Stempel-Bild1-257x300.png","datePublished":"2020-09-24T10:49:45+00:00","dateModified":"2026-01-13T17:08:57+00:00","description":"our translation agency in Switzerland offers certified translations of court judgments, precise, reliable and fast","breadcrumb":{"@id":"https:\/\/leikin.ch\/en\/target-languages\/translations-german-russian\/#breadcrumb"},"inLanguage":"en-US","potentialAction":[{"@type":"ReadAction","target":["https:\/\/leikin.ch\/en\/target-languages\/translations-german-russian\/"]}]},{"@type":"ImageObject","inLanguage":"en-US","@id":"https:\/\/leikin.ch\/en\/target-languages\/translations-german-russian\/#primaryimage","url":"https:\/\/leikin.ch\/wp-content\/uploads\/2024\/12\/Stempel-Bild1-257x300.png","contentUrl":"https:\/\/leikin.ch\/wp-content\/uploads\/2024\/12\/Stempel-Bild1-257x300.png"},{"@type":"BreadcrumbList","@id":"https:\/\/leikin.ch\/en\/target-languages\/translations-german-russian\/#breadcrumb","itemListElement":[{"@type":"ListItem","position":1,"name":"Startseite","item":"https:\/\/leikin.ch\/en\/home\/"},{"@type":"ListItem","position":2,"name":"Legal matters","item":"https:\/\/leikin.ch\/en\/target-languages\/"},{"@type":"ListItem","position":3,"name":"Certified translations of court judgments"}]},{"@type":"WebSite","@id":"https:\/\/leikin.ch\/#website","url":"https:\/\/leikin.ch\/","name":"\u00dcbersetzungsb\u00fcro Leikin","description":"offizielle \u00dcbersetzungen von Dokumenten, Urkunden und Texten","potentialAction":[{"@type":"SearchAction","target":{"@type":"EntryPoint","urlTemplate":"https:\/\/leikin.ch\/?s={search_term_string}"},"query-input":{"@type":"PropertyValueSpecification","valueRequired":true,"valueName":"search_term_string"}}],"inLanguage":"en-US"}]}},"_links":{"self":[{"href":"https:\/\/leikin.ch\/en\/wp-json\/wp\/v2\/pages\/6820","targetHints":{"allow":["GET"]}}],"collection":[{"href":"https:\/\/leikin.ch\/en\/wp-json\/wp\/v2\/pages"}],"about":[{"href":"https:\/\/leikin.ch\/en\/wp-json\/wp\/v2\/types\/page"}],"author":[{"embeddable":true,"href":"https:\/\/leikin.ch\/en\/wp-json\/wp\/v2\/users\/1"}],"replies":[{"embeddable":true,"href":"https:\/\/leikin.ch\/en\/wp-json\/wp\/v2\/comments?post=6820"}],"version-history":[{"count":30,"href":"https:\/\/leikin.ch\/en\/wp-json\/wp\/v2\/pages\/6820\/revisions"}],"predecessor-version":[{"id":11352,"href":"https:\/\/leikin.ch\/en\/wp-json\/wp\/v2\/pages\/6820\/revisions\/11352"}],"up":[{"embeddable":true,"href":"https:\/\/leikin.ch\/en\/wp-json\/wp\/v2\/pages\/25"}],"wp:attachment":[{"href":"https:\/\/leikin.ch\/en\/wp-json\/wp\/v2\/media?parent=6820"}],"curies":[{"name":"wp","href":"https:\/\/api.w.org\/{rel}","templated":true}]}}