{"id":6761,"date":"2020-09-18T16:32:39","date_gmt":"2020-09-18T14:32:39","guid":{"rendered":"https:\/\/leikin.ch\/target-languages\/translations-german-english\/"},"modified":"2026-01-13T18:33:59","modified_gmt":"2026-01-13T17:33:59","slug":"translations-german-english","status":"publish","type":"page","link":"https:\/\/leikin.ch\/en\/target-languages\/translations-german-english\/","title":{"rendered":"Certified translations of birth certificates"},"content":{"rendered":"<p>[et_pb_section fb_built=&#8221;1&#8243; specialty=&#8221;on&#8221; _builder_version=&#8221;4.16&#8243; _module_preset=&#8221;default&#8221; global_colors_info=&#8221;{}&#8221;][et_pb_column type=&#8221;2_3&#8243; specialty_columns=&#8221;2&#8243; _builder_version=&#8221;4.16&#8243; custom_padding=&#8221;|||&#8221; global_colors_info=&#8221;{}&#8221; custom_padding__hover=&#8221;|||&#8221;][et_pb_row_inner column_structure=&#8221;1_2,1_2&#8243; _builder_version=&#8221;4.16&#8243; _module_preset=&#8221;default&#8221; global_colors_info=&#8221;{}&#8221;][et_pb_column_inner type=&#8221;1_2&#8243; saved_specialty_column_type=&#8221;2_3&#8243; _builder_version=&#8221;4.16&#8243; _module_preset=&#8221;default&#8221; global_colors_info=&#8221;{}&#8221;][et_pb_image src=&#8221;https:\/\/leikin.ch\/wp-content\/uploads\/2020\/07\/notariel-beglaubigte-\u00fcbersetzungen.jpg&#8221; title_text=&#8221;notarized translations&#8221; _builder_version=&#8221;4.27.0&#8243; _module_preset=&#8221;default&#8221; global_colors_info=&#8221;{}&#8221;][\/et_pb_image][et_pb_text _builder_version=&#8221;4.27.2&#8243; _module_preset=&#8221;default&#8221; text_font=&#8221;Times New Roman||on||||||&#8221; text_text_color=&#8221;#000000&#8243; text_font_size=&#8221;20px&#8221; global_colors_info=&#8221;{}&#8221;]<\/p>\n<p><strong>When translating<\/strong><br \/><strong>birth certificates, there are several important aspects that we take into account:<br \/><\/strong><br \/>1. Accuracy of the data:<br \/>2. Legal requirements<br \/>3. Formatting and layout<br \/>4. Technical terminology<br \/>5. Consistency<br \/>6. Confidentiality<br \/>7. Deadlines<\/p>\n<p><\/p>\n<p>&nbsp;<\/p>\n<p><\/p>\n<p>&nbsp;<\/p>\n<p>[\/et_pb_text][et_pb_image src=&#8221;https:\/\/leikin.ch\/wp-content\/uploads\/2024\/12\/Geburtsurkunde.png&#8221; title_text=&#8221;birth certificate&#8221; _builder_version=&#8221;4.27.2&#8243; _module_preset=&#8221;default&#8221; global_colors_info=&#8221;{}&#8221;][\/et_pb_image][\/et_pb_column_inner][et_pb_column_inner type=&#8221;1_2&#8243; saved_specialty_column_type=&#8221;2_3&#8243; _builder_version=&#8221;4.16&#8243; _module_preset=&#8221;default&#8221; global_colors_info=&#8221;{}&#8221;][et_pb_text _builder_version=&#8221;4.27.4&#8243; _module_preset=&#8221;default&#8221; text_font=&#8221;Times New Roman|700|||||||&#8221; text_text_color=&#8221;#000000&#8243; text_font_size=&#8221;25px&#8221; custom_margin=&#8221;||-60px||false|false&#8221; hover_enabled=&#8221;0&#8243; global_colors_info=&#8221;{}&#8221; sticky_enabled=&#8221;0&#8243;]<\/p>\n<h1><strong>Certified Translations<br \/>of Birth Certificates\u00a0 <\/strong><\/h1>\n<p><\/p>\n<p>&nbsp;<\/p>\n<p><\/p>\n<h4><a href=\"https:\/\/leikin.ch\/wp-content\/uploads\/2024\/12\/CH.Fahne_.png\" data-mce-fragment=\"1\"><img loading=\"lazy\" decoding=\"async\" class=\"wp-image-11018 alignnone \" src=\"https:\/\/leikin.ch\/wp-content\/uploads\/2024\/12\/CH.Fahne_.png\" alt=\"\" width=\"35\" height=\"31\" data-mce-fragment=\"1\" \/><\/a> Trust in our expertise! We offer certified translations of birth certificates. Fast, precise, and reliable \u2013 for your legal matters in Switzerland. Quality guaranteed. The translations are done by a native speaker in our translation agency and are proofread by another translator in our quality center <a href=\"mailto:info@uebersetzungscenter.ch\">info@uebersetzungscenter.ch<\/a><br \/>Tel. +41 56 427 27 15, contact us now!<br \/>You will receive the translation by mail<strong><br \/><a href=\"https:\/\/leikin.ch\/wp-content\/uploads\/2024\/10\/Bildschirmfoto_4-10-2024_132616_www.xn-beglaubigte-bersetzung-3lc.de_.jpeg\"><img loading=\"lazy\" decoding=\"async\" class=\"wp-image-9933 alignnone \" src=\"https:\/\/leikin.ch\/wp-content\/uploads\/2024\/10\/Bildschirmfoto_4-10-2024_132616_www.xn-beglaubigte-bersetzung-3lc.de_.jpeg\" alt=\"\" width=\"64\" height=\"58\" \/><\/a><\/strong><\/h4>\n<p><\/p>\n<p>&nbsp;<\/p>\n<p><\/p>\n<p>&nbsp;<\/p>\n<p>[\/et_pb_text][et_pb_text _builder_version=&#8221;4.27.2&#8243; _module_preset=&#8221;default&#8221; text_font=&#8221;Times New Roman||||||||&#8221; text_text_color=&#8221;#000000&#8243; text_font_size=&#8221;20px&#8221; custom_margin=&#8221;20px||||false|false&#8221; global_colors_info=&#8221;{}&#8221;]<\/p>\n<h3><strong><em><span lang=\"DE\">Privacy Policy<\/span><\/em><\/strong><\/h3>\n<p><\/p>\n<p><em>Your documents and translations are treated with strict confidentiality at the Leikin Translation Center.<\/em><\/p>\n<p><\/p>\n<p><a href=\"https:\/\/leikin.ch\/wp-content\/uploads\/2024\/12\/Stempel-Bild1-e1733842615475.png\"><img loading=\"lazy\" decoding=\"async\" class=\"wp-image-10843 alignnone \" src=\"https:\/\/leikin.ch\/wp-content\/uploads\/2024\/12\/Stempel-Bild1-257x300.png\" alt=\"\" width=\"88\" height=\"103\" \/><\/a><\/p>\n<p><\/p>\n<p><em>Contact us directly via the contact form or send us an email to <a class=\"mail-link\" data-enc-email=\"vasb[at]hrorefrgmhatfpragre.pu\" data-wpel-link=\"ignore\"><span id=\"wpmt-965149-767386\"><span id=\"wpmt-275794-749969\">info@ueberstellungscenter.ch<\/span><\/span><\/a><\/em><\/p>\n<p>[\/et_pb_text][\/et_pb_column_inner][\/et_pb_row_inner][\/et_pb_column][et_pb_column type=&#8221;1_3&#8243; _builder_version=&#8221;4.16&#8243; custom_padding=&#8221;|||&#8221; global_colors_info=&#8221;{}&#8221; custom_padding__hover=&#8221;|||&#8221;]<\/p>\n<p>[et_pb_sidebar _builder_version=&#8221;4.16&#8243; _module_preset=&#8221;default&#8221; global_colors_info=&#8221;{}&#8221;][\/et_pb_sidebar]<\/p>\n<p>[\/et_pb_column][\/et_pb_section]<\/p>\n","protected":false},"excerpt":{"rendered":"<p>When translatingbirth certificates, there are several important aspects that we take into account:1. Accuracy of the data:2. Legal requirements3. Formatting and layout4. Technical terminology5. Consistency6. Confidentiality7. Deadlines&nbsp;&nbsp;Certified Translationsof Birth Certificates\u00a0 &nbsp; Trust in our expertise! We offer certified translations of birth certificates. Fast, precise, and reliable \u2013 for your legal matters in Switzerland. Quality guaranteed. [&hellip;]<\/p>\n","protected":false},"author":1,"featured_media":0,"parent":25,"menu_order":0,"comment_status":"closed","ping_status":"closed","template":"","meta":{"_et_pb_use_builder":"on","_et_pb_old_content":"","_et_gb_content_width":"","footnotes":""},"class_list":["post-6761","page","type-page","status-publish","hentry"],"yoast_head":"<!-- This site is optimized with the Yoast SEO plugin v26.8 - https:\/\/yoast.com\/product\/yoast-seo-wordpress\/ -->\n<title>Certified translations of birth certificates - \u00dcbersetzungsb\u00fcro Leikin<\/title>\n<meta name=\"description\" content=\"We offer certified translations of birth certificates. Fast, precise and reliable \u2013 for your legal matters,\" \/>\n<meta name=\"robots\" content=\"index, follow, max-snippet:-1, max-image-preview:large, max-video-preview:-1\" \/>\n<link rel=\"canonical\" href=\"https:\/\/leikin.ch\/en\/target-languages\/translations-german-english\/\" \/>\n<meta property=\"og:locale\" content=\"en_US\" \/>\n<meta property=\"og:type\" content=\"article\" \/>\n<meta property=\"og:title\" content=\"Certified translations of birth certificates - \u00dcbersetzungsb\u00fcro Leikin\" \/>\n<meta property=\"og:description\" content=\"We offer certified translations of birth certificates. Fast, precise and reliable \u2013 for your legal matters,\" \/>\n<meta property=\"og:url\" content=\"https:\/\/leikin.ch\/en\/target-languages\/translations-german-english\/\" \/>\n<meta property=\"og:site_name\" content=\"\u00dcbersetzungsb\u00fcro Leikin\" \/>\n<meta property=\"article:publisher\" content=\"https:\/\/www.facebook.com\/uebersetzungscenter\/\" \/>\n<meta property=\"article:modified_time\" content=\"2026-01-13T17:33:59+00:00\" \/>\n<meta property=\"og:image\" content=\"https:\/\/leikin.ch\/wp-content\/uploads\/2024\/12\/CH.Fahne_.png\" \/>\n\t<meta property=\"og:image:width\" content=\"96\" \/>\n\t<meta property=\"og:image:height\" content=\"85\" \/>\n\t<meta property=\"og:image:type\" content=\"image\/png\" \/>\n<meta name=\"twitter:card\" content=\"summary_large_image\" \/>\n<meta name=\"twitter:site\" content=\"@Leikin21\" \/>\n<meta name=\"twitter:label1\" content=\"Est. reading time\" \/>\n\t<meta name=\"twitter:data1\" content=\"2 minutes\" \/>\n<script type=\"application\/ld+json\" class=\"yoast-schema-graph\">{\"@context\":\"https:\/\/schema.org\",\"@graph\":[{\"@type\":\"WebPage\",\"@id\":\"https:\/\/leikin.ch\/en\/target-languages\/translations-german-english\/\",\"url\":\"https:\/\/leikin.ch\/en\/target-languages\/translations-german-english\/\",\"name\":\"Certified translations of birth certificates - \u00dcbersetzungsb\u00fcro Leikin\",\"isPartOf\":{\"@id\":\"https:\/\/leikin.ch\/#website\"},\"primaryImageOfPage\":{\"@id\":\"https:\/\/leikin.ch\/en\/target-languages\/translations-german-english\/#primaryimage\"},\"image\":{\"@id\":\"https:\/\/leikin.ch\/en\/target-languages\/translations-german-english\/#primaryimage\"},\"thumbnailUrl\":\"https:\/\/leikin.ch\/wp-content\/uploads\/2024\/12\/CH.Fahne_.png\",\"datePublished\":\"2020-09-18T14:32:39+00:00\",\"dateModified\":\"2026-01-13T17:33:59+00:00\",\"description\":\"We offer certified translations of birth certificates. Fast, precise and reliable \u2013 for your legal matters,\",\"breadcrumb\":{\"@id\":\"https:\/\/leikin.ch\/en\/target-languages\/translations-german-english\/#breadcrumb\"},\"inLanguage\":\"en-US\",\"potentialAction\":[{\"@type\":\"ReadAction\",\"target\":[\"https:\/\/leikin.ch\/en\/target-languages\/translations-german-english\/\"]}]},{\"@type\":\"ImageObject\",\"inLanguage\":\"en-US\",\"@id\":\"https:\/\/leikin.ch\/en\/target-languages\/translations-german-english\/#primaryimage\",\"url\":\"https:\/\/leikin.ch\/wp-content\/uploads\/2024\/12\/CH.Fahne_.png\",\"contentUrl\":\"https:\/\/leikin.ch\/wp-content\/uploads\/2024\/12\/CH.Fahne_.png\"},{\"@type\":\"BreadcrumbList\",\"@id\":\"https:\/\/leikin.ch\/en\/target-languages\/translations-german-english\/#breadcrumb\",\"itemListElement\":[{\"@type\":\"ListItem\",\"position\":1,\"name\":\"Startseite\",\"item\":\"https:\/\/leikin.ch\/en\/home\/\"},{\"@type\":\"ListItem\",\"position\":2,\"name\":\"Legal matters\",\"item\":\"https:\/\/leikin.ch\/en\/target-languages\/\"},{\"@type\":\"ListItem\",\"position\":3,\"name\":\"Certified translations of birth certificates\"}]},{\"@type\":\"WebSite\",\"@id\":\"https:\/\/leikin.ch\/#website\",\"url\":\"https:\/\/leikin.ch\/\",\"name\":\"\u00dcbersetzungsb\u00fcro Leikin\",\"description\":\"offizielle \u00dcbersetzungen von Dokumenten, Urkunden und Texten\",\"potentialAction\":[{\"@type\":\"SearchAction\",\"target\":{\"@type\":\"EntryPoint\",\"urlTemplate\":\"https:\/\/leikin.ch\/?s={search_term_string}\"},\"query-input\":{\"@type\":\"PropertyValueSpecification\",\"valueRequired\":true,\"valueName\":\"search_term_string\"}}],\"inLanguage\":\"en-US\"}]}<\/script>\n<!-- \/ Yoast SEO plugin. -->","yoast_head_json":{"title":"Certified translations of birth certificates - \u00dcbersetzungsb\u00fcro Leikin","description":"We offer certified translations of birth certificates. Fast, precise and reliable \u2013 for your legal matters,","robots":{"index":"index","follow":"follow","max-snippet":"max-snippet:-1","max-image-preview":"max-image-preview:large","max-video-preview":"max-video-preview:-1"},"canonical":"https:\/\/leikin.ch\/en\/target-languages\/translations-german-english\/","og_locale":"en_US","og_type":"article","og_title":"Certified translations of birth certificates - \u00dcbersetzungsb\u00fcro Leikin","og_description":"We offer certified translations of birth certificates. Fast, precise and reliable \u2013 for your legal matters,","og_url":"https:\/\/leikin.ch\/en\/target-languages\/translations-german-english\/","og_site_name":"\u00dcbersetzungsb\u00fcro Leikin","article_publisher":"https:\/\/www.facebook.com\/uebersetzungscenter\/","article_modified_time":"2026-01-13T17:33:59+00:00","og_image":[{"width":96,"height":85,"url":"https:\/\/leikin.ch\/wp-content\/uploads\/2024\/12\/CH.Fahne_.png","type":"image\/png"}],"twitter_card":"summary_large_image","twitter_site":"@Leikin21","twitter_misc":{"Est. reading time":"2 minutes"},"schema":{"@context":"https:\/\/schema.org","@graph":[{"@type":"WebPage","@id":"https:\/\/leikin.ch\/en\/target-languages\/translations-german-english\/","url":"https:\/\/leikin.ch\/en\/target-languages\/translations-german-english\/","name":"Certified translations of birth certificates - \u00dcbersetzungsb\u00fcro Leikin","isPartOf":{"@id":"https:\/\/leikin.ch\/#website"},"primaryImageOfPage":{"@id":"https:\/\/leikin.ch\/en\/target-languages\/translations-german-english\/#primaryimage"},"image":{"@id":"https:\/\/leikin.ch\/en\/target-languages\/translations-german-english\/#primaryimage"},"thumbnailUrl":"https:\/\/leikin.ch\/wp-content\/uploads\/2024\/12\/CH.Fahne_.png","datePublished":"2020-09-18T14:32:39+00:00","dateModified":"2026-01-13T17:33:59+00:00","description":"We offer certified translations of birth certificates. Fast, precise and reliable \u2013 for your legal matters,","breadcrumb":{"@id":"https:\/\/leikin.ch\/en\/target-languages\/translations-german-english\/#breadcrumb"},"inLanguage":"en-US","potentialAction":[{"@type":"ReadAction","target":["https:\/\/leikin.ch\/en\/target-languages\/translations-german-english\/"]}]},{"@type":"ImageObject","inLanguage":"en-US","@id":"https:\/\/leikin.ch\/en\/target-languages\/translations-german-english\/#primaryimage","url":"https:\/\/leikin.ch\/wp-content\/uploads\/2024\/12\/CH.Fahne_.png","contentUrl":"https:\/\/leikin.ch\/wp-content\/uploads\/2024\/12\/CH.Fahne_.png"},{"@type":"BreadcrumbList","@id":"https:\/\/leikin.ch\/en\/target-languages\/translations-german-english\/#breadcrumb","itemListElement":[{"@type":"ListItem","position":1,"name":"Startseite","item":"https:\/\/leikin.ch\/en\/home\/"},{"@type":"ListItem","position":2,"name":"Legal matters","item":"https:\/\/leikin.ch\/en\/target-languages\/"},{"@type":"ListItem","position":3,"name":"Certified translations of birth certificates"}]},{"@type":"WebSite","@id":"https:\/\/leikin.ch\/#website","url":"https:\/\/leikin.ch\/","name":"\u00dcbersetzungsb\u00fcro Leikin","description":"offizielle \u00dcbersetzungen von Dokumenten, Urkunden und Texten","potentialAction":[{"@type":"SearchAction","target":{"@type":"EntryPoint","urlTemplate":"https:\/\/leikin.ch\/?s={search_term_string}"},"query-input":{"@type":"PropertyValueSpecification","valueRequired":true,"valueName":"search_term_string"}}],"inLanguage":"en-US"}]}},"_links":{"self":[{"href":"https:\/\/leikin.ch\/en\/wp-json\/wp\/v2\/pages\/6761","targetHints":{"allow":["GET"]}}],"collection":[{"href":"https:\/\/leikin.ch\/en\/wp-json\/wp\/v2\/pages"}],"about":[{"href":"https:\/\/leikin.ch\/en\/wp-json\/wp\/v2\/types\/page"}],"author":[{"embeddable":true,"href":"https:\/\/leikin.ch\/en\/wp-json\/wp\/v2\/users\/1"}],"replies":[{"embeddable":true,"href":"https:\/\/leikin.ch\/en\/wp-json\/wp\/v2\/comments?post=6761"}],"version-history":[{"count":36,"href":"https:\/\/leikin.ch\/en\/wp-json\/wp\/v2\/pages\/6761\/revisions"}],"predecessor-version":[{"id":11368,"href":"https:\/\/leikin.ch\/en\/wp-json\/wp\/v2\/pages\/6761\/revisions\/11368"}],"up":[{"embeddable":true,"href":"https:\/\/leikin.ch\/en\/wp-json\/wp\/v2\/pages\/25"}],"wp:attachment":[{"href":"https:\/\/leikin.ch\/en\/wp-json\/wp\/v2\/media?parent=6761"}],"curies":[{"name":"wp","href":"https:\/\/api.w.org\/{rel}","templated":true}]}}