{"id":450,"date":"2018-08-09T22:33:54","date_gmt":"2018-08-09T20:33:54","guid":{"rendered":"http:\/\/mein-projektstatus.de\/uebersetzungscenter\/?page_id=450"},"modified":"2025-03-26T16:29:12","modified_gmt":"2025-03-26T15:29:12","slug":"translation-of-documents-and-texts","status":"publish","type":"page","link":"https:\/\/leikin.ch\/en\/translations\/translation-of-documents-and-texts\/","title":{"rendered":"translations of diplomas"},"content":{"rendered":"<p>[et_pb_section fb_built=&#8221;1&#8243; _builder_version=&#8221;4.16&#8243; custom_padding=&#8221;||14px|||&#8221; global_colors_info=&#8221;{}&#8221;][et_pb_row _builder_version=&#8221;4.16&#8243; background_size=&#8221;initial&#8221; background_position=&#8221;top_left&#8221; background_repeat=&#8221;repeat&#8221; custom_padding=&#8221;||0px|||&#8221; global_colors_info=&#8221;{}&#8221;][et_pb_column type=&#8221;4_4&#8243; _builder_version=&#8221;4.16&#8243; custom_padding=&#8221;|||&#8221; global_colors_info=&#8221;{}&#8221; custom_padding__hover=&#8221;|||&#8221;][et_pb_slider module_class=&#8221;left-slider&#8221; _builder_version=&#8221;4.27.2&#8243; header_font=&#8221;Times New Roman||||||||&#8221; header_text_color=&#8221;#0C71C3&#8243; body_font=&#8221;Times New Roman|700|on||||||&#8221; body_text_color=&#8221;#000000&#8243; body_font_size=&#8221;25px&#8221; background_image=&#8221;https:\/\/leikin.ch\/wp-content\/uploads\/2018\/07\/slider1.jpg&#8221; global_colors_info=&#8221;{}&#8221; button_text_size__hover_enabled=&#8221;off&#8221; button_text_size__hover=&#8221;null&#8221; button_one_text_size__hover_enabled=&#8221;off&#8221; button_one_text_size__hover=&#8221;null&#8221; button_two_text_size__hover_enabled=&#8221;off&#8221; button_two_text_size__hover=&#8221;null&#8221; button_text_color__hover_enabled=&#8221;off&#8221; button_text_color__hover=&#8221;null&#8221; button_one_text_color__hover_enabled=&#8221;off&#8221; button_one_text_color__hover=&#8221;null&#8221; button_two_text_color__hover_enabled=&#8221;off&#8221; button_two_text_color__hover=&#8221;null&#8221; button_border_width__hover_enabled=&#8221;off&#8221; button_border_width__hover=&#8221;null&#8221; button_one_border_width__hover_enabled=&#8221;off&#8221; button_one_border_width__hover=&#8221;null&#8221; button_two_border_width__hover_enabled=&#8221;off&#8221; button_two_border_width__hover=&#8221;null&#8221; button_border_color__hover_enabled=&#8221;off&#8221; button_border_color__hover=&#8221;null&#8221; button_one_border_color__hover_enabled=&#8221;off&#8221; button_one_border_color__hover=&#8221;null&#8221; button_two_border_color__hover_enabled=&#8221;off&#8221; button_two_border_color__hover=&#8221;null&#8221; button_border_radius__hover_enabled=&#8221;off&#8221; button_border_radius__hover=&#8221;null&#8221; button_one_border_radius__hover_enabled=&#8221;off&#8221; button_one_border_radius__hover=&#8221;null&#8221; button_two_border_radius__hover_enabled=&#8221;off&#8221; button_two_border_radius__hover=&#8221;null&#8221; button_letter_spacing__hover_enabled=&#8221;off&#8221; button_letter_spacing__hover=&#8221;null&#8221; button_one_letter_spacing__hover_enabled=&#8221;off&#8221; button_one_letter_spacing__hover=&#8221;null&#8221; button_two_letter_spacing__hover_enabled=&#8221;off&#8221; button_two_letter_spacing__hover=&#8221;null&#8221; button_bg_color__hover_enabled=&#8221;off&#8221; button_bg_color__hover=&#8221;null&#8221; button_one_bg_color__hover_enabled=&#8221;off&#8221; button_one_bg_color__hover=&#8221;null&#8221; button_two_bg_color__hover_enabled=&#8221;off&#8221; button_two_bg_color__hover=&#8221;null&#8221;][et_pb_slide heading=&#8221;translations of diplomas&#8221; use_bg_overlay=&#8221;off&#8221; use_text_overlay=&#8221;off&#8221; _builder_version=&#8221;4.27.2&#8243; header_level=&#8221;h1&#8243; header_font=&#8221;|700|||||||&#8221; header_text_color=&#8221;#278bbc&#8221; header_font_size=&#8221;35&#8243; body_font=&#8221;Times New Roman|700|||||||&#8221; body_font_size=&#8221;20px&#8221; background_image=&#8221;https:\/\/leikin.ch\/wp-content\/uploads\/2018\/08\/Leikin-Uebersetzungen-von-Dokumenten-und-Texten.jpg&#8221; button_on_hover=&#8221;on&#8221; text_orientation=&#8221;left&#8221; background_layout=&#8221;light&#8221; custom_padding=&#8221;|50%||&#8221; custom_padding_tablet=&#8221;|50%||&#8221; custom_padding_phone=&#8221;|50%||&#8221; custom_padding_last_edited=&#8221;on|desktop&#8221; header_font_size_tablet=&#8221;35&#8243; header_font_size_phone=&#8221;23&#8243; header_font_size_last_edited=&#8221;on|phone&#8221; body_font_size_tablet=&#8221;14&#8243; body_font_size_phone=&#8221;14&#8243; global_colors_info=&#8221;{}&#8221; button_text_size__hover_enabled=&#8221;off&#8221; button_one_text_size__hover_enabled=&#8221;off&#8221; button_two_text_size__hover_enabled=&#8221;off&#8221; button_text_color__hover_enabled=&#8221;off&#8221; button_one_text_color__hover_enabled=&#8221;off&#8221; button_two_text_color__hover_enabled=&#8221;off&#8221; button_border_width__hover_enabled=&#8221;off&#8221; button_one_border_width__hover_enabled=&#8221;off&#8221; button_two_border_width__hover_enabled=&#8221;off&#8221; button_border_color__hover_enabled=&#8221;off&#8221; button_one_border_color__hover_enabled=&#8221;off&#8221; button_two_border_color__hover_enabled=&#8221;off&#8221; button_border_radius__hover_enabled=&#8221;off&#8221; button_one_border_radius__hover_enabled=&#8221;off&#8221; button_two_border_radius__hover_enabled=&#8221;off&#8221; button_letter_spacing__hover_enabled=&#8221;off&#8221; button_one_letter_spacing__hover_enabled=&#8221;off&#8221; button_two_letter_spacing__hover_enabled=&#8221;off&#8221; button_bg_color__hover_enabled=&#8221;off&#8221; button_one_bg_color__hover_enabled=&#8221;off&#8221; button_two_bg_color__hover_enabled=&#8221;off&#8221; sticky_transition=&#8221;on&#8221;]<\/p>\n<p><strong>We guarantee that we will quickly deliver the high-quality translation you expect.<\/strong><\/p>\n<p>[\/et_pb_slide][\/et_pb_slider][et_pb_text _builder_version=&#8221;4.27.4&#8243; text_font=&#8221;Times New Roman|700|||||||&#8221; text_text_color=&#8221;#000000&#8243; text_font_size=&#8221;25px&#8221; hover_enabled=&#8221;0&#8243; global_colors_info=&#8221;{}&#8221; sticky_enabled=&#8221;0&#8243;]<\/p>\n<div class=\"et_pb_column et_pb_column_4_4 et_pb_column_0 et_pb_css_mix_blend_mode_passthrough et-last-child\">\n<div class=\"et_pb_module et_pb_text et_pb_text_0 et_pb_bg_layout_light et_pb_text_align_left\">\n<div class=\"et_pb_text_inner\">\n<h4><a href=\"https:\/\/leikin.ch\/wp-content\/uploads\/2024\/12\/CH.Fahne_.png\"><img loading=\"lazy\" decoding=\"async\" class=\"wp-image-11018 alignnone \" src=\"https:\/\/leikin.ch\/wp-content\/uploads\/2024\/12\/CH.Fahne_.png\" alt=\"\" width=\"45\" height=\"40\" \/><\/a> Certified translation of diplomas. They will be translated, certified, and mailed as quickly as you need them, with guaranteed quality. Have your diploma translated into German for recognition in Switzerland.<br \/><a class=\"mail-link\" href=\"mailto:info@uebersetzungscenter.ch\" data-enc-email=\"vasb[at]hrorefrgmhatfpragre.pu\" data-wpel-link=\"ignore\"><span class=\"\">info@uebersetzungscenter.ch<\/span><\/a><br \/>G.+41 56 427 27 15<\/h4>\n<\/div>\n<\/div>\n<\/div>\n<p>[\/et_pb_text][\/et_pb_column][\/et_pb_row][\/et_pb_section][et_pb_section fb_built=&#8221;1&#8243; specialty=&#8221;on&#8221; _builder_version=&#8221;4.16&#8243; custom_padding=&#8221;0px|||||&#8221; global_colors_info=&#8221;{}&#8221;][et_pb_column type=&#8221;2_3&#8243; specialty_columns=&#8221;2&#8243; _builder_version=&#8221;4.16&#8243; custom_padding=&#8221;|||&#8221; global_colors_info=&#8221;{}&#8221; custom_padding__hover=&#8221;|||&#8221;][et_pb_row_inner column_structure=&#8221;1_2,1_2&#8243; admin_label=&#8221;Zeile&#8221; _builder_version=&#8221;4.16&#8243; global_colors_info=&#8221;{}&#8221;][et_pb_column_inner type=&#8221;1_2&#8243; saved_specialty_column_type=&#8221;2_3&#8243; _builder_version=&#8221;4.16&#8243; custom_padding=&#8221;|||&#8221; global_colors_info=&#8221;{}&#8221; custom_padding__hover=&#8221;|||&#8221;][et_pb_image src=&#8221;https:\/\/leikin.ch\/wp-content\/uploads\/2024\/12\/Diplom2.png&#8221; title_text=&#8221;Diploma2&#8243; _builder_version=&#8221;4.27.2&#8243; _module_preset=&#8221;default&#8221; global_colors_info=&#8221;{}&#8221;][\/et_pb_image][et_pb_text _builder_version=&#8221;4.27.2&#8243; _module_preset=&#8221;default&#8221; text_font=&#8221;Times New Roman||on||||||&#8221; text_text_color=&#8221;#000000&#8243; text_font_size=&#8221;20px&#8221; global_colors_info=&#8221;{}&#8221;]<\/p>\n<h4><strong>Data protection declaration<\/strong><\/h4>\n<p>Your texts, documents and translations are treated with the utmost confidentiality at the Leikin Translation Center.<\/p>\n<p>Contact us directly using the contact form or send us an email to <a href=\"mailto:info@uebersetzungscenter.ch\">info@uebersetzungscenter.ch<\/a><\/p>\n<p>Ratings 4.30 out of 5. GOOD Provenexpert<\/p>\n<p>xpert<\/p>\n<p>[\/et_pb_text][\/et_pb_column_inner][et_pb_column_inner type=&#8221;1_2&#8243; saved_specialty_column_type=&#8221;2_3&#8243; _builder_version=&#8221;4.16&#8243; custom_padding=&#8221;|||&#8221; global_colors_info=&#8221;{}&#8221; custom_padding__hover=&#8221;|||&#8221;][et_pb_text admin_label=&#8221;Text&#8221; _builder_version=&#8221;4.27.4&#8243; _module_preset=&#8221;default&#8221; text_font=&#8221;Times New Roman||||||||&#8221; text_text_color=&#8221;#000000&#8243; text_font_size=&#8221;20px&#8221; hover_enabled=&#8221;0&#8243; global_colors_info=&#8221;{}&#8221; sticky_enabled=&#8221;0&#8243;]<\/p>\n<p><strong>Diploma translations<br \/><\/strong><br \/>When translating diplomas for apprentices and university graduates, there are several important aspects that we take into account:<br \/>1. Accuracy of technical terminology:<br \/>It is crucial that the specific<br \/>terms and terms are translated correctly. This applies to both thecourse of study and the qualifications obtained.<br \/>2. Formatting and layout:<br \/>The translation should retain the original<\/p>\n<p>layout of the diploma to preserve the official appearance. This includes fonts, logos and other graphic elements.<br \/>3. Correct indication of data:<br \/>we ensure that all relevant data such as name, date of birth, date of graduation and institution are translated correctly and completely.<br \/>5. Cultural differences:<br \/>We take into account the cultural differences in the educational system.<br \/>Sometimes explanations or notes need to be added to make thecontent understandable for the target group.<br \/>6. Target market:<br \/>we consider which country or region the translation is going to, as different countries may have different requirements for the recognition of diplomas.<\/p>\n<p>[\/et_pb_text][\/et_pb_column_inner][\/et_pb_row_inner][\/et_pb_column][et_pb_column type=&#8221;1_3&#8243; _builder_version=&#8221;4.16&#8243; custom_padding=&#8221;|||&#8221; global_colors_info=&#8221;{}&#8221; custom_padding__hover=&#8221;|||&#8221;]<\/p>\n<p>[et_pb_sidebar area=&#8221;sidebar-1&#8243; _builder_version=&#8221;4.16&#8243; global_colors_info=&#8221;{}&#8221;][\/et_pb_sidebar]<\/p>\n<p>[\/et_pb_column][\/et_pb_section]<\/p>\n","protected":false},"excerpt":{"rendered":"<p>We guarantee that we will quickly deliver the high-quality translation you expect. Certified translation of diplomas. They will be translated, certified, and mailed as quickly as you need them, with guaranteed quality. Have your diploma translated into German for recognition in Switzerland.info@uebersetzungscenter.chG.+41 56 427 27 15 Data protection declaration Your texts, documents and translations are [&hellip;]<\/p>\n","protected":false},"author":1,"featured_media":0,"parent":17,"menu_order":0,"comment_status":"closed","ping_status":"closed","template":"","meta":{"_et_pb_use_builder":"on","_et_pb_old_content":"","_et_gb_content_width":"","footnotes":""},"class_list":["post-450","page","type-page","status-publish","hentry"],"yoast_head":"<!-- This site is optimized with the Yoast SEO plugin v26.8 - https:\/\/yoast.com\/product\/yoast-seo-wordpress\/ -->\n<title>Translation of documents and texts<\/title>\n<meta name=\"description\" content=\"Translations of diplomas are carried out by a native speaker. We also provide certified translations of certificates.\" \/>\n<meta name=\"robots\" content=\"index, follow, max-snippet:-1, max-image-preview:large, max-video-preview:-1\" \/>\n<link rel=\"canonical\" href=\"https:\/\/leikin.ch\/en\/translations\/translation-of-documents-and-texts\/\" \/>\n<meta property=\"og:locale\" content=\"en_US\" \/>\n<meta property=\"og:type\" content=\"article\" \/>\n<meta property=\"og:title\" content=\"Translation of documents and texts\" \/>\n<meta property=\"og:description\" content=\"Translations of diplomas are carried out by a native speaker. We also provide certified translations of certificates.\" \/>\n<meta property=\"og:url\" content=\"https:\/\/leikin.ch\/en\/translations\/translation-of-documents-and-texts\/\" \/>\n<meta property=\"og:site_name\" content=\"\u00dcbersetzungsb\u00fcro Leikin\" \/>\n<meta property=\"article:publisher\" content=\"https:\/\/www.facebook.com\/uebersetzungscenter\/\" \/>\n<meta property=\"article:modified_time\" content=\"2025-03-26T15:29:12+00:00\" \/>\n<meta property=\"og:image\" content=\"https:\/\/leikin.ch\/wp-content\/uploads\/2024\/12\/CH.Fahne_.png\" \/>\n\t<meta property=\"og:image:width\" content=\"96\" \/>\n\t<meta property=\"og:image:height\" content=\"85\" \/>\n\t<meta property=\"og:image:type\" content=\"image\/png\" \/>\n<meta name=\"twitter:card\" content=\"summary_large_image\" \/>\n<meta name=\"twitter:site\" content=\"@Leikin21\" \/>\n<meta name=\"twitter:label1\" content=\"Est. reading time\" \/>\n\t<meta name=\"twitter:data1\" content=\"5 minutes\" \/>\n<script type=\"application\/ld+json\" class=\"yoast-schema-graph\">{\"@context\":\"https:\/\/schema.org\",\"@graph\":[{\"@type\":\"WebPage\",\"@id\":\"https:\/\/leikin.ch\/en\/translations\/translation-of-documents-and-texts\/\",\"url\":\"https:\/\/leikin.ch\/en\/translations\/translation-of-documents-and-texts\/\",\"name\":\"Translation of documents and texts\",\"isPartOf\":{\"@id\":\"https:\/\/leikin.ch\/#website\"},\"primaryImageOfPage\":{\"@id\":\"https:\/\/leikin.ch\/en\/translations\/translation-of-documents-and-texts\/#primaryimage\"},\"image\":{\"@id\":\"https:\/\/leikin.ch\/en\/translations\/translation-of-documents-and-texts\/#primaryimage\"},\"thumbnailUrl\":\"https:\/\/leikin.ch\/wp-content\/uploads\/2024\/12\/CH.Fahne_.png\",\"datePublished\":\"2018-08-09T20:33:54+00:00\",\"dateModified\":\"2025-03-26T15:29:12+00:00\",\"description\":\"Translations of diplomas are carried out by a native speaker. We also provide certified translations of certificates.\",\"breadcrumb\":{\"@id\":\"https:\/\/leikin.ch\/en\/translations\/translation-of-documents-and-texts\/#breadcrumb\"},\"inLanguage\":\"en-US\",\"potentialAction\":[{\"@type\":\"ReadAction\",\"target\":[\"https:\/\/leikin.ch\/en\/translations\/translation-of-documents-and-texts\/\"]}]},{\"@type\":\"ImageObject\",\"inLanguage\":\"en-US\",\"@id\":\"https:\/\/leikin.ch\/en\/translations\/translation-of-documents-and-texts\/#primaryimage\",\"url\":\"https:\/\/leikin.ch\/wp-content\/uploads\/2024\/12\/CH.Fahne_.png\",\"contentUrl\":\"https:\/\/leikin.ch\/wp-content\/uploads\/2024\/12\/CH.Fahne_.png\"},{\"@type\":\"BreadcrumbList\",\"@id\":\"https:\/\/leikin.ch\/en\/translations\/translation-of-documents-and-texts\/#breadcrumb\",\"itemListElement\":[{\"@type\":\"ListItem\",\"position\":1,\"name\":\"Startseite\",\"item\":\"https:\/\/leikin.ch\/en\/home\/\"},{\"@type\":\"ListItem\",\"position\":2,\"name\":\"Education\",\"item\":\"https:\/\/leikin.ch\/en\/translations\/\"},{\"@type\":\"ListItem\",\"position\":3,\"name\":\"translations of diplomas\"}]},{\"@type\":\"WebSite\",\"@id\":\"https:\/\/leikin.ch\/#website\",\"url\":\"https:\/\/leikin.ch\/\",\"name\":\"\u00dcbersetzungsb\u00fcro Leikin\",\"description\":\"offizielle \u00dcbersetzungen von Dokumenten, Urkunden und Texten\",\"potentialAction\":[{\"@type\":\"SearchAction\",\"target\":{\"@type\":\"EntryPoint\",\"urlTemplate\":\"https:\/\/leikin.ch\/?s={search_term_string}\"},\"query-input\":{\"@type\":\"PropertyValueSpecification\",\"valueRequired\":true,\"valueName\":\"search_term_string\"}}],\"inLanguage\":\"en-US\"}]}<\/script>\n<!-- \/ Yoast SEO plugin. -->","yoast_head_json":{"title":"Translation of documents and texts","description":"Translations of diplomas are carried out by a native speaker. We also provide certified translations of certificates.","robots":{"index":"index","follow":"follow","max-snippet":"max-snippet:-1","max-image-preview":"max-image-preview:large","max-video-preview":"max-video-preview:-1"},"canonical":"https:\/\/leikin.ch\/en\/translations\/translation-of-documents-and-texts\/","og_locale":"en_US","og_type":"article","og_title":"Translation of documents and texts","og_description":"Translations of diplomas are carried out by a native speaker. We also provide certified translations of certificates.","og_url":"https:\/\/leikin.ch\/en\/translations\/translation-of-documents-and-texts\/","og_site_name":"\u00dcbersetzungsb\u00fcro Leikin","article_publisher":"https:\/\/www.facebook.com\/uebersetzungscenter\/","article_modified_time":"2025-03-26T15:29:12+00:00","og_image":[{"width":96,"height":85,"url":"https:\/\/leikin.ch\/wp-content\/uploads\/2024\/12\/CH.Fahne_.png","type":"image\/png"}],"twitter_card":"summary_large_image","twitter_site":"@Leikin21","twitter_misc":{"Est. reading time":"5 minutes"},"schema":{"@context":"https:\/\/schema.org","@graph":[{"@type":"WebPage","@id":"https:\/\/leikin.ch\/en\/translations\/translation-of-documents-and-texts\/","url":"https:\/\/leikin.ch\/en\/translations\/translation-of-documents-and-texts\/","name":"Translation of documents and texts","isPartOf":{"@id":"https:\/\/leikin.ch\/#website"},"primaryImageOfPage":{"@id":"https:\/\/leikin.ch\/en\/translations\/translation-of-documents-and-texts\/#primaryimage"},"image":{"@id":"https:\/\/leikin.ch\/en\/translations\/translation-of-documents-and-texts\/#primaryimage"},"thumbnailUrl":"https:\/\/leikin.ch\/wp-content\/uploads\/2024\/12\/CH.Fahne_.png","datePublished":"2018-08-09T20:33:54+00:00","dateModified":"2025-03-26T15:29:12+00:00","description":"Translations of diplomas are carried out by a native speaker. We also provide certified translations of certificates.","breadcrumb":{"@id":"https:\/\/leikin.ch\/en\/translations\/translation-of-documents-and-texts\/#breadcrumb"},"inLanguage":"en-US","potentialAction":[{"@type":"ReadAction","target":["https:\/\/leikin.ch\/en\/translations\/translation-of-documents-and-texts\/"]}]},{"@type":"ImageObject","inLanguage":"en-US","@id":"https:\/\/leikin.ch\/en\/translations\/translation-of-documents-and-texts\/#primaryimage","url":"https:\/\/leikin.ch\/wp-content\/uploads\/2024\/12\/CH.Fahne_.png","contentUrl":"https:\/\/leikin.ch\/wp-content\/uploads\/2024\/12\/CH.Fahne_.png"},{"@type":"BreadcrumbList","@id":"https:\/\/leikin.ch\/en\/translations\/translation-of-documents-and-texts\/#breadcrumb","itemListElement":[{"@type":"ListItem","position":1,"name":"Startseite","item":"https:\/\/leikin.ch\/en\/home\/"},{"@type":"ListItem","position":2,"name":"Education","item":"https:\/\/leikin.ch\/en\/translations\/"},{"@type":"ListItem","position":3,"name":"translations of diplomas"}]},{"@type":"WebSite","@id":"https:\/\/leikin.ch\/#website","url":"https:\/\/leikin.ch\/","name":"\u00dcbersetzungsb\u00fcro Leikin","description":"offizielle \u00dcbersetzungen von Dokumenten, Urkunden und Texten","potentialAction":[{"@type":"SearchAction","target":{"@type":"EntryPoint","urlTemplate":"https:\/\/leikin.ch\/?s={search_term_string}"},"query-input":{"@type":"PropertyValueSpecification","valueRequired":true,"valueName":"search_term_string"}}],"inLanguage":"en-US"}]}},"_links":{"self":[{"href":"https:\/\/leikin.ch\/en\/wp-json\/wp\/v2\/pages\/450","targetHints":{"allow":["GET"]}}],"collection":[{"href":"https:\/\/leikin.ch\/en\/wp-json\/wp\/v2\/pages"}],"about":[{"href":"https:\/\/leikin.ch\/en\/wp-json\/wp\/v2\/types\/page"}],"author":[{"embeddable":true,"href":"https:\/\/leikin.ch\/en\/wp-json\/wp\/v2\/users\/1"}],"replies":[{"embeddable":true,"href":"https:\/\/leikin.ch\/en\/wp-json\/wp\/v2\/comments?post=450"}],"version-history":[{"count":48,"href":"https:\/\/leikin.ch\/en\/wp-json\/wp\/v2\/pages\/450\/revisions"}],"predecessor-version":[{"id":11272,"href":"https:\/\/leikin.ch\/en\/wp-json\/wp\/v2\/pages\/450\/revisions\/11272"}],"up":[{"embeddable":true,"href":"https:\/\/leikin.ch\/en\/wp-json\/wp\/v2\/pages\/17"}],"wp:attachment":[{"href":"https:\/\/leikin.ch\/en\/wp-json\/wp\/v2\/media?parent=450"}],"curies":[{"name":"wp","href":"https:\/\/api.w.org\/{rel}","templated":true}]}}