{"id":45,"date":"2018-07-27T08:59:24","date_gmt":"2018-07-27T06:59:24","guid":{"rendered":"http:\/\/localhost\/ubersetzung\/?page_id=45"},"modified":"2024-10-24T18:20:29","modified_gmt":"2024-10-24T16:20:29","slug":"about-us","status":"publish","type":"page","link":"https:\/\/leikin.ch\/en\/about-us\/","title":{"rendered":"About us"},"content":{"rendered":"<h3><a href=\"https:\/\/leikin.ch\/wp-content\/uploads\/2024\/04\/Uebersetzungscenter-Leikin.png\"><img loading=\"lazy\" decoding=\"async\" class=\"alignnone size-full wp-image-8707\" src=\"https:\/\/leikin.ch\/wp-content\/uploads\/2024\/04\/Uebersetzungscenter-Leikin.png\" alt=\"\" width=\"605\" height=\"394\" srcset=\"https:\/\/leikin.ch\/wp-content\/uploads\/2024\/04\/Uebersetzungscenter-Leikin.png 605w, https:\/\/leikin.ch\/wp-content\/uploads\/2024\/04\/Uebersetzungscenter-Leikin-480x313.png 480w\" sizes=\"(min-width: 0px) and (max-width: 480px) 480px, (min-width: 481px) 605px, 100vw\" \/><\/a><\/h3>\n<h5><span style=\"color: #0000ff;\"><strong><span style=\"color: #000000;\">Leikin Translation Center <\/span><\/strong><\/span><span style=\"color: #0000ff;\"><span style=\"color: #000000;\">M\u00e4rzengasse 43<\/span> <span style=\"color: #000000;\">CH-5430 Wettingen <\/span><\/span><span style=\"color: #000000;\">056 427 27 15<\/span><\/h5>\n<h3><span style=\"color: #0000ff;\"><strong>Foundation<\/strong><\/span><\/h3>\n<p style=\"text-align: justify;\"><strong>The company <span style=\"color: #0000ff;\">Leikin Translation Center<\/span> was founded by Iosif Leikin in 2001 in <span style=\"color: #0000ff;\">Wettingen, <a style=\"color: #0000ff;\" href=\"https:\/\/de.wikipedia.org\/wiki\/Gemeinden_des_Kantons_Aargau\">Canton of Aargau<\/a><\/span>. Entry in the commercial register 27.08.2001, company number <span style=\"color: #0000ff;\">CH-109.461.371<\/span><\/strong><\/p>\n<p><strong><span style=\"color: #0000ff;\">The translation center<\/span> is located on the border between <a href=\"https:\/\/de.wikipedia.org\/wiki\/Gemeinden_des_Kantons_Aargau\"><span style=\"color: #0000ff;\">the cantons of Aargau<\/span><\/a> and Zurich, in the district of Baden and is easily accessible for the communities of Wettingen, Spreitenbach, Lenzburg, Bremgarten, Mellingen, Birmenstorf, Obersiggenthal and Aarau.<\/strong><\/p>\n<p style=\"text-align: justify;\"><strong>The founder Iosif Leikin has always been fascinated by languages \u200b\u200band translations. He turned his passion into a profession 20 years ago with the Leikin translation agency and since then, with his team of competent translators, has been offering high-quality translations in all imaginable areas. <span style=\"color: #0000ff;\"><a href=\"https:\/\/leikin.ch\/wp-content\/uploads\/2020\/09\/Iosif-9-mir-weissen-Hemd.jpg\"><img loading=\"lazy\" decoding=\"async\" class=\"alignnone wp-image-6740\" src=\"https:\/\/leikin.ch\/wp-content\/uploads\/2020\/09\/Iosif-9-mir-weissen-Hemd.jpg\" alt=\"\" width=\"117\" height=\"149\" \/><\/a> Iosif Leikin<\/span> (Managing Director) <\/strong><\/p>\n<h3><span style=\"color: #0000ff;\"><strong>Services<\/strong><\/span><\/h3>\n<p style=\"text-align: justify;\"><strong>The Leikin translation agency offers a comprehensive portfolio of professional translations of all kinds, corrections, official certifications and apostilles in many European and international languages.<\/strong> <strong>Our professional translators are native speakers.<\/strong><\/p>\n<h3><span style=\"color: #0000ff;\"><strong>Quality management system<\/strong><\/span><\/h3>\n<p style=\"text-align: justify;\"><strong>The quality management system stands for customer-oriented service and efficient processes. Even the shortest-notice orders are carried out on time and professionally. Our professional, qualified translators are well-trained, competent, experienced and always translate into their native language. Our translators are authorized to officially certify every document after translation. We also do the apostille \/ certification for you!<\/strong><\/p>\n<h3><span style=\"color: #0000ff;\"><strong>Our customers<\/strong><\/span><\/h3>\n<p style=\"text-align: justify;\"><strong>Renowned Swiss companies from a wide range of industries and sectors, public institutions, service providers and private customers characterize our long-standing customer base. Professional terminology databases ensure customer-specific linguistic consistency.<\/strong><\/p>\n<h3><span style=\"color: #0000ff;\"><strong>Inquiries<\/strong><\/span><\/h3>\n<p><strong>The quickest way to send us your documents is by email to info@uebersetzungscenter.ch , as an attachment using the &#8220;short inquiry&#8221; form on our website, or as a copy by post. Do you have any further questions? Simply write to us at <a href=\"mailto:info@uebersetzungscenter.ch\">info@uebersetzungscenter.ch<\/a><\/strong><\/p>\n<h3 style=\"text-align: justify;\"><span style=\"color: #0000ff;\"><strong>References<\/strong><\/span><\/h3>\n<p style=\"text-align: justify;\"><strong>ABB Switzerland AG, ALSTOM AG, RUAG, HOLZIM AG, Charles Ischi AG, MARTI Tunnelbau AG, Maschinenfabrik Rieter AG, B\u00fchler AG, Schneider Elektronics Ltd, ELEX AG, Leoni Studer, Tehag AG, Brun-Mech AG, Sterki AG, Maxcom AG, Executive Jet Investments AG, PLIM Cooperation, COMA Services AG, RUWA AG, DIPLOMAT AG, Coracle GMBH, BRUN Kransysteme AG, RMC-Remeincon AG, Charles Ischi AG, Rital AG, RUAG, IP Multimedia (Switzerland), SIPAVAG AG, U-NICA AG, Corn\u00e8rcard AG, ZHAW. SMS-Concast, Kuoni SG, GRANELLA AG, Tamedia, EMIL GIESER AG and many others. <\/strong><\/p>\n<p><strong><span style=\"color: #3366ff;\">1.Reference Marti Tunnelbau AG<\/span><\/strong> <strong>22.04.2018<\/strong> <strong> Dear Mr. Leikin<\/strong> <strong> Me too<\/p>\n","protected":false},"excerpt":{"rendered":"<p>Leikin Translation Center M\u00e4rzengasse 43 CH-5430 Wettingen 056 427 27 15 Foundation The company Leikin Translation Center was founded by Iosif Leikin in 2001 in Wettingen, Canton of Aargau. Entry in the commercial register 27.08.2001, company number CH-109.461.371 The translation center is located on the border between the cantons of Aargau and Zurich, in the [&hellip;]<\/p>\n","protected":false},"author":1,"featured_media":0,"parent":0,"menu_order":6,"comment_status":"closed","ping_status":"closed","template":"","meta":{"_et_pb_use_builder":"","_et_pb_old_content":"","_et_gb_content_width":"","footnotes":""},"class_list":["post-45","page","type-page","status-publish","hentry"],"yoast_head":"<!-- This site is optimized with the Yoast SEO plugin v26.8 - https:\/\/yoast.com\/product\/yoast-seo-wordpress\/ -->\n<title>About us.<\/title>\n<meta name=\"description\" content=\"Translation Center Leikin was founded by Iosif Leikin in 2001 in Wettingen, Canton Aargau. Company number CH-109.461.371\" \/>\n<meta name=\"robots\" content=\"index, follow, max-snippet:-1, max-image-preview:large, max-video-preview:-1\" \/>\n<link rel=\"canonical\" href=\"https:\/\/leikin.ch\/ueber-uns\/\" \/>\n<meta property=\"og:locale\" content=\"en_US\" \/>\n<meta property=\"og:type\" content=\"article\" \/>\n<meta property=\"og:title\" content=\"About us.\" \/>\n<meta property=\"og:description\" content=\"Translation Center Leikin was founded by Iosif Leikin in 2001 in Wettingen, Canton Aargau. Company number CH-109.461.371\" \/>\n<meta property=\"og:url\" content=\"https:\/\/leikin.ch\/ueber-uns\/\" \/>\n<meta property=\"og:site_name\" content=\"\u00dcbersetzungsb\u00fcro Leikin\" \/>\n<meta property=\"article:publisher\" content=\"https:\/\/www.facebook.com\/uebersetzungscenter\/\" \/>\n<meta property=\"article:modified_time\" content=\"2024-10-24T16:20:29+00:00\" \/>\n<meta property=\"og:image\" content=\"https:\/\/leikin.ch\/wp-content\/uploads\/2024\/04\/Uebersetzungscenter-Leikin.png\" \/>\n\t<meta property=\"og:image:width\" content=\"605\" \/>\n\t<meta property=\"og:image:height\" content=\"394\" \/>\n\t<meta property=\"og:image:type\" content=\"image\/png\" \/>\n<meta name=\"twitter:card\" content=\"summary_large_image\" \/>\n<meta name=\"twitter:site\" content=\"@Leikin21\" \/>\n<meta name=\"twitter:label1\" content=\"Est. reading time\" \/>\n\t<meta name=\"twitter:data1\" content=\"3 minutes\" \/>\n<script type=\"application\/ld+json\" class=\"yoast-schema-graph\">{\"@context\":\"https:\/\/schema.org\",\"@graph\":[{\"@type\":\"WebPage\",\"@id\":\"https:\/\/leikin.ch\/en\/about-us\/\",\"url\":\"https:\/\/leikin.ch\/ueber-uns\/\",\"name\":\"About us.\",\"isPartOf\":{\"@id\":\"https:\/\/leikin.ch\/#website\"},\"primaryImageOfPage\":{\"@id\":\"https:\/\/leikin.ch\/ueber-uns\/#primaryimage\"},\"image\":{\"@id\":\"https:\/\/leikin.ch\/ueber-uns\/#primaryimage\"},\"thumbnailUrl\":\"https:\/\/leikin.ch\/wp-content\/uploads\/2024\/04\/Uebersetzungscenter-Leikin.png\",\"datePublished\":\"2018-07-27T06:59:24+00:00\",\"dateModified\":\"2024-10-24T16:20:29+00:00\",\"description\":\"Translation Center Leikin was founded by Iosif Leikin in 2001 in Wettingen, Canton Aargau. Company number CH-109.461.371\",\"breadcrumb\":{\"@id\":\"https:\/\/leikin.ch\/ueber-uns\/#breadcrumb\"},\"inLanguage\":\"en-US\",\"potentialAction\":[{\"@type\":\"ReadAction\",\"target\":[\"https:\/\/leikin.ch\/ueber-uns\/\"]}]},{\"@type\":\"ImageObject\",\"inLanguage\":\"en-US\",\"@id\":\"https:\/\/leikin.ch\/ueber-uns\/#primaryimage\",\"url\":\"https:\/\/leikin.ch\/wp-content\/uploads\/2024\/04\/Uebersetzungscenter-Leikin.png\",\"contentUrl\":\"https:\/\/leikin.ch\/wp-content\/uploads\/2024\/04\/Uebersetzungscenter-Leikin.png\"},{\"@type\":\"BreadcrumbList\",\"@id\":\"https:\/\/leikin.ch\/ueber-uns\/#breadcrumb\",\"itemListElement\":[{\"@type\":\"ListItem\",\"position\":1,\"name\":\"Startseite\",\"item\":\"https:\/\/leikin.ch\/en\/home\/\"},{\"@type\":\"ListItem\",\"position\":2,\"name\":\"About us\"}]},{\"@type\":\"WebSite\",\"@id\":\"https:\/\/leikin.ch\/#website\",\"url\":\"https:\/\/leikin.ch\/\",\"name\":\"\u00dcbersetzungsb\u00fcro Leikin\",\"description\":\"offizielle \u00dcbersetzungen von Dokumenten, Urkunden und Texten\",\"potentialAction\":[{\"@type\":\"SearchAction\",\"target\":{\"@type\":\"EntryPoint\",\"urlTemplate\":\"https:\/\/leikin.ch\/?s={search_term_string}\"},\"query-input\":{\"@type\":\"PropertyValueSpecification\",\"valueRequired\":true,\"valueName\":\"search_term_string\"}}],\"inLanguage\":\"en-US\"}]}<\/script>\n<!-- \/ Yoast SEO plugin. -->","yoast_head_json":{"title":"About us.","description":"Translation Center Leikin was founded by Iosif Leikin in 2001 in Wettingen, Canton Aargau. Company number CH-109.461.371","robots":{"index":"index","follow":"follow","max-snippet":"max-snippet:-1","max-image-preview":"max-image-preview:large","max-video-preview":"max-video-preview:-1"},"canonical":"https:\/\/leikin.ch\/ueber-uns\/","og_locale":"en_US","og_type":"article","og_title":"About us.","og_description":"Translation Center Leikin was founded by Iosif Leikin in 2001 in Wettingen, Canton Aargau. Company number CH-109.461.371","og_url":"https:\/\/leikin.ch\/ueber-uns\/","og_site_name":"\u00dcbersetzungsb\u00fcro Leikin","article_publisher":"https:\/\/www.facebook.com\/uebersetzungscenter\/","article_modified_time":"2024-10-24T16:20:29+00:00","og_image":[{"width":605,"height":394,"url":"https:\/\/leikin.ch\/wp-content\/uploads\/2024\/04\/Uebersetzungscenter-Leikin.png","type":"image\/png"}],"twitter_card":"summary_large_image","twitter_site":"@Leikin21","twitter_misc":{"Est. reading time":"3 minutes"},"schema":{"@context":"https:\/\/schema.org","@graph":[{"@type":"WebPage","@id":"https:\/\/leikin.ch\/en\/about-us\/","url":"https:\/\/leikin.ch\/ueber-uns\/","name":"About us.","isPartOf":{"@id":"https:\/\/leikin.ch\/#website"},"primaryImageOfPage":{"@id":"https:\/\/leikin.ch\/ueber-uns\/#primaryimage"},"image":{"@id":"https:\/\/leikin.ch\/ueber-uns\/#primaryimage"},"thumbnailUrl":"https:\/\/leikin.ch\/wp-content\/uploads\/2024\/04\/Uebersetzungscenter-Leikin.png","datePublished":"2018-07-27T06:59:24+00:00","dateModified":"2024-10-24T16:20:29+00:00","description":"Translation Center Leikin was founded by Iosif Leikin in 2001 in Wettingen, Canton Aargau. Company number CH-109.461.371","breadcrumb":{"@id":"https:\/\/leikin.ch\/ueber-uns\/#breadcrumb"},"inLanguage":"en-US","potentialAction":[{"@type":"ReadAction","target":["https:\/\/leikin.ch\/ueber-uns\/"]}]},{"@type":"ImageObject","inLanguage":"en-US","@id":"https:\/\/leikin.ch\/ueber-uns\/#primaryimage","url":"https:\/\/leikin.ch\/wp-content\/uploads\/2024\/04\/Uebersetzungscenter-Leikin.png","contentUrl":"https:\/\/leikin.ch\/wp-content\/uploads\/2024\/04\/Uebersetzungscenter-Leikin.png"},{"@type":"BreadcrumbList","@id":"https:\/\/leikin.ch\/ueber-uns\/#breadcrumb","itemListElement":[{"@type":"ListItem","position":1,"name":"Startseite","item":"https:\/\/leikin.ch\/en\/home\/"},{"@type":"ListItem","position":2,"name":"About us"}]},{"@type":"WebSite","@id":"https:\/\/leikin.ch\/#website","url":"https:\/\/leikin.ch\/","name":"\u00dcbersetzungsb\u00fcro Leikin","description":"offizielle \u00dcbersetzungen von Dokumenten, Urkunden und Texten","potentialAction":[{"@type":"SearchAction","target":{"@type":"EntryPoint","urlTemplate":"https:\/\/leikin.ch\/?s={search_term_string}"},"query-input":{"@type":"PropertyValueSpecification","valueRequired":true,"valueName":"search_term_string"}}],"inLanguage":"en-US"}]}},"_links":{"self":[{"href":"https:\/\/leikin.ch\/en\/wp-json\/wp\/v2\/pages\/45","targetHints":{"allow":["GET"]}}],"collection":[{"href":"https:\/\/leikin.ch\/en\/wp-json\/wp\/v2\/pages"}],"about":[{"href":"https:\/\/leikin.ch\/en\/wp-json\/wp\/v2\/types\/page"}],"author":[{"embeddable":true,"href":"https:\/\/leikin.ch\/en\/wp-json\/wp\/v2\/users\/1"}],"replies":[{"embeddable":true,"href":"https:\/\/leikin.ch\/en\/wp-json\/wp\/v2\/comments?post=45"}],"version-history":[{"count":4,"href":"https:\/\/leikin.ch\/en\/wp-json\/wp\/v2\/pages\/45\/revisions"}],"predecessor-version":[{"id":10321,"href":"https:\/\/leikin.ch\/en\/wp-json\/wp\/v2\/pages\/45\/revisions\/10321"}],"wp:attachment":[{"href":"https:\/\/leikin.ch\/en\/wp-json\/wp\/v2\/media?parent=45"}],"curies":[{"name":"wp","href":"https:\/\/api.w.org\/{rel}","templated":true}]}}