{"id":4499,"date":"2018-08-25T13:41:55","date_gmt":"2018-08-25T11:41:55","guid":{"rendered":"https:\/\/leikin.ch\/contact\/"},"modified":"2024-04-08T14:38:17","modified_gmt":"2024-04-08T12:38:17","slug":"contact","status":"publish","type":"page","link":"https:\/\/leikin.ch\/en\/contact\/","title":{"rendered":"Contact"},"content":{"rendered":"\n<div class=\"wpcf7 no-js\" id=\"wpcf7-f4381-o1\" lang=\"de-DE\" dir=\"ltr\" data-wpcf7-id=\"4381\">\n<div class=\"screen-reader-response\"><p role=\"status\" aria-live=\"polite\" aria-atomic=\"true\"><\/p> <ul><\/ul><\/div>\n<form action=\"\/en\/wp-json\/wp\/v2\/pages\/4499#wpcf7-f4381-o1\" method=\"post\" class=\"wpcf7-form init wpcf7-acceptance-as-validation\" aria-label=\"Kontaktformular\" novalidate=\"novalidate\" data-status=\"init\">\n<fieldset class=\"hidden-fields-container\"><input type=\"hidden\" name=\"_wpcf7\" value=\"4381\" \/><input type=\"hidden\" name=\"_wpcf7_version\" value=\"6.1.5\" \/><input type=\"hidden\" name=\"_wpcf7_locale\" value=\"de_DE\" \/><input type=\"hidden\" name=\"_wpcf7_unit_tag\" value=\"wpcf7-f4381-o1\" \/><input type=\"hidden\" name=\"_wpcf7_container_post\" value=\"0\" \/><input type=\"hidden\" name=\"_wpcf7_posted_data_hash\" value=\"\" \/>\n<\/fieldset>\n<div id=\"responsive-form\" class=\"clearfix\">\n\t<div class=\"column-half\">\n\t\t<p><span class=\"wpcf7-form-control-wrap\" data-name=\"your-name\"><input size=\"40\" maxlength=\"400\" class=\"wpcf7-form-control wpcf7-text wpcf7-validates-as-required\" aria-required=\"true\" aria-invalid=\"false\" placeholder=\"Your Name *\" value=\"\" type=\"text\" name=\"your-name\" \/><\/span>\n\t\t<\/p>\n\t<\/div>\n\t<div class=\"column-half last\">\n\t\t<p><span class=\"wpcf7-form-control-wrap\" data-name=\"your-email\"><input size=\"40\" maxlength=\"400\" class=\"wpcf7-form-control wpcf7-email wpcf7-validates-as-required wpcf7-text wpcf7-validates-as-email\" aria-required=\"true\" aria-invalid=\"false\" placeholder=\"Email *\" value=\"\" type=\"email\" name=\"your-email\" \/><\/span>\n\t\t<\/p>\n\t<\/div>\n\t<p><span class=\"wpcf7-form-control-wrap\" data-name=\"Subject\"><input size=\"40\" maxlength=\"400\" class=\"wpcf7-form-control wpcf7-text wpcf7-validates-as-required\" aria-required=\"true\" aria-invalid=\"false\" placeholder=\"Subject *\" value=\"\" type=\"text\" name=\"Subject\" \/><\/span>\n\t<\/p>\n\t<p><span id=\"wpcf7-69d2aa2b41d1a-wrapper\" class=\"wpcf7-form-control-wrap ZweiterVorname-wrap\" ><input type=\"hidden\" name=\"ZweiterVorname-time-start\" value=\"1775413803\"><input type=\"hidden\" name=\"ZweiterVorname-time-check\" value=\"4\"><label for=\"wpcf7-69d2aa2b41d1a-field\" class=\"hp-message\">Bitte lasse dieses Feld leer.<\/label><input id=\"wpcf7-69d2aa2b41d1a-field\"  class=\"wpcf7-form-control wpcf7-text\" type=\"text\" name=\"ZweiterVorname\" value=\"\" size=\"40\" tabindex=\"-1\" autocomplete=\"off\" \/><\/span><br \/>\n<span id=\"wpcf7-69d2aa2b41dd2-wrapper\" class=\"wpcf7-form-control-wrap ZweiterNachname-wrap\" ><input type=\"hidden\" name=\"ZweiterNachname-time-start\" value=\"1775413803\"><input type=\"hidden\" name=\"ZweiterNachname-time-check\" value=\"4\"><label for=\"wpcf7-69d2aa2b41dd2-field\" class=\"hp-message\">Bitte lasse dieses Feld leer.<\/label><input id=\"wpcf7-69d2aa2b41dd2-field\"  class=\"wpcf7-form-control wpcf7-text\" type=\"text\" name=\"ZweiterNachname\" value=\"\" size=\"40\" tabindex=\"-1\" autocomplete=\"off\" \/><\/span><br \/>\n<span class=\"wpcf7-form-control-wrap\" data-name=\"Message\"><textarea cols=\"40\" rows=\"10\" maxlength=\"2000\" class=\"wpcf7-form-control wpcf7-textarea wpcf7-validates-as-required\" aria-required=\"true\" aria-invalid=\"false\" placeholder=\"Message *\" name=\"Message\"><\/textarea><\/span><br \/>\n<span class=\"wpcf7-form-control-wrap\" data-name=\"Sonne\"><label><span class=\"wpcf7-quiz-label\">What is the colour of the sun<\/span> <input size=\"40\" class=\"wpcf7-form-control wpcf7-quiz\" autocomplete=\"off\" aria-required=\"true\" aria-invalid=\"false\" type=\"text\" name=\"Sonne\" \/><\/label><input type=\"hidden\" name=\"_wpcf7_quiz_answer_Sonne\" value=\"6596edf3eb2c70a5f3dc3f814587e17f\" \/><\/span>\n\t<\/p>\n\t<p><span id=\"wpcf7-69d2aa2b42068-wrapper\" class=\"wpcf7-form-control-wrap Zusatzfeld-wrap\" ><label for=\"wpcf7-69d2aa2b42068-field\" class=\"hp-message\">Bitte lasse dieses Feld leer.<\/label><input id=\"wpcf7-69d2aa2b42068-field\"  class=\"wpcf7-form-control wpcf7-text\" type=\"text\" name=\"Zusatzfeld\" value=\"\" size=\"40\" tabindex=\"-1\" autocomplete=\"off\" \/><\/span><br \/>\n<span id=\"wpcf7-69d2aa2b420f7-wrapper\" class=\"wpcf7-form-control-wrap Honigtopf-1-wrap\" ><input type=\"hidden\" name=\"Honigtopf-1-time-start\" value=\"1775413803\"><input type=\"hidden\" name=\"Honigtopf-1-time-check\" value=\"4\"><label for=\"wpcf7-69d2aa2b420f7-field\" class=\"hp-message\">Bitte lasse dieses Feld leer.<\/label><input id=\"wpcf7-69d2aa2b420f7-field\"  class=\"wpcf7-form-control wpcf7-text\" type=\"text\" name=\"Honigtopf-1\" value=\"\" size=\"40\" tabindex=\"-1\" autocomplete=\"off\" \/><\/span><br \/>\n<span class=\"wpcf7-form-control-wrap\" data-name=\"Acceptance\"><span class=\"wpcf7-form-control wpcf7-acceptance\"><span class=\"wpcf7-list-item\"><label><input type=\"checkbox\" name=\"Acceptance\" value=\"1\" aria-invalid=\"false\" \/><span class=\"wpcf7-list-item-label\">I have read and accepted the <a href=\"\/en\/privacy-policy\/\"> Privacy Policy<\/a>.\nI agree that my form information will be stored to contact me or to process my request.<\/span><\/label><\/span><\/span><\/span>\n\t<\/p>\n\t<p><input class=\"wpcf7-form-control wpcf7-submit has-spinner\" type=\"submit\" value=\"Submit\" \/>\n\t<\/p>\n<\/div><div class=\"wpcf7-response-output\" aria-hidden=\"true\"><\/div>\n<\/form>\n<\/div>\n\n<p><strong>\u00dcbersetzungscenter Leikin<\/strong><br \/>\nM\u00e4rzengasse 43<br \/>\nCH-5430 Wettingen<br \/>\nTel. +41 56 427 27 15<\/p>\n<p><a href=\"https:\/\/leikin.ch\/wp-content\/uploads\/2024\/04\/Uebersetzungscenter-Leikin.png\"><img loading=\"lazy\" decoding=\"async\" class=\"alignnone size-full wp-image-8708\" src=\"https:\/\/leikin.ch\/wp-content\/uploads\/2024\/04\/Uebersetzungscenter-Leikin.png\" alt=\"\" width=\"605\" height=\"394\" srcset=\"https:\/\/leikin.ch\/wp-content\/uploads\/2024\/04\/Uebersetzungscenter-Leikin.png 605w, https:\/\/leikin.ch\/wp-content\/uploads\/2024\/04\/Uebersetzungscenter-Leikin-480x313.png 480w\" sizes=\"(min-width: 0px) and (max-width: 480px) 480px, (min-width: 481px) 605px, 100vw\" \/><\/a><\/p>\n","protected":false},"excerpt":{"rendered":"<p>\u00dcbersetzungscenter Leikin M\u00e4rzengasse 43 CH-5430 Wettingen Tel. +41 56 427 27 15<\/p>\n","protected":false},"author":1,"featured_media":0,"parent":0,"menu_order":10,"comment_status":"closed","ping_status":"closed","template":"","meta":{"_et_pb_use_builder":"","_et_pb_old_content":"","_et_gb_content_width":"","footnotes":""},"class_list":["post-4499","page","type-page","status-publish","hentry"],"yoast_head":"<!-- This site is optimized with the Yoast SEO plugin v26.8 - https:\/\/yoast.com\/product\/yoast-seo-wordpress\/ -->\n<title>Contact - \u00dcbersetzungsb\u00fcro Leikin<\/title>\n<meta name=\"robots\" content=\"noindex, nofollow\" \/>\n<meta property=\"og:locale\" content=\"en_US\" \/>\n<meta property=\"og:type\" content=\"article\" \/>\n<meta property=\"og:title\" content=\"Contact - \u00dcbersetzungsb\u00fcro Leikin\" \/>\n<meta property=\"og:description\" content=\"\u00dcbersetzungscenter Leikin M\u00e4rzengasse 43 CH-5430 Wettingen Tel. +41 56 427 27 15\" \/>\n<meta property=\"og:url\" content=\"https:\/\/leikin.ch\/en\/contact\/\" \/>\n<meta property=\"og:site_name\" content=\"\u00dcbersetzungsb\u00fcro Leikin\" \/>\n<meta property=\"article:publisher\" content=\"https:\/\/www.facebook.com\/uebersetzungscenter\/\" \/>\n<meta property=\"article:modified_time\" content=\"2024-04-08T12:38:17+00:00\" \/>\n<meta property=\"og:image\" content=\"https:\/\/leikin.ch\/wp-content\/uploads\/2024\/04\/Uebersetzungscenter-Leikin.png\" \/>\n<meta name=\"twitter:card\" content=\"summary_large_image\" \/>\n<meta name=\"twitter:site\" content=\"@Leikin21\" \/>\n<meta name=\"twitter:label1\" content=\"Est. reading time\" \/>\n\t<meta name=\"twitter:data1\" content=\"1 minute\" \/>\n<script type=\"application\/ld+json\" class=\"yoast-schema-graph\">{\"@context\":\"https:\/\/schema.org\",\"@graph\":[{\"@type\":\"WebPage\",\"@id\":\"https:\/\/leikin.ch\/en\/contact\/\",\"url\":\"https:\/\/leikin.ch\/en\/contact\/\",\"name\":\"Contact - \u00dcbersetzungsb\u00fcro Leikin\",\"isPartOf\":{\"@id\":\"https:\/\/leikin.ch\/#website\"},\"primaryImageOfPage\":{\"@id\":\"https:\/\/leikin.ch\/en\/contact\/#primaryimage\"},\"image\":{\"@id\":\"https:\/\/leikin.ch\/en\/contact\/#primaryimage\"},\"thumbnailUrl\":\"https:\/\/leikin.ch\/wp-content\/uploads\/2024\/04\/Uebersetzungscenter-Leikin.png\",\"datePublished\":\"2018-08-25T11:41:55+00:00\",\"dateModified\":\"2024-04-08T12:38:17+00:00\",\"breadcrumb\":{\"@id\":\"https:\/\/leikin.ch\/en\/contact\/#breadcrumb\"},\"inLanguage\":\"en-US\",\"potentialAction\":[{\"@type\":\"ReadAction\",\"target\":[\"https:\/\/leikin.ch\/en\/contact\/\"]}]},{\"@type\":\"ImageObject\",\"inLanguage\":\"en-US\",\"@id\":\"https:\/\/leikin.ch\/en\/contact\/#primaryimage\",\"url\":\"https:\/\/leikin.ch\/wp-content\/uploads\/2024\/04\/Uebersetzungscenter-Leikin.png\",\"contentUrl\":\"https:\/\/leikin.ch\/wp-content\/uploads\/2024\/04\/Uebersetzungscenter-Leikin.png\"},{\"@type\":\"BreadcrumbList\",\"@id\":\"https:\/\/leikin.ch\/en\/contact\/#breadcrumb\",\"itemListElement\":[{\"@type\":\"ListItem\",\"position\":1,\"name\":\"Startseite\",\"item\":\"https:\/\/leikin.ch\/en\/home\/\"},{\"@type\":\"ListItem\",\"position\":2,\"name\":\"Contact\"}]},{\"@type\":\"WebSite\",\"@id\":\"https:\/\/leikin.ch\/#website\",\"url\":\"https:\/\/leikin.ch\/\",\"name\":\"\u00dcbersetzungsb\u00fcro Leikin\",\"description\":\"offizielle \u00dcbersetzungen von Dokumenten, Urkunden und Texten\",\"potentialAction\":[{\"@type\":\"SearchAction\",\"target\":{\"@type\":\"EntryPoint\",\"urlTemplate\":\"https:\/\/leikin.ch\/?s={search_term_string}\"},\"query-input\":{\"@type\":\"PropertyValueSpecification\",\"valueRequired\":true,\"valueName\":\"search_term_string\"}}],\"inLanguage\":\"en-US\"}]}<\/script>\n<!-- \/ Yoast SEO plugin. -->","yoast_head_json":{"title":"Contact - \u00dcbersetzungsb\u00fcro Leikin","robots":{"index":"noindex","follow":"nofollow"},"og_locale":"en_US","og_type":"article","og_title":"Contact - \u00dcbersetzungsb\u00fcro Leikin","og_description":"\u00dcbersetzungscenter Leikin M\u00e4rzengasse 43 CH-5430 Wettingen Tel. +41 56 427 27 15","og_url":"https:\/\/leikin.ch\/en\/contact\/","og_site_name":"\u00dcbersetzungsb\u00fcro Leikin","article_publisher":"https:\/\/www.facebook.com\/uebersetzungscenter\/","article_modified_time":"2024-04-08T12:38:17+00:00","og_image":[{"url":"https:\/\/leikin.ch\/wp-content\/uploads\/2024\/04\/Uebersetzungscenter-Leikin.png","type":"","width":"","height":""}],"twitter_card":"summary_large_image","twitter_site":"@Leikin21","twitter_misc":{"Est. reading time":"1 minute"},"schema":{"@context":"https:\/\/schema.org","@graph":[{"@type":"WebPage","@id":"https:\/\/leikin.ch\/en\/contact\/","url":"https:\/\/leikin.ch\/en\/contact\/","name":"Contact - \u00dcbersetzungsb\u00fcro Leikin","isPartOf":{"@id":"https:\/\/leikin.ch\/#website"},"primaryImageOfPage":{"@id":"https:\/\/leikin.ch\/en\/contact\/#primaryimage"},"image":{"@id":"https:\/\/leikin.ch\/en\/contact\/#primaryimage"},"thumbnailUrl":"https:\/\/leikin.ch\/wp-content\/uploads\/2024\/04\/Uebersetzungscenter-Leikin.png","datePublished":"2018-08-25T11:41:55+00:00","dateModified":"2024-04-08T12:38:17+00:00","breadcrumb":{"@id":"https:\/\/leikin.ch\/en\/contact\/#breadcrumb"},"inLanguage":"en-US","potentialAction":[{"@type":"ReadAction","target":["https:\/\/leikin.ch\/en\/contact\/"]}]},{"@type":"ImageObject","inLanguage":"en-US","@id":"https:\/\/leikin.ch\/en\/contact\/#primaryimage","url":"https:\/\/leikin.ch\/wp-content\/uploads\/2024\/04\/Uebersetzungscenter-Leikin.png","contentUrl":"https:\/\/leikin.ch\/wp-content\/uploads\/2024\/04\/Uebersetzungscenter-Leikin.png"},{"@type":"BreadcrumbList","@id":"https:\/\/leikin.ch\/en\/contact\/#breadcrumb","itemListElement":[{"@type":"ListItem","position":1,"name":"Startseite","item":"https:\/\/leikin.ch\/en\/home\/"},{"@type":"ListItem","position":2,"name":"Contact"}]},{"@type":"WebSite","@id":"https:\/\/leikin.ch\/#website","url":"https:\/\/leikin.ch\/","name":"\u00dcbersetzungsb\u00fcro Leikin","description":"offizielle \u00dcbersetzungen von Dokumenten, Urkunden und Texten","potentialAction":[{"@type":"SearchAction","target":{"@type":"EntryPoint","urlTemplate":"https:\/\/leikin.ch\/?s={search_term_string}"},"query-input":{"@type":"PropertyValueSpecification","valueRequired":true,"valueName":"search_term_string"}}],"inLanguage":"en-US"}]}},"_links":{"self":[{"href":"https:\/\/leikin.ch\/en\/wp-json\/wp\/v2\/pages\/4499","targetHints":{"allow":["GET"]}}],"collection":[{"href":"https:\/\/leikin.ch\/en\/wp-json\/wp\/v2\/pages"}],"about":[{"href":"https:\/\/leikin.ch\/en\/wp-json\/wp\/v2\/types\/page"}],"author":[{"embeddable":true,"href":"https:\/\/leikin.ch\/en\/wp-json\/wp\/v2\/users\/1"}],"replies":[{"embeddable":true,"href":"https:\/\/leikin.ch\/en\/wp-json\/wp\/v2\/comments?post=4499"}],"version-history":[{"count":4,"href":"https:\/\/leikin.ch\/en\/wp-json\/wp\/v2\/pages\/4499\/revisions"}],"predecessor-version":[{"id":8719,"href":"https:\/\/leikin.ch\/en\/wp-json\/wp\/v2\/pages\/4499\/revisions\/8719"}],"wp:attachment":[{"href":"https:\/\/leikin.ch\/en\/wp-json\/wp\/v2\/media?parent=4499"}],"curies":[{"name":"wp","href":"https:\/\/api.w.org\/{rel}","templated":true}]}}