{"id":4275,"date":"2018-08-23T23:54:42","date_gmt":"2018-08-23T21:54:42","guid":{"rendered":"https:\/\/leikin.ch\/price-structure\/"},"modified":"2020-07-22T17:20:52","modified_gmt":"2020-07-22T15:20:52","slug":"price-structure","status":"publish","type":"page","link":"https:\/\/leikin.ch\/en\/price-structure\/","title":{"rendered":"Price structure"},"content":{"rendered":"<p><a href=\"https:\/\/leikin.ch\/wp-content\/uploads\/2018\/07\/Preise-der-Uebersetzungen.jpg\"><img loading=\"lazy\" decoding=\"async\" class=\"size-full wp-image-4281 alignleft\" src=\"https:\/uebersetzungscenter.ch\/wp-content\/uploads\/2018\/07\/Preise-der-Uebersetzungen.jpg\" alt=\"\" width=\"419\" height=\"274\" srcset=\"https:\/\/leikin.ch\/wp-content\/uploads\/2018\/07\/Preise-der-Uebersetzungen.jpg 419w, https:\/\/leikin.ch\/wp-content\/uploads\/2018\/07\/Preise-der-Uebersetzungen-300x196.jpg 300w\" sizes=\"(max-width: 419px) 100vw, 419px\" \/><\/a>The price structure for translations from Leikin depends on multiple factors: the length of the text, how fast it must be delivered, and the quality requirements (e.g. complex issues and terminology).<br \/>\nOur translations are performed by proven, expert translators. Included is an editing step and a comparison with the source text in accordance with the two-person rule.<\/p>\n<p>Although requirements for translations are highly variable, we try to provide a clear, transparent and understandable price structure. The main factor in the price structure is the volume of your translation order.<\/p>\n<h2>1. Price calculation for translation:<\/h2>\n<p>Number of lines x price per line = Final price<br \/>\nPrice per line in CHF 1.50 to 3.00\/standard lines (55 characters including blank spaces)<\/p>\n<h2>2. Official certification including notary visit, fees and postage<\/h2>\n<p>CHF 97.00<\/p>\n<h2>3. Apostille including fees and postage<\/h2>\n<p>CHF 95.00<\/p>\n<p>We are happy to review every order individually and create a customized offer for you. Get in touch with us to discuss your request with one of our project managers. In this consultation, you will discuss the specific requirements and we will gather important information to create a sound offer for you.<\/p>\n<p>For customers with regular and recurring orders, and from a certain order volume, we provide a special annual price which is on average 25-35% below the standard prices. Learn how now! For large volumes, we are also happy to offer you an individual price structure!<\/p>\n<p>&nbsp;<\/p>\n","protected":false},"excerpt":{"rendered":"<p>The price structure for translations from Leikin depends on multiple factors: the length of the text, how fast it must be delivered, and the quality requirements (e.g. complex issues and terminology). Our translations are performed by proven, expert translators. Included is an editing step and a comparison with the source text in accordance with the [&hellip;]<\/p>\n","protected":false},"author":1,"featured_media":0,"parent":0,"menu_order":5,"comment_status":"closed","ping_status":"closed","template":"","meta":{"_et_pb_use_builder":"","_et_pb_old_content":"","_et_gb_content_width":"","footnotes":""},"class_list":["post-4275","page","type-page","status-publish","hentry"],"yoast_head":"<!-- This site is optimized with the Yoast SEO plugin v26.8 - https:\/\/yoast.com\/product\/yoast-seo-wordpress\/ -->\n<title>Price structure - \u00dcbersetzungsb\u00fcro Leikin<\/title>\n<meta name=\"robots\" content=\"index, follow, max-snippet:-1, max-image-preview:large, max-video-preview:-1\" \/>\n<link rel=\"canonical\" href=\"https:\/\/leikin.ch\/en\/price-structure\/\" \/>\n<meta property=\"og:locale\" content=\"en_US\" \/>\n<meta property=\"og:type\" content=\"article\" \/>\n<meta property=\"og:title\" content=\"Price structure - \u00dcbersetzungsb\u00fcro Leikin\" \/>\n<meta property=\"og:description\" content=\"The price structure for translations from Leikin depends on multiple factors: the length of the text, how fast it must be delivered, and the quality requirements (e.g. complex issues and terminology). Our translations are performed by proven, expert translators. Included is an editing step and a comparison with the source text in accordance with the [&hellip;]\" \/>\n<meta property=\"og:url\" content=\"https:\/\/leikin.ch\/en\/price-structure\/\" \/>\n<meta property=\"og:site_name\" content=\"\u00dcbersetzungsb\u00fcro Leikin\" \/>\n<meta property=\"article:publisher\" content=\"https:\/\/www.facebook.com\/uebersetzungscenter\/\" \/>\n<meta property=\"article:modified_time\" content=\"2020-07-22T15:20:52+00:00\" \/>\n<meta name=\"twitter:card\" content=\"summary_large_image\" \/>\n<meta name=\"twitter:site\" content=\"@Leikin21\" \/>\n<meta name=\"twitter:label1\" content=\"Est. reading time\" \/>\n\t<meta name=\"twitter:data1\" content=\"1 minute\" \/>\n<script type=\"application\/ld+json\" class=\"yoast-schema-graph\">{\"@context\":\"https:\/\/schema.org\",\"@graph\":[{\"@type\":\"WebPage\",\"@id\":\"https:\/\/leikin.ch\/en\/price-structure\/\",\"url\":\"https:\/\/leikin.ch\/en\/price-structure\/\",\"name\":\"Price structure - \u00dcbersetzungsb\u00fcro Leikin\",\"isPartOf\":{\"@id\":\"https:\/\/leikin.ch\/#website\"},\"datePublished\":\"2018-08-23T21:54:42+00:00\",\"dateModified\":\"2020-07-22T15:20:52+00:00\",\"breadcrumb\":{\"@id\":\"https:\/\/leikin.ch\/en\/price-structure\/#breadcrumb\"},\"inLanguage\":\"en-US\",\"potentialAction\":[{\"@type\":\"ReadAction\",\"target\":[\"https:\/\/leikin.ch\/en\/price-structure\/\"]}]},{\"@type\":\"BreadcrumbList\",\"@id\":\"https:\/\/leikin.ch\/en\/price-structure\/#breadcrumb\",\"itemListElement\":[{\"@type\":\"ListItem\",\"position\":1,\"name\":\"Startseite\",\"item\":\"https:\/\/leikin.ch\/en\/home\/\"},{\"@type\":\"ListItem\",\"position\":2,\"name\":\"Price structure\"}]},{\"@type\":\"WebSite\",\"@id\":\"https:\/\/leikin.ch\/#website\",\"url\":\"https:\/\/leikin.ch\/\",\"name\":\"\u00dcbersetzungsb\u00fcro Leikin\",\"description\":\"offizielle \u00dcbersetzungen von Dokumenten, Urkunden und Texten\",\"potentialAction\":[{\"@type\":\"SearchAction\",\"target\":{\"@type\":\"EntryPoint\",\"urlTemplate\":\"https:\/\/leikin.ch\/?s={search_term_string}\"},\"query-input\":{\"@type\":\"PropertyValueSpecification\",\"valueRequired\":true,\"valueName\":\"search_term_string\"}}],\"inLanguage\":\"en-US\"}]}<\/script>\n<!-- \/ Yoast SEO plugin. -->","yoast_head_json":{"title":"Price structure - \u00dcbersetzungsb\u00fcro Leikin","robots":{"index":"index","follow":"follow","max-snippet":"max-snippet:-1","max-image-preview":"max-image-preview:large","max-video-preview":"max-video-preview:-1"},"canonical":"https:\/\/leikin.ch\/en\/price-structure\/","og_locale":"en_US","og_type":"article","og_title":"Price structure - \u00dcbersetzungsb\u00fcro Leikin","og_description":"The price structure for translations from Leikin depends on multiple factors: the length of the text, how fast it must be delivered, and the quality requirements (e.g. complex issues and terminology). Our translations are performed by proven, expert translators. Included is an editing step and a comparison with the source text in accordance with the [&hellip;]","og_url":"https:\/\/leikin.ch\/en\/price-structure\/","og_site_name":"\u00dcbersetzungsb\u00fcro Leikin","article_publisher":"https:\/\/www.facebook.com\/uebersetzungscenter\/","article_modified_time":"2020-07-22T15:20:52+00:00","twitter_card":"summary_large_image","twitter_site":"@Leikin21","twitter_misc":{"Est. reading time":"1 minute"},"schema":{"@context":"https:\/\/schema.org","@graph":[{"@type":"WebPage","@id":"https:\/\/leikin.ch\/en\/price-structure\/","url":"https:\/\/leikin.ch\/en\/price-structure\/","name":"Price structure - \u00dcbersetzungsb\u00fcro Leikin","isPartOf":{"@id":"https:\/\/leikin.ch\/#website"},"datePublished":"2018-08-23T21:54:42+00:00","dateModified":"2020-07-22T15:20:52+00:00","breadcrumb":{"@id":"https:\/\/leikin.ch\/en\/price-structure\/#breadcrumb"},"inLanguage":"en-US","potentialAction":[{"@type":"ReadAction","target":["https:\/\/leikin.ch\/en\/price-structure\/"]}]},{"@type":"BreadcrumbList","@id":"https:\/\/leikin.ch\/en\/price-structure\/#breadcrumb","itemListElement":[{"@type":"ListItem","position":1,"name":"Startseite","item":"https:\/\/leikin.ch\/en\/home\/"},{"@type":"ListItem","position":2,"name":"Price structure"}]},{"@type":"WebSite","@id":"https:\/\/leikin.ch\/#website","url":"https:\/\/leikin.ch\/","name":"\u00dcbersetzungsb\u00fcro Leikin","description":"offizielle \u00dcbersetzungen von Dokumenten, Urkunden und Texten","potentialAction":[{"@type":"SearchAction","target":{"@type":"EntryPoint","urlTemplate":"https:\/\/leikin.ch\/?s={search_term_string}"},"query-input":{"@type":"PropertyValueSpecification","valueRequired":true,"valueName":"search_term_string"}}],"inLanguage":"en-US"}]}},"_links":{"self":[{"href":"https:\/\/leikin.ch\/en\/wp-json\/wp\/v2\/pages\/4275","targetHints":{"allow":["GET"]}}],"collection":[{"href":"https:\/\/leikin.ch\/en\/wp-json\/wp\/v2\/pages"}],"about":[{"href":"https:\/\/leikin.ch\/en\/wp-json\/wp\/v2\/types\/page"}],"author":[{"embeddable":true,"href":"https:\/\/leikin.ch\/en\/wp-json\/wp\/v2\/users\/1"}],"replies":[{"embeddable":true,"href":"https:\/\/leikin.ch\/en\/wp-json\/wp\/v2\/comments?post=4275"}],"version-history":[{"count":0,"href":"https:\/\/leikin.ch\/en\/wp-json\/wp\/v2\/pages\/4275\/revisions"}],"wp:attachment":[{"href":"https:\/\/leikin.ch\/en\/wp-json\/wp\/v2\/media?parent=4275"}],"curies":[{"name":"wp","href":"https:\/\/api.w.org\/{rel}","templated":true}]}}