{"id":3185,"date":"2018-07-26T10:59:18","date_gmt":"2018-07-26T08:59:18","guid":{"rendered":"https:\/\/leikin.ch\/?page_id=3185"},"modified":"2019-04-29T16:44:40","modified_gmt":"2019-04-29T14:44:40","slug":"blog","status":"publish","type":"page","link":"https:\/\/leikin.ch\/en\/blog\/","title":{"rendered":"Blog"},"content":{"rendered":"<p>[et_pb_section bb_built=&#8221;1&#8243; inner_width=&#8221;auto&#8221; inner_max_width=&#8221;none&#8221;][et_pb_row][\/et_pb_row][et_pb_row][et_pb_column type=&#8221;4_4&#8243;][et_pb_slider _builder_version=&#8221;3.22.5&#8243; text_shadow_horizontal_length=&#8221;text_shadow_style,%91object Object%93&#8243; text_shadow_vertical_length=&#8221;text_shadow_style,%91object Object%93&#8243; text_shadow_blur_strength=&#8221;text_shadow_style,%91object Object%93&#8243; header_text_shadow_horizontal_length=&#8221;header_text_shadow_style,%91object Object%93&#8243; header_text_shadow_vertical_length=&#8221;header_text_shadow_style,%91object Object%93&#8243; header_text_shadow_blur_strength=&#8221;header_text_shadow_style,%91object Object%93&#8243; body_text_shadow_horizontal_length=&#8221;body_text_shadow_style,%91object Object%93&#8243; body_text_shadow_vertical_length=&#8221;body_text_shadow_style,%91object Object%93&#8243; body_text_shadow_blur_strength=&#8221;body_text_shadow_style,%91object Object%93&#8243; button_text_shadow_horizontal_length=&#8221;button_text_shadow_style,%91object Object%93&#8243; button_text_shadow_vertical_length=&#8221;button_text_shadow_style,%91object Object%93&#8243; button_text_shadow_blur_strength=&#8221;button_text_shadow_style,%91object Object%93&#8243; z_index_tablet=&#8221;500&#8243; background_image=&#8221;https:\/\/leikin.ch\/wp-content\/uploads\/2018\/08\/Leikin-Uebersetzungsbuero-Header.jpg&#8221; text_orientation=&#8221;right&#8221; \/][et_pb_blog _builder_version=&#8221;3.22.5&#8243; text_shadow_horizontal_length=&#8221;text_shadow_style,%91object Object%93&#8243; text_shadow_vertical_length=&#8221;text_shadow_style,%91object Object%93&#8243; text_shadow_blur_strength=&#8221;text_shadow_style,%91object Object%93&#8243; header_text_shadow_horizontal_length=&#8221;header_text_shadow_style,%91object Object%93&#8243; header_text_shadow_vertical_length=&#8221;header_text_shadow_style,%91object Object%93&#8243; header_text_shadow_blur_strength=&#8221;header_text_shadow_style,%91object Object%93&#8243; body_text_shadow_horizontal_length=&#8221;body_text_shadow_style,%91object Object%93&#8243; body_text_shadow_vertical_length=&#8221;body_text_shadow_style,%91object Object%93&#8243; body_text_shadow_blur_strength=&#8221;body_text_shadow_style,%91object Object%93&#8243; meta_text_shadow_horizontal_length=&#8221;meta_text_shadow_style,%91object Object%93&#8243; meta_text_shadow_vertical_length=&#8221;meta_text_shadow_style,%91object Object%93&#8243; meta_text_shadow_blur_strength=&#8221;meta_text_shadow_style,%91object Object%93&#8243; pagination_text_shadow_horizontal_length=&#8221;pagination_text_shadow_style,%91object Object%93&#8243; pagination_text_shadow_vertical_length=&#8221;pagination_text_shadow_style,%91object Object%93&#8243; pagination_text_shadow_blur_strength=&#8221;pagination_text_shadow_style,%91object Object%93&#8243; z_index_tablet=&#8221;500&#8243; \/][et_pb_comments _builder_version=&#8221;3.22.5&#8243; text_shadow_horizontal_length=&#8221;text_shadow_style,%91object Object%93&#8243; text_shadow_vertical_length=&#8221;text_shadow_style,%91object Object%93&#8243; text_shadow_blur_strength=&#8221;text_shadow_style,%91object Object%93&#8243; header_text_shadow_horizontal_length=&#8221;header_text_shadow_style,%91object Object%93&#8243; header_text_shadow_vertical_length=&#8221;header_text_shadow_style,%91object Object%93&#8243; header_text_shadow_blur_strength=&#8221;header_text_shadow_style,%91object Object%93&#8243; body_text_shadow_horizontal_length=&#8221;body_text_shadow_style,%91object Object%93&#8243; body_text_shadow_vertical_length=&#8221;body_text_shadow_style,%91object Object%93&#8243; body_text_shadow_blur_strength=&#8221;body_text_shadow_style,%91object Object%93&#8243; form_field_text_shadow_horizontal_length=&#8221;form_field_text_shadow_style,%91object Object%93&#8243; form_field_text_shadow_vertical_length=&#8221;form_field_text_shadow_style,%91object Object%93&#8243; form_field_text_shadow_blur_strength=&#8221;form_field_text_shadow_style,%91object Object%93&#8243; meta_text_shadow_horizontal_length=&#8221;meta_text_shadow_style,%91object Object%93&#8243; meta_text_shadow_vertical_length=&#8221;meta_text_shadow_style,%91object Object%93&#8243; meta_text_shadow_blur_strength=&#8221;meta_text_shadow_style,%91object Object%93&#8243; button_text_shadow_horizontal_length=&#8221;button_text_shadow_style,%91object Object%93&#8243; button_text_shadow_vertical_length=&#8221;button_text_shadow_style,%91object Object%93&#8243; button_text_shadow_blur_strength=&#8221;button_text_shadow_style,%91object Object%93&#8243; z_index_tablet=&#8221;500&#8243; \/][et_pb_contact_form _builder_version=&#8221;3.22.5&#8243; text_shadow_horizontal_length=&#8221;text_shadow_style,%91object Object%93&#8243; text_shadow_vertical_length=&#8221;text_shadow_style,%91object Object%93&#8243; text_shadow_blur_strength=&#8221;text_shadow_style,%91object Object%93&#8243; title_text_shadow_horizontal_length=&#8221;title_text_shadow_style,%91object Object%93&#8243; title_text_shadow_vertical_length=&#8221;title_text_shadow_style,%91object Object%93&#8243; title_text_shadow_blur_strength=&#8221;title_text_shadow_style,%91object Object%93&#8243; form_field_text_shadow_horizontal_length=&#8221;form_field_text_shadow_style,%91object Object%93&#8243; form_field_text_shadow_vertical_length=&#8221;form_field_text_shadow_style,%91object Object%93&#8243; form_field_text_shadow_blur_strength=&#8221;form_field_text_shadow_style,%91object Object%93&#8243; button_text_shadow_horizontal_length=&#8221;button_text_shadow_style,%91object Object%93&#8243; button_text_shadow_vertical_length=&#8221;button_text_shadow_style,%91object Object%93&#8243; button_text_shadow_blur_strength=&#8221;button_text_shadow_style,%91object Object%93&#8243; z_index_tablet=&#8221;500&#8243;][et_pb_contact_field field_title=&#8221;Name&#8221; field_type=&#8221;input&#8221; field_id=&#8221;Name&#8221; required_mark=&#8221;on&#8221; fullwidth_field=&#8221;off&#8221; \/][et_pb_contact_field field_title=&#8221;E-Mail-Adresse&#8221; field_type=&#8221;email&#8221; field_id=&#8221;Email&#8221; required_mark=&#8221;on&#8221; fullwidth_field=&#8221;off&#8221; \/][et_pb_contact_field field_title=&#8221;Nachricht&#8221; field_type=&#8221;text&#8221; field_id=&#8221;Message&#8221; required_mark=&#8221;on&#8221; fullwidth_field=&#8221;on&#8221; \/][\/et_pb_contact_form][\/et_pb_column][\/et_pb_row][\/et_pb_section]<\/p>\n","protected":false},"excerpt":{"rendered":"<p><div class=\"et_pb_row et_pb_row_0 et_pb_row_empty\">\n\t\t\t\t\n\t\t\t\t\n\t\t\t\t\n\t\t\t\t\n\t\t\t\t\n\t\t\t<\/div><div class=\"et_pb_row et_pb_row_1 et_pb_row_empty\">\n\t\t\t\t\n\t\t\t\t\n\t\t\t\t\n\t\t\t\t\n\t\t\t\t\n\t\t\t<\/div><\/p>\n","protected":false},"author":1,"featured_media":0,"parent":0,"menu_order":7,"comment_status":"closed","ping_status":"closed","template":"","meta":{"_et_pb_use_builder":"on","_et_pb_old_content":"","_et_gb_content_width":"","footnotes":""},"class_list":["post-3185","page","type-page","status-publish","hentry"],"yoast_head":"<!-- This site is optimized with the Yoast SEO plugin v26.8 - https:\/\/yoast.com\/product\/yoast-seo-wordpress\/ -->\n<title>Blog - \u00dcbersetzungsb\u00fcro Leikin<\/title>\n<meta name=\"robots\" content=\"index, follow, max-snippet:-1, max-image-preview:large, max-video-preview:-1\" \/>\n<link rel=\"canonical\" href=\"https:\/\/leikin.ch\/en\/blog\/\" \/>\n<meta property=\"og:locale\" content=\"en_US\" \/>\n<meta property=\"og:type\" content=\"article\" \/>\n<meta property=\"og:title\" content=\"Blog - \u00dcbersetzungsb\u00fcro Leikin\" \/>\n<meta property=\"og:url\" content=\"https:\/\/leikin.ch\/en\/blog\/\" \/>\n<meta property=\"og:site_name\" content=\"\u00dcbersetzungsb\u00fcro Leikin\" \/>\n<meta property=\"article:publisher\" content=\"https:\/\/www.facebook.com\/uebersetzungscenter\/\" \/>\n<meta property=\"article:modified_time\" content=\"2019-04-29T14:44:40+00:00\" \/>\n<meta name=\"twitter:card\" content=\"summary_large_image\" \/>\n<meta name=\"twitter:description\" content=\"[et_pb_row][et_pb_row]\" \/>\n<meta name=\"twitter:site\" content=\"@Leikin21\" \/>\n<meta name=\"twitter:label1\" content=\"Est. reading time\" \/>\n\t<meta name=\"twitter:data1\" content=\"4 minutes\" \/>\n<script type=\"application\/ld+json\" class=\"yoast-schema-graph\">{\"@context\":\"https:\/\/schema.org\",\"@graph\":[{\"@type\":\"WebPage\",\"@id\":\"https:\/\/leikin.ch\/en\/blog\/\",\"url\":\"https:\/\/leikin.ch\/en\/blog\/\",\"name\":\"Blog - \u00dcbersetzungsb\u00fcro Leikin\",\"isPartOf\":{\"@id\":\"https:\/\/leikin.ch\/#website\"},\"datePublished\":\"2018-07-26T08:59:18+00:00\",\"dateModified\":\"2019-04-29T14:44:40+00:00\",\"breadcrumb\":{\"@id\":\"https:\/\/leikin.ch\/en\/blog\/#breadcrumb\"},\"inLanguage\":\"en-US\",\"potentialAction\":[{\"@type\":\"ReadAction\",\"target\":[\"https:\/\/leikin.ch\/en\/blog\/\"]}]},{\"@type\":\"BreadcrumbList\",\"@id\":\"https:\/\/leikin.ch\/en\/blog\/#breadcrumb\",\"itemListElement\":[{\"@type\":\"ListItem\",\"position\":1,\"name\":\"Startseite\",\"item\":\"https:\/\/leikin.ch\/en\/home\/\"},{\"@type\":\"ListItem\",\"position\":2,\"name\":\"Blog\"}]},{\"@type\":\"WebSite\",\"@id\":\"https:\/\/leikin.ch\/#website\",\"url\":\"https:\/\/leikin.ch\/\",\"name\":\"\u00dcbersetzungsb\u00fcro Leikin\",\"description\":\"offizielle \u00dcbersetzungen von Dokumenten, Urkunden und Texten\",\"potentialAction\":[{\"@type\":\"SearchAction\",\"target\":{\"@type\":\"EntryPoint\",\"urlTemplate\":\"https:\/\/leikin.ch\/?s={search_term_string}\"},\"query-input\":{\"@type\":\"PropertyValueSpecification\",\"valueRequired\":true,\"valueName\":\"search_term_string\"}}],\"inLanguage\":\"en-US\"}]}<\/script>\n<!-- \/ Yoast SEO plugin. -->","yoast_head_json":{"title":"Blog - \u00dcbersetzungsb\u00fcro Leikin","robots":{"index":"index","follow":"follow","max-snippet":"max-snippet:-1","max-image-preview":"max-image-preview:large","max-video-preview":"max-video-preview:-1"},"canonical":"https:\/\/leikin.ch\/en\/blog\/","og_locale":"en_US","og_type":"article","og_title":"Blog - \u00dcbersetzungsb\u00fcro Leikin","og_url":"https:\/\/leikin.ch\/en\/blog\/","og_site_name":"\u00dcbersetzungsb\u00fcro Leikin","article_publisher":"https:\/\/www.facebook.com\/uebersetzungscenter\/","article_modified_time":"2019-04-29T14:44:40+00:00","twitter_card":"summary_large_image","twitter_description":"[et_pb_row][et_pb_row]","twitter_site":"@Leikin21","twitter_misc":{"Est. reading time":"4 minutes"},"schema":{"@context":"https:\/\/schema.org","@graph":[{"@type":"WebPage","@id":"https:\/\/leikin.ch\/en\/blog\/","url":"https:\/\/leikin.ch\/en\/blog\/","name":"Blog - \u00dcbersetzungsb\u00fcro Leikin","isPartOf":{"@id":"https:\/\/leikin.ch\/#website"},"datePublished":"2018-07-26T08:59:18+00:00","dateModified":"2019-04-29T14:44:40+00:00","breadcrumb":{"@id":"https:\/\/leikin.ch\/en\/blog\/#breadcrumb"},"inLanguage":"en-US","potentialAction":[{"@type":"ReadAction","target":["https:\/\/leikin.ch\/en\/blog\/"]}]},{"@type":"BreadcrumbList","@id":"https:\/\/leikin.ch\/en\/blog\/#breadcrumb","itemListElement":[{"@type":"ListItem","position":1,"name":"Startseite","item":"https:\/\/leikin.ch\/en\/home\/"},{"@type":"ListItem","position":2,"name":"Blog"}]},{"@type":"WebSite","@id":"https:\/\/leikin.ch\/#website","url":"https:\/\/leikin.ch\/","name":"\u00dcbersetzungsb\u00fcro Leikin","description":"offizielle \u00dcbersetzungen von Dokumenten, Urkunden und Texten","potentialAction":[{"@type":"SearchAction","target":{"@type":"EntryPoint","urlTemplate":"https:\/\/leikin.ch\/?s={search_term_string}"},"query-input":{"@type":"PropertyValueSpecification","valueRequired":true,"valueName":"search_term_string"}}],"inLanguage":"en-US"}]}},"_links":{"self":[{"href":"https:\/\/leikin.ch\/en\/wp-json\/wp\/v2\/pages\/3185","targetHints":{"allow":["GET"]}}],"collection":[{"href":"https:\/\/leikin.ch\/en\/wp-json\/wp\/v2\/pages"}],"about":[{"href":"https:\/\/leikin.ch\/en\/wp-json\/wp\/v2\/types\/page"}],"author":[{"embeddable":true,"href":"https:\/\/leikin.ch\/en\/wp-json\/wp\/v2\/users\/1"}],"replies":[{"embeddable":true,"href":"https:\/\/leikin.ch\/en\/wp-json\/wp\/v2\/comments?post=3185"}],"version-history":[{"count":0,"href":"https:\/\/leikin.ch\/en\/wp-json\/wp\/v2\/pages\/3185\/revisions"}],"wp:attachment":[{"href":"https:\/\/leikin.ch\/en\/wp-json\/wp\/v2\/media?parent=3185"}],"curies":[{"name":"wp","href":"https:\/\/api.w.org\/{rel}","templated":true}]}}