{"id":17,"date":"2013-11-12T10:05:02","date_gmt":"2013-11-12T09:05:02","guid":{"rendered":"http:\/\/localhost\/ubersetzung\/?page_id=17"},"modified":"2026-01-12T11:19:38","modified_gmt":"2026-01-12T10:19:38","slug":"translations","status":"publish","type":"page","link":"https:\/\/leikin.ch\/en\/translations\/","title":{"rendered":"Education"},"content":{"rendered":"<p>[et_pb_section fb_built=&#8221;1&#8243; _builder_version=&#8221;4.16&#8243; custom_margin=&#8221;||-25px|||&#8221; global_colors_info=&#8221;{}&#8221;][et_pb_row _builder_version=&#8221;4.27.2&#8243; background_size=&#8221;initial&#8221; background_position=&#8221;top_left&#8221; background_repeat=&#8221;repeat&#8221; custom_padding=&#8221;||3px|||&#8221; global_colors_info=&#8221;{}&#8221;][et_pb_column type=&#8221;4_4&#8243; _builder_version=&#8221;4.16&#8243; custom_padding=&#8221;|||&#8221; global_colors_info=&#8221;{}&#8221; custom_padding__hover=&#8221;|||&#8221;][et_pb_slider module_class=&#8221;start-slider&#8221; _builder_version=&#8221;4.27.2&#8243; header_text_align=&#8221;right&#8221; body_font=&#8221;Times New Roman|700|||||||&#8221; body_text_align=&#8221;right&#8221; body_font_size=&#8221;30px&#8221; text_orientation=&#8221;right&#8221; global_colors_info=&#8221;{}&#8221; button_text_size__hover_enabled=&#8221;off&#8221; button_text_size__hover=&#8221;null&#8221; button_one_text_size__hover_enabled=&#8221;off&#8221; button_one_text_size__hover=&#8221;null&#8221; button_two_text_size__hover_enabled=&#8221;off&#8221; button_two_text_size__hover=&#8221;null&#8221; button_text_color__hover_enabled=&#8221;off&#8221; button_text_color__hover=&#8221;null&#8221; button_one_text_color__hover_enabled=&#8221;off&#8221; button_one_text_color__hover=&#8221;null&#8221; button_two_text_color__hover_enabled=&#8221;off&#8221; button_two_text_color__hover=&#8221;null&#8221; button_border_width__hover_enabled=&#8221;off&#8221; button_border_width__hover=&#8221;null&#8221; button_one_border_width__hover_enabled=&#8221;off&#8221; button_one_border_width__hover=&#8221;null&#8221; button_two_border_width__hover_enabled=&#8221;off&#8221; button_two_border_width__hover=&#8221;null&#8221; button_border_color__hover_enabled=&#8221;off&#8221; button_border_color__hover=&#8221;null&#8221; button_one_border_color__hover_enabled=&#8221;off&#8221; button_one_border_color__hover=&#8221;null&#8221; button_two_border_color__hover_enabled=&#8221;off&#8221; button_two_border_color__hover=&#8221;null&#8221; button_border_radius__hover_enabled=&#8221;off&#8221; button_border_radius__hover=&#8221;null&#8221; button_one_border_radius__hover_enabled=&#8221;off&#8221; button_one_border_radius__hover=&#8221;null&#8221; button_two_border_radius__hover_enabled=&#8221;off&#8221; button_two_border_radius__hover=&#8221;null&#8221; button_letter_spacing__hover_enabled=&#8221;off&#8221; button_letter_spacing__hover=&#8221;null&#8221; button_one_letter_spacing__hover_enabled=&#8221;off&#8221; button_one_letter_spacing__hover=&#8221;null&#8221; button_two_letter_spacing__hover_enabled=&#8221;off&#8221; button_two_letter_spacing__hover=&#8221;null&#8221; button_bg_color__hover_enabled=&#8221;off&#8221; button_bg_color__hover=&#8221;null&#8221; button_one_bg_color__hover_enabled=&#8221;off&#8221; button_one_bg_color__hover=&#8221;null&#8221; button_two_bg_color__hover_enabled=&#8221;off&#8221; button_two_bg_color__hover=&#8221;null&#8221;][et_pb_slide heading=&#8221;education&#8221; use_bg_overlay=&#8221;off&#8221; use_text_overlay=&#8221;off&#8221; _builder_version=&#8221;4.27.2&#8243; header_level=&#8221;h1&#8243; header_font=&#8221;|700|||||||&#8221; header_text_color=&#8221;#278bbc&#8221; header_font_size=&#8221;35&#8243; body_font_size=&#8221;20px&#8221; background_color=&#8221;#ffffff&#8221; background_image=&#8221;https:\/\/leikin.ch\/wp-content\/uploads\/2018\/08\/Leikin-Uebersetzungsbuero-Header.jpg&#8221; button_on_hover=&#8221;on&#8221; background_layout=&#8221;light&#8221; custom_padding=&#8221;|||50%&#8221; custom_padding_tablet=&#8221;|||10%&#8221; custom_padding_phone=&#8221;|||0%&#8221; custom_padding_last_edited=&#8221;on|phone&#8221; header_font_size_tablet=&#8221;35&#8243; header_font_size_phone=&#8221;23&#8243; header_font_size_last_edited=&#8221;on|phone&#8221; global_colors_info=&#8221;{}&#8221; button_text_size__hover_enabled=&#8221;off&#8221; button_one_text_size__hover_enabled=&#8221;off&#8221; button_two_text_size__hover_enabled=&#8221;off&#8221; button_text_color__hover_enabled=&#8221;off&#8221; button_one_text_color__hover_enabled=&#8221;off&#8221; button_two_text_color__hover_enabled=&#8221;off&#8221; button_border_width__hover_enabled=&#8221;off&#8221; button_one_border_width__hover_enabled=&#8221;off&#8221; button_two_border_width__hover_enabled=&#8221;off&#8221; button_border_color__hover_enabled=&#8221;off&#8221; button_one_border_color__hover_enabled=&#8221;off&#8221; button_two_border_color__hover_enabled=&#8221;off&#8221; button_border_radius__hover_enabled=&#8221;off&#8221; button_one_border_radius__hover_enabled=&#8221;off&#8221; button_two_border_radius__hover_enabled=&#8221;off&#8221; button_letter_spacing__hover_enabled=&#8221;off&#8221; button_one_letter_spacing__hover_enabled=&#8221;off&#8221; button_two_letter_spacing__hover_enabled=&#8221;off&#8221; button_bg_color__hover_enabled=&#8221;off&#8221; button_one_bg_color__hover_enabled=&#8221;off&#8221; button_two_bg_color__hover_enabled=&#8221;off&#8221; sticky_transition=&#8221;on&#8221;]<\/p>\n<p><strong>Professional certified translations of diplomas, certificates, documents and much more.<\/strong><\/p>\n<p>[\/et_pb_slide][\/et_pb_slider][et_pb_text _builder_version=&#8221;4.27.4&#8243; text_font=&#8221;Times New Roman||||||||&#8221; text_text_color=&#8221;#000000&#8243; text_font_size=&#8221;90px&#8221; custom_margin=&#8221;||-10px||false|false&#8221; hover_enabled=&#8221;0&#8243; global_colors_info=&#8221;{}&#8221; sticky_enabled=&#8221;0&#8243;]<\/p>\n<h4><a href=\"https:\/\/leikin.ch\/wp-content\/uploads\/2024\/12\/CH.Fahne_.png\" data-mce-fragment=\"1\"><img loading=\"lazy\" decoding=\"async\" class=\"wp-image-11018 alignnone \" src=\"https:\/\/leikin.ch\/wp-content\/uploads\/2024\/12\/CH.Fahne_.png\" alt=\"\" width=\"45\" height=\"40\" data-mce-fragment=\"1\" \/><\/a>\u200b Certified translations for your future: diplomas &amp; certificates, marriage certificates, etc., quickly and reliably! Recognized in every country. <em><a class=\"mail-link\" href=\"mailto:info@uebersetzungscenter.ch\" data-enc-email=\"vasb[at]hrorefrgmhatfpragre.pu\" data-wpel-link=\"ignore\"><span class=\"\"><span style=\"color: #3366ff;\">\u00a0Excellent quality and expertise.<br \/><\/span><\/span><\/a><\/em><\/h4>\n<p>[\/et_pb_text][\/et_pb_column][\/et_pb_row][\/et_pb_section][et_pb_section fb_built=&#8221;1&#8243; specialty=&#8221;on&#8221; _builder_version=&#8221;4.16&#8243; _module_preset=&#8221;default&#8221; global_colors_info=&#8221;{}&#8221;][et_pb_column type=&#8221;2_3&#8243; specialty_columns=&#8221;2&#8243; _builder_version=&#8221;4.16&#8243; custom_padding=&#8221;|||&#8221; global_colors_info=&#8221;{}&#8221; custom_padding__hover=&#8221;|||&#8221;][et_pb_row_inner column_structure=&#8221;1_2,1_2&#8243; _builder_version=&#8221;4.16&#8243; _module_preset=&#8221;default&#8221; global_colors_info=&#8221;{}&#8221;][et_pb_column_inner type=&#8221;1_2&#8243; saved_specialty_column_type=&#8221;2_3&#8243; _builder_version=&#8221;4.16&#8243; _module_preset=&#8221;default&#8221; global_colors_info=&#8221;{}&#8221;][et_pb_image src=&#8221;https:\/\/leikin.ch\/wp-content\/uploads\/2020\/07\/Notar.jpg&#8221; title_text=&#8221;notary&#8221; _builder_version=&#8221;4.27.2&#8243; _module_preset=&#8221;default&#8221; global_colors_info=&#8221;{}&#8221;][\/et_pb_image][et_pb_text _builder_version=&#8221;4.27.4&#8243; _module_preset=&#8221;default&#8221; hover_enabled=&#8221;0&#8243; global_colors_info=&#8221;{}&#8221; sticky_enabled=&#8221;0&#8243;]<\/p>\n<h3><strong><em>Our certified translations are internationally recognized.<\/em><\/strong><\/h3>\n<p>[\/et_pb_text][et_pb_text _builder_version=&#8221;4.27.4&#8243; _module_preset=&#8221;default&#8221; hover_enabled=&#8221;0&#8243; global_colors_info=&#8221;{}&#8221; sticky_enabled=&#8221;0&#8243;]<\/p>\n<h3><strong><em>Our certified translations are internationally recognized.<\/em><\/strong><\/h3>\n<p>[\/et_pb_text][et_pb_image src=&#8221;https:\/\/leikin.ch\/wp-content\/uploads\/2024\/12\/Diplom2.png&#8221; title_text=&#8221;Diplom2&#8243; _builder_version=&#8221;4.27.2&#8243; _module_preset=&#8221;default&#8221; global_colors_info=&#8221;{}&#8221;][\/et_pb_image][\/et_pb_column_inner][et_pb_column_inner type=&#8221;1_2&#8243; saved_specialty_column_type=&#8221;2_3&#8243; _builder_version=&#8221;4.16&#8243; _module_preset=&#8221;default&#8221; global_colors_info=&#8221;{}&#8221;][et_pb_text _builder_version=&#8221;4.27.4&#8243; _module_preset=&#8221;default&#8221; text_font=&#8221;Times New Roman||||||||&#8221; text_font_size=&#8221;90px&#8221; custom_margin=&#8221;-50px||||false|false&#8221; hover_enabled=&#8221;0&#8243; global_colors_info=&#8221;{}&#8221; sticky_enabled=&#8221;0&#8243;]<\/p>\n<h1><strong>Certified translations of your diplomas and certificates<\/strong><\/h1>\n<p><\/p>\n<h4>Ready for the next step in your career? We offer certified translations of your diplomas and certificates that are internationally recognized. Trust our experienced translation center in Switzerland and open doors to new opportunities! Check out our examples and let us help you achieve your international goals! Contact us now! <br \/><a href=\"mailto:info@uebersetzungscenter.ch\">info@uebersetzungscenter.ch<\/a> +41 56 427 27 15<br \/>You will receive your translations by mail. <a href=\"https:\/\/leikin.ch\/wp-content\/uploads\/2024\/10\/Bildschirmfoto_4-10-2024_132616_www.xn-beglaubigte-bersetzung-3lc.de_.jpeg\"><img loading=\"lazy\" decoding=\"async\" class=\"wp-image-9933 alignnone \" src=\"https:\/\/leikin.ch\/wp-content\/uploads\/2024\/10\/Bildschirmfoto_4-10-2024_132616_www.xn-beglaubigte-bersetzung-3lc.de_.jpeg\" alt=\"\" width=\"84\" height=\"76\" \/><\/a><\/h4>\n<p>[\/et_pb_text][et_pb_image src=&#8221;https:\/\/leikin.ch\/wp-content\/uploads\/2024\/12\/Zeugnis3.png&#8221; title_text=&#8221;Certificate3&#8243; _builder_version=&#8221;4.27.2&#8243; _module_preset=&#8221;default&#8221; global_colors_info=&#8221;{}&#8221;][\/et_pb_image][\/et_pb_column_inner][\/et_pb_row_inner][\/et_pb_column][et_pb_column type=&#8221;1_3&#8243; _builder_version=&#8221;4.16&#8243; custom_padding=&#8221;|||&#8221; global_colors_info=&#8221;{}&#8221; custom_padding__hover=&#8221;|||&#8221;]<\/p>\n<p>[et_pb_sidebar area=&#8221;sidebar-1&#8243; _builder_version=&#8221;4.16&#8243; global_colors_info=&#8221;{}&#8221;][\/et_pb_sidebar]<\/p>\n<p>[\/et_pb_column][\/et_pb_section]<\/p>\n","protected":false},"excerpt":{"rendered":"<p>Professional certified translations of diplomas, certificates, documents and much more.\u200b Certified translations for your future: diplomas &amp; certificates, marriage certificates, etc., quickly and reliably! Recognized in every country. \u00a0Excellent quality and expertise.Our certified translations are internationally recognized.Our certified translations are internationally recognized.Certified translations of your diplomas and certificatesReady for the next step in your career? [&hellip;]<\/p>\n","protected":false},"author":1,"featured_media":0,"parent":0,"menu_order":0,"comment_status":"open","ping_status":"closed","template":"","meta":{"_et_pb_use_builder":"on","_et_pb_old_content":"","_et_gb_content_width":"","footnotes":""},"class_list":["post-17","page","type-page","status-publish","hentry"],"yoast_head":"<!-- This site is optimized with the Yoast SEO plugin v26.8 - https:\/\/yoast.com\/product\/yoast-seo-wordpress\/ -->\n<title>Certified translations of your diplomas and certificates<\/title>\n<meta name=\"description\" content=\"Certified translations of diplomas and certificates, fast and reliable! Recognized in every country. Diplomas, certificates, evidence.\" \/>\n<meta name=\"robots\" content=\"index, follow, max-snippet:-1, max-image-preview:large, max-video-preview:-1\" \/>\n<link rel=\"canonical\" href=\"https:\/\/leikin.ch\/en\/translations\/\" \/>\n<meta property=\"og:locale\" content=\"en_US\" \/>\n<meta property=\"og:type\" content=\"article\" \/>\n<meta property=\"og:title\" content=\"Certified translations of your diplomas and certificates\" \/>\n<meta property=\"og:description\" content=\"Certified translations of diplomas and certificates, fast and reliable! Recognized in every country. Diplomas, certificates, evidence.\" \/>\n<meta property=\"og:url\" content=\"https:\/\/leikin.ch\/en\/translations\/\" \/>\n<meta property=\"og:site_name\" content=\"\u00dcbersetzungsb\u00fcro Leikin\" \/>\n<meta property=\"article:publisher\" content=\"https:\/\/www.facebook.com\/uebersetzungscenter\/\" \/>\n<meta property=\"article:modified_time\" content=\"2026-01-12T10:19:38+00:00\" \/>\n<meta property=\"og:image\" content=\"https:\/\/leikin.ch\/wp-content\/uploads\/2024\/12\/CH.Fahne_.png\" \/>\n\t<meta property=\"og:image:width\" content=\"96\" \/>\n\t<meta property=\"og:image:height\" content=\"85\" \/>\n\t<meta property=\"og:image:type\" content=\"image\/png\" \/>\n<meta name=\"twitter:card\" content=\"summary_large_image\" \/>\n<meta name=\"twitter:site\" content=\"@Leikin21\" \/>\n<meta name=\"twitter:label1\" content=\"Est. reading time\" \/>\n\t<meta name=\"twitter:data1\" content=\"5 minutes\" \/>\n<script type=\"application\/ld+json\" class=\"yoast-schema-graph\">{\"@context\":\"https:\/\/schema.org\",\"@graph\":[{\"@type\":\"WebPage\",\"@id\":\"https:\/\/leikin.ch\/en\/translations\/\",\"url\":\"https:\/\/leikin.ch\/en\/translations\/\",\"name\":\"Certified translations of your diplomas and certificates\",\"isPartOf\":{\"@id\":\"https:\/\/leikin.ch\/#website\"},\"primaryImageOfPage\":{\"@id\":\"https:\/\/leikin.ch\/en\/translations\/#primaryimage\"},\"image\":{\"@id\":\"https:\/\/leikin.ch\/en\/translations\/#primaryimage\"},\"thumbnailUrl\":\"https:\/\/leikin.ch\/wp-content\/uploads\/2024\/12\/CH.Fahne_.png\",\"datePublished\":\"2013-11-12T09:05:02+00:00\",\"dateModified\":\"2026-01-12T10:19:38+00:00\",\"description\":\"Certified translations of diplomas and certificates, fast and reliable! Recognized in every country. Diplomas, certificates, evidence.\",\"breadcrumb\":{\"@id\":\"https:\/\/leikin.ch\/en\/translations\/#breadcrumb\"},\"inLanguage\":\"en-US\",\"potentialAction\":[{\"@type\":\"ReadAction\",\"target\":[\"https:\/\/leikin.ch\/en\/translations\/\"]}]},{\"@type\":\"ImageObject\",\"inLanguage\":\"en-US\",\"@id\":\"https:\/\/leikin.ch\/en\/translations\/#primaryimage\",\"url\":\"https:\/\/leikin.ch\/wp-content\/uploads\/2024\/12\/CH.Fahne_.png\",\"contentUrl\":\"https:\/\/leikin.ch\/wp-content\/uploads\/2024\/12\/CH.Fahne_.png\"},{\"@type\":\"BreadcrumbList\",\"@id\":\"https:\/\/leikin.ch\/en\/translations\/#breadcrumb\",\"itemListElement\":[{\"@type\":\"ListItem\",\"position\":1,\"name\":\"Startseite\",\"item\":\"https:\/\/leikin.ch\/en\/home\/\"},{\"@type\":\"ListItem\",\"position\":2,\"name\":\"Education\"}]},{\"@type\":\"WebSite\",\"@id\":\"https:\/\/leikin.ch\/#website\",\"url\":\"https:\/\/leikin.ch\/\",\"name\":\"\u00dcbersetzungsb\u00fcro Leikin\",\"description\":\"offizielle \u00dcbersetzungen von Dokumenten, Urkunden und Texten\",\"potentialAction\":[{\"@type\":\"SearchAction\",\"target\":{\"@type\":\"EntryPoint\",\"urlTemplate\":\"https:\/\/leikin.ch\/?s={search_term_string}\"},\"query-input\":{\"@type\":\"PropertyValueSpecification\",\"valueRequired\":true,\"valueName\":\"search_term_string\"}}],\"inLanguage\":\"en-US\"}]}<\/script>\n<!-- \/ Yoast SEO plugin. -->","yoast_head_json":{"title":"Certified translations of your diplomas and certificates","description":"Certified translations of diplomas and certificates, fast and reliable! Recognized in every country. Diplomas, certificates, evidence.","robots":{"index":"index","follow":"follow","max-snippet":"max-snippet:-1","max-image-preview":"max-image-preview:large","max-video-preview":"max-video-preview:-1"},"canonical":"https:\/\/leikin.ch\/en\/translations\/","og_locale":"en_US","og_type":"article","og_title":"Certified translations of your diplomas and certificates","og_description":"Certified translations of diplomas and certificates, fast and reliable! Recognized in every country. Diplomas, certificates, evidence.","og_url":"https:\/\/leikin.ch\/en\/translations\/","og_site_name":"\u00dcbersetzungsb\u00fcro Leikin","article_publisher":"https:\/\/www.facebook.com\/uebersetzungscenter\/","article_modified_time":"2026-01-12T10:19:38+00:00","og_image":[{"width":96,"height":85,"url":"https:\/\/leikin.ch\/wp-content\/uploads\/2024\/12\/CH.Fahne_.png","type":"image\/png"}],"twitter_card":"summary_large_image","twitter_site":"@Leikin21","twitter_misc":{"Est. reading time":"5 minutes"},"schema":{"@context":"https:\/\/schema.org","@graph":[{"@type":"WebPage","@id":"https:\/\/leikin.ch\/en\/translations\/","url":"https:\/\/leikin.ch\/en\/translations\/","name":"Certified translations of your diplomas and certificates","isPartOf":{"@id":"https:\/\/leikin.ch\/#website"},"primaryImageOfPage":{"@id":"https:\/\/leikin.ch\/en\/translations\/#primaryimage"},"image":{"@id":"https:\/\/leikin.ch\/en\/translations\/#primaryimage"},"thumbnailUrl":"https:\/\/leikin.ch\/wp-content\/uploads\/2024\/12\/CH.Fahne_.png","datePublished":"2013-11-12T09:05:02+00:00","dateModified":"2026-01-12T10:19:38+00:00","description":"Certified translations of diplomas and certificates, fast and reliable! Recognized in every country. Diplomas, certificates, evidence.","breadcrumb":{"@id":"https:\/\/leikin.ch\/en\/translations\/#breadcrumb"},"inLanguage":"en-US","potentialAction":[{"@type":"ReadAction","target":["https:\/\/leikin.ch\/en\/translations\/"]}]},{"@type":"ImageObject","inLanguage":"en-US","@id":"https:\/\/leikin.ch\/en\/translations\/#primaryimage","url":"https:\/\/leikin.ch\/wp-content\/uploads\/2024\/12\/CH.Fahne_.png","contentUrl":"https:\/\/leikin.ch\/wp-content\/uploads\/2024\/12\/CH.Fahne_.png"},{"@type":"BreadcrumbList","@id":"https:\/\/leikin.ch\/en\/translations\/#breadcrumb","itemListElement":[{"@type":"ListItem","position":1,"name":"Startseite","item":"https:\/\/leikin.ch\/en\/home\/"},{"@type":"ListItem","position":2,"name":"Education"}]},{"@type":"WebSite","@id":"https:\/\/leikin.ch\/#website","url":"https:\/\/leikin.ch\/","name":"\u00dcbersetzungsb\u00fcro Leikin","description":"offizielle \u00dcbersetzungen von Dokumenten, Urkunden und Texten","potentialAction":[{"@type":"SearchAction","target":{"@type":"EntryPoint","urlTemplate":"https:\/\/leikin.ch\/?s={search_term_string}"},"query-input":{"@type":"PropertyValueSpecification","valueRequired":true,"valueName":"search_term_string"}}],"inLanguage":"en-US"}]}},"_links":{"self":[{"href":"https:\/\/leikin.ch\/en\/wp-json\/wp\/v2\/pages\/17","targetHints":{"allow":["GET"]}}],"collection":[{"href":"https:\/\/leikin.ch\/en\/wp-json\/wp\/v2\/pages"}],"about":[{"href":"https:\/\/leikin.ch\/en\/wp-json\/wp\/v2\/types\/page"}],"author":[{"embeddable":true,"href":"https:\/\/leikin.ch\/en\/wp-json\/wp\/v2\/users\/1"}],"replies":[{"embeddable":true,"href":"https:\/\/leikin.ch\/en\/wp-json\/wp\/v2\/comments?post=17"}],"version-history":[{"count":42,"href":"https:\/\/leikin.ch\/en\/wp-json\/wp\/v2\/pages\/17\/revisions"}],"predecessor-version":[{"id":11332,"href":"https:\/\/leikin.ch\/en\/wp-json\/wp\/v2\/pages\/17\/revisions\/11332"}],"wp:attachment":[{"href":"https:\/\/leikin.ch\/en\/wp-json\/wp\/v2\/media?parent=17"}],"curies":[{"name":"wp","href":"https:\/\/api.w.org\/{rel}","templated":true}]}}