{"id":11336,"date":"2025-02-17T17:16:06","date_gmt":"2025-02-17T16:16:06","guid":{"rendered":"https:\/\/leikin.ch\/translations\/target-languages\/"},"modified":"2026-01-12T11:34:15","modified_gmt":"2026-01-12T10:34:15","slug":"target-languages","status":"publish","type":"page","link":"https:\/\/leikin.ch\/en\/translations\/target-languages\/","title":{"rendered":"Target languages"},"content":{"rendered":"<p>[et_pb_section fb_built=&#8221;1&#8243; admin_label=&#8221;section&#8221; _builder_version=&#8221;4.16&#8243; global_colors_info=&#8221;{}&#8221;][et_pb_row column_structure=&#8221;1_3,1_3,1_3&#8243; admin_label=&#8221;row&#8221; _builder_version=&#8221;4.16&#8243; background_size=&#8221;initial&#8221; background_position=&#8221;top_left&#8221; background_repeat=&#8221;repeat&#8221; global_colors_info=&#8221;{}&#8221;][et_pb_column type=&#8221;1_3&#8243; _builder_version=&#8221;4.16&#8243; custom_padding=&#8221;|||&#8221; global_colors_info=&#8221;{}&#8221; custom_padding__hover=&#8221;|||&#8221;][et_pb_text _builder_version=&#8221;4.27.2&#8243; _module_preset=&#8221;default&#8221; global_colors_info=&#8221;{}&#8221;]<\/p>\n<h2><strong>Affordable translations into all common languages<\/strong><\/h2>\n<p>Your documents and certificates are translated and officially certified as quickly as you need them. Swiss authorities require certified translations of their documents.<\/em> Quality guaranteed. Translations are carried out by a native speaker in our <a href=\"https:\/\/uebersetzungscenter.ch\/\">Translation Center<\/a> and proofread by another translator in our quality control center. Our professional translators in the translation center are native speakers of the respective target language.<\/p>\n<p><em>We provide officially certified translations of your certificates and documents in Switzerland<\/em> into all common target languages.<\/p>\n<p><strong>Contact us now! <a class=\"mail-link\" data-enc-email=\"vasb[at]hrorefrgmhatfpragre.pu\" data-wpel-link=\"ignore\"><span id=\"wpmt-973626-27701\">info@uebersetzungscenter.ch<\/span><\/a> \u00a0+41 56 427 27 15<br \/><\/strong>You will receive your translation by post<strong>.<a href=\"https:\/\/leikin.ch\/wp-content\/uploads\/2024\/10\/Bildschirmfoto_4-10-2024_132616_www.xn-beglaubigte-bersetzung-3lc.de_.jpeg\"><img loading=\"lazy\" decoding=\"async\" class=\"wp-image-9933 alignnone \" src=\"https:\/\/leikin.ch\/wp-content\/uploads\/2024\/10\/Bildschirmfoto_4-10-2024_132616_www.xn-beglaubigte-bersetzung-3lc.de_.jpeg\" alt=\"\" width=\"60\" height=\"54\" \/><\/a><\/strong><\/p>\n<p>[\/et_pb_text][et_pb_image src=&#8221;https:\/\/leikin.ch\/wp-content\/uploads\/2025\/02\/English-Bild1.png&#8221; title_text=&#8221;English-Image1&#8243; _builder_version=&#8221;4.27.2&#8243; _module_preset=&#8221;default&#8221; global_colors_info=&#8221;{}&#8221;][\/et_pb_image][et_pb_image src=&#8221;https:\/\/leikin.ch\/wp-content\/uploads\/2025\/02\/Spanisch-Bild5.png&#8221; title_text=&#8221;Spanisch-Image5&#8243; _builder_version=&#8221;4.27.2&#8243; _module_preset=&#8221;default&#8221; global_colors_info=&#8221;{}&#8221;][\/et_pb_image][\/et_pb_column][et_pb_column type=&#8221;1_3&#8243; _builder_version=&#8221;4.16&#8243; custom_padding=&#8221;|||&#8221; global_colors_info=&#8221;{}&#8221; custom_padding__hover=&#8221;|||&#8221;][et_pb_image src=&#8221;https:\/\/leikin.ch\/wp-content\/uploads\/2025\/02\/Italienisch-Bild4.png&#8221; title_text=&#8221;Italienisch-Image4&#8243; _builder_version=&#8221;4.27.2&#8243; _module_preset=&#8221;default&#8221; global_colors_info=&#8221;{}&#8221;][\/et_pb_image][et_pb_image src=&#8221;https:\/\/leikin.ch\/wp-content\/uploads\/2025\/02\/FR-Bild3.png&#8221; title_text=&#8221;FR-Image3&#8243; _builder_version=&#8221;4.27.2&#8243; _module_preset=&#8221;default&#8221; global_colors_info=&#8221;{}&#8221;][\/et_pb_image][et_pb_image src=&#8221;https:\/\/leikin.ch\/wp-content\/uploads\/2025\/02\/Portugiesisch-Bild6.png&#8221; title_text=&#8221;Portuguese image 6&#8243; _builder_version=&#8221;4.27.2&#8243; _module_preset=&#8221;default&#8221; global_colors_info=&#8221;{}&#8221;][\/et_pb_image][et_pb_image src=&#8221;https:\/\/leikin.ch\/wp-content\/uploads\/2025\/02\/Andere-Sprachen-Bild7.png&#8221; title_text=&#8221;ther languages \u200b\u200b- Image 7&#8243; _builder_version=&#8221;4.27.2&#8243; _module_preset=&#8221;default&#8221; global_colors_info=&#8221;{}&#8221;][\/et_pb_image][et_pb_text _builder_version=&#8221;4.27.2&#8243; _module_preset=&#8221;default&#8221; hover_enabled=&#8221;0&#8243; global_colors_info=&#8221;{}&#8221; sticky_enabled=&#8221;0&#8243;]Other target languages<\/p>\n<p>Bosnian, Bulgarian<br \/>Traditional Chinese<br \/>German, Danish<br \/>English (UK), English (USA), Estonian<br \/>Finnish, French<br \/>Georgian, Greek<br \/>Hebrew<br \/>Italian<br \/>Japanese<br \/>Kazakh, Croatian<br \/>Latvian Lithuanian<br \/>Macedonian<br \/>Dutch, Norwegian<br \/>Polish, Portuguese (Portugal), Portuguese (Latin America)<br \/>Romanian, Russian<br \/>Swedish, Serbian, Slovak, Slovenian, Spanish (Spain), Spanish (Latin America), Swahili<br \/>Thai, Czech, Turkish<br \/>Ukrainian, Hungarian<br \/>Vietnamese<br \/>Belarusian<br \/>Arabic<\/p>\n<p>Is your language not listed? Ask us, we have excellent contacts with many outstanding translators in your native language.[\/et_pb_text][\/et_pb_column][et_pb_column type=&#8221;1_3&#8243; _builder_version=&#8221;4.16&#8243; custom_padding=&#8221;|||&#8221; global_colors_info=&#8221;{}&#8221; custom_padding__hover=&#8221;|||&#8221;][et_pb_contact_form _builder_version=&#8221;4.27.2&#8243; _module_preset=&#8221;default&#8221; _unique_id=&#8221;cf88da19-8ed1-40cc-b589-042e76b09180&#8243; global_colors_info=&#8221;{}&#8221;][et_pb_contact_field field_id=&#8221;Name&#8221; field_title=&#8221;Name&#8221; _builder_version=&#8221;4.16&#8243; global_colors_info=&#8221;{}&#8221; button_text_size__hover_enabled=&#8221;off&#8221; button_one_text_size__hover_enabled=&#8221;off&#8221; button_two_text_size__hover_enabled=&#8221;off&#8221; button_text_color__hover_enabled=&#8221;off&#8221; button_one_text_color__hover_enabled=&#8221;off&#8221; button_two_text_color__hover_enabled=&#8221;off&#8221; button_border_width__hover_enabled=&#8221;off&#8221; button_one_border_width__hover_enabled=&#8221;off&#8221; button_two_border_width__hover_enabled=&#8221;off&#8221; button_border_color__hover_enabled=&#8221;off&#8221; button_one_border_color__hover_enabled=&#8221;off&#8221; button_two_border_color__hover_enabled=&#8221;off&#8221; button_border_radius__hover_enabled=&#8221;off&#8221; button_one_border_radius__hover_enabled=&#8221;off&#8221; button_two_border_radius__hover_enabled=&#8221;off&#8221; button_letter_spacing__hover_enabled=&#8221;off&#8221; button_one_letter_spacing__hover_enabled=&#8221;off&#8221; button_two_letter_spacing__hover_enabled=&#8221;off&#8221; button_bg_color__hover_enabled=&#8221;off&#8221; button_one_bg_color__hover_enabled=&#8221;off&#8221; button_two_bg_color__hover_enabled=&#8221;off&#8221;][\/et_pb_contact_field][et_pb_contact_field field_id=&#8221;Email&#8221; field_title=&#8221;E-mail address&#8221; field_type=&#8221;email&#8221; _builder_version=&#8221;4.16&#8243; global_colors_info=&#8221;{}&#8221; button_text_size__hover_enabled=&#8221;off&#8221; button_one_text_size__hover_enabled=&#8221;off&#8221; button_two_text_size__hover_enabled=&#8221;off&#8221; button_text_color__hover_enabled=&#8221;off&#8221; button_one_text_color__hover_enabled=&#8221;off&#8221; button_two_text_color__hover_enabled=&#8221;off&#8221; button_border_width__hover_enabled=&#8221;off&#8221; button_one_border_width__hover_enabled=&#8221;off&#8221; button_two_border_width__hover_enabled=&#8221;off&#8221; button_border_color__hover_enabled=&#8221;off&#8221; button_one_border_color__hover_enabled=&#8221;off&#8221; button_two_border_color__hover_enabled=&#8221;off&#8221; button_border_radius__hover_enabled=&#8221;off&#8221; button_one_border_radius__hover_enabled=&#8221;off&#8221; button_two_border_radius__hover_enabled=&#8221;off&#8221; button_letter_spacing__hover_enabled=&#8221;off&#8221; button_one_letter_spacing__hover_enabled=&#8221;off&#8221; button_two_letter_spacing__hover_enabled=&#8221;off&#8221; button_bg_color__hover_enabled=&#8221;off&#8221; button_one_bg_color__hover_enabled=&#8221;off&#8221; button_two_bg_color__hover_enabled=&#8221;off&#8221;][\/et_pb_contact_field][et_pb_contact_field field_id=&#8221;Message&#8221; field_title=&#8221;message&#8221; field_type=&#8221;text&#8221; fullwidth_field=&#8221;on&#8221; _builder_version=&#8221;4.16&#8243; global_colors_info=&#8221;{}&#8221; button_text_size__hover_enabled=&#8221;off&#8221; button_one_text_size__hover_enabled=&#8221;off&#8221; button_two_text_size__hover_enabled=&#8221;off&#8221; button_text_color__hover_enabled=&#8221;off&#8221; button_one_text_color__hover_enabled=&#8221;off&#8221; button_two_text_color__hover_enabled=&#8221;off&#8221; button_border_width__hover_enabled=&#8221;off&#8221; button_one_border_width__hover_enabled=&#8221;off&#8221; button_two_border_width__hover_enabled=&#8221;off&#8221; button_border_color__hover_enabled=&#8221;off&#8221; button_one_border_color__hover_enabled=&#8221;off&#8221; button_two_border_color__hover_enabled=&#8221;off&#8221; button_border_radius__hover_enabled=&#8221;off&#8221; button_one_border_radius__hover_enabled=&#8221;off&#8221; button_two_border_radius__hover_enabled=&#8221;off&#8221; button_letter_spacing__hover_enabled=&#8221;off&#8221; button_one_letter_spacing__hover_enabled=&#8221;off&#8221; button_two_letter_spacing__hover_enabled=&#8221;off&#8221; button_bg_color__hover_enabled=&#8221;off&#8221; button_one_bg_color__hover_enabled=&#8221;off&#8221; button_two_bg_color__hover_enabled=&#8221;off&#8221;][\/et_pb_contact_field][\/et_pb_contact_form][\/et_pb_column][\/et_pb_row][\/et_pb_section]<\/p>\n","protected":false},"excerpt":{"rendered":"<p>Affordable translations into all common languagesYour documents and certificates are translated and officially certified as quickly as you need them. Swiss authorities require certified translations of their documents. Quality guaranteed. Translations are carried out by a native speaker in our Translation Center and proofread by another translator in our quality control center. Our professional translators [&hellip;]<\/p>\n","protected":false},"author":1,"featured_media":0,"parent":17,"menu_order":0,"comment_status":"closed","ping_status":"closed","template":"","meta":{"_et_pb_use_builder":"on","_et_pb_old_content":"","_et_gb_content_width":"","footnotes":""},"class_list":["post-11336","page","type-page","status-publish","hentry"],"yoast_head":"<!-- This site is optimized with the Yoast SEO plugin v26.8 - https:\/\/yoast.com\/product\/yoast-seo-wordpress\/ -->\n<title>Target languages - \u00dcbersetzungsb\u00fcro Leikin<\/title>\n<meta name=\"description\" content=\"We provide officially certified translations of your certificates and documents in Switzerland into all common target languages.\" \/>\n<meta name=\"robots\" content=\"index, follow, max-snippet:-1, max-image-preview:large, max-video-preview:-1\" \/>\n<link rel=\"canonical\" href=\"https:\/\/leikin.ch\/en\/translations\/target-languages\/\" \/>\n<meta property=\"og:locale\" content=\"en_US\" \/>\n<meta property=\"og:type\" content=\"article\" \/>\n<meta property=\"og:title\" content=\"Target languages - \u00dcbersetzungsb\u00fcro Leikin\" \/>\n<meta property=\"og:description\" content=\"We provide officially certified translations of your certificates and documents in Switzerland into all common target languages.\" \/>\n<meta property=\"og:url\" content=\"https:\/\/leikin.ch\/en\/translations\/target-languages\/\" \/>\n<meta property=\"og:site_name\" content=\"\u00dcbersetzungsb\u00fcro Leikin\" \/>\n<meta property=\"article:publisher\" content=\"https:\/\/www.facebook.com\/uebersetzungscenter\/\" \/>\n<meta property=\"article:modified_time\" content=\"2026-01-12T10:34:15+00:00\" \/>\n<meta property=\"og:image\" content=\"https:\/\/leikin.ch\/wp-content\/uploads\/2024\/10\/Bildschirmfoto_4-10-2024_132616_www.xn-beglaubigte-bersetzung-3lc.de_.jpeg\" \/>\n\t<meta property=\"og:image:width\" content=\"126\" \/>\n\t<meta property=\"og:image:height\" content=\"114\" \/>\n\t<meta property=\"og:image:type\" content=\"image\/jpeg\" \/>\n<meta name=\"twitter:card\" content=\"summary_large_image\" \/>\n<meta name=\"twitter:site\" content=\"@Leikin21\" \/>\n<meta name=\"twitter:label1\" content=\"Est. reading time\" \/>\n\t<meta name=\"twitter:data1\" content=\"5 minutes\" \/>\n<script type=\"application\/ld+json\" class=\"yoast-schema-graph\">{\"@context\":\"https:\/\/schema.org\",\"@graph\":[{\"@type\":\"WebPage\",\"@id\":\"https:\/\/leikin.ch\/en\/translations\/target-languages\/\",\"url\":\"https:\/\/leikin.ch\/en\/translations\/target-languages\/\",\"name\":\"Target languages - \u00dcbersetzungsb\u00fcro Leikin\",\"isPartOf\":{\"@id\":\"https:\/\/leikin.ch\/#website\"},\"primaryImageOfPage\":{\"@id\":\"https:\/\/leikin.ch\/en\/translations\/target-languages\/#primaryimage\"},\"image\":{\"@id\":\"https:\/\/leikin.ch\/en\/translations\/target-languages\/#primaryimage\"},\"thumbnailUrl\":\"https:\/\/leikin.ch\/wp-content\/uploads\/2024\/10\/Bildschirmfoto_4-10-2024_132616_www.xn-beglaubigte-bersetzung-3lc.de_.jpeg\",\"datePublished\":\"2025-02-17T16:16:06+00:00\",\"dateModified\":\"2026-01-12T10:34:15+00:00\",\"description\":\"We provide officially certified translations of your certificates and documents in Switzerland into all common target languages.\",\"breadcrumb\":{\"@id\":\"https:\/\/leikin.ch\/en\/translations\/target-languages\/#breadcrumb\"},\"inLanguage\":\"en-US\",\"potentialAction\":[{\"@type\":\"ReadAction\",\"target\":[\"https:\/\/leikin.ch\/en\/translations\/target-languages\/\"]}]},{\"@type\":\"ImageObject\",\"inLanguage\":\"en-US\",\"@id\":\"https:\/\/leikin.ch\/en\/translations\/target-languages\/#primaryimage\",\"url\":\"https:\/\/leikin.ch\/wp-content\/uploads\/2024\/10\/Bildschirmfoto_4-10-2024_132616_www.xn-beglaubigte-bersetzung-3lc.de_.jpeg\",\"contentUrl\":\"https:\/\/leikin.ch\/wp-content\/uploads\/2024\/10\/Bildschirmfoto_4-10-2024_132616_www.xn-beglaubigte-bersetzung-3lc.de_.jpeg\"},{\"@type\":\"BreadcrumbList\",\"@id\":\"https:\/\/leikin.ch\/en\/translations\/target-languages\/#breadcrumb\",\"itemListElement\":[{\"@type\":\"ListItem\",\"position\":1,\"name\":\"Startseite\",\"item\":\"https:\/\/leikin.ch\/en\/home\/\"},{\"@type\":\"ListItem\",\"position\":2,\"name\":\"Education\",\"item\":\"https:\/\/leikin.ch\/en\/translations\/\"},{\"@type\":\"ListItem\",\"position\":3,\"name\":\"Target languages\"}]},{\"@type\":\"WebSite\",\"@id\":\"https:\/\/leikin.ch\/#website\",\"url\":\"https:\/\/leikin.ch\/\",\"name\":\"\u00dcbersetzungsb\u00fcro Leikin\",\"description\":\"offizielle \u00dcbersetzungen von Dokumenten, Urkunden und Texten\",\"potentialAction\":[{\"@type\":\"SearchAction\",\"target\":{\"@type\":\"EntryPoint\",\"urlTemplate\":\"https:\/\/leikin.ch\/?s={search_term_string}\"},\"query-input\":{\"@type\":\"PropertyValueSpecification\",\"valueRequired\":true,\"valueName\":\"search_term_string\"}}],\"inLanguage\":\"en-US\"}]}<\/script>\n<!-- \/ Yoast SEO plugin. -->","yoast_head_json":{"title":"Target languages - \u00dcbersetzungsb\u00fcro Leikin","description":"We provide officially certified translations of your certificates and documents in Switzerland into all common target languages.","robots":{"index":"index","follow":"follow","max-snippet":"max-snippet:-1","max-image-preview":"max-image-preview:large","max-video-preview":"max-video-preview:-1"},"canonical":"https:\/\/leikin.ch\/en\/translations\/target-languages\/","og_locale":"en_US","og_type":"article","og_title":"Target languages - \u00dcbersetzungsb\u00fcro Leikin","og_description":"We provide officially certified translations of your certificates and documents in Switzerland into all common target languages.","og_url":"https:\/\/leikin.ch\/en\/translations\/target-languages\/","og_site_name":"\u00dcbersetzungsb\u00fcro Leikin","article_publisher":"https:\/\/www.facebook.com\/uebersetzungscenter\/","article_modified_time":"2026-01-12T10:34:15+00:00","og_image":[{"width":126,"height":114,"url":"https:\/\/leikin.ch\/wp-content\/uploads\/2024\/10\/Bildschirmfoto_4-10-2024_132616_www.xn-beglaubigte-bersetzung-3lc.de_.jpeg","type":"image\/jpeg"}],"twitter_card":"summary_large_image","twitter_site":"@Leikin21","twitter_misc":{"Est. reading time":"5 minutes"},"schema":{"@context":"https:\/\/schema.org","@graph":[{"@type":"WebPage","@id":"https:\/\/leikin.ch\/en\/translations\/target-languages\/","url":"https:\/\/leikin.ch\/en\/translations\/target-languages\/","name":"Target languages - \u00dcbersetzungsb\u00fcro Leikin","isPartOf":{"@id":"https:\/\/leikin.ch\/#website"},"primaryImageOfPage":{"@id":"https:\/\/leikin.ch\/en\/translations\/target-languages\/#primaryimage"},"image":{"@id":"https:\/\/leikin.ch\/en\/translations\/target-languages\/#primaryimage"},"thumbnailUrl":"https:\/\/leikin.ch\/wp-content\/uploads\/2024\/10\/Bildschirmfoto_4-10-2024_132616_www.xn-beglaubigte-bersetzung-3lc.de_.jpeg","datePublished":"2025-02-17T16:16:06+00:00","dateModified":"2026-01-12T10:34:15+00:00","description":"We provide officially certified translations of your certificates and documents in Switzerland into all common target languages.","breadcrumb":{"@id":"https:\/\/leikin.ch\/en\/translations\/target-languages\/#breadcrumb"},"inLanguage":"en-US","potentialAction":[{"@type":"ReadAction","target":["https:\/\/leikin.ch\/en\/translations\/target-languages\/"]}]},{"@type":"ImageObject","inLanguage":"en-US","@id":"https:\/\/leikin.ch\/en\/translations\/target-languages\/#primaryimage","url":"https:\/\/leikin.ch\/wp-content\/uploads\/2024\/10\/Bildschirmfoto_4-10-2024_132616_www.xn-beglaubigte-bersetzung-3lc.de_.jpeg","contentUrl":"https:\/\/leikin.ch\/wp-content\/uploads\/2024\/10\/Bildschirmfoto_4-10-2024_132616_www.xn-beglaubigte-bersetzung-3lc.de_.jpeg"},{"@type":"BreadcrumbList","@id":"https:\/\/leikin.ch\/en\/translations\/target-languages\/#breadcrumb","itemListElement":[{"@type":"ListItem","position":1,"name":"Startseite","item":"https:\/\/leikin.ch\/en\/home\/"},{"@type":"ListItem","position":2,"name":"Education","item":"https:\/\/leikin.ch\/en\/translations\/"},{"@type":"ListItem","position":3,"name":"Target languages"}]},{"@type":"WebSite","@id":"https:\/\/leikin.ch\/#website","url":"https:\/\/leikin.ch\/","name":"\u00dcbersetzungsb\u00fcro Leikin","description":"offizielle \u00dcbersetzungen von Dokumenten, Urkunden und Texten","potentialAction":[{"@type":"SearchAction","target":{"@type":"EntryPoint","urlTemplate":"https:\/\/leikin.ch\/?s={search_term_string}"},"query-input":{"@type":"PropertyValueSpecification","valueRequired":true,"valueName":"search_term_string"}}],"inLanguage":"en-US"}]}},"_links":{"self":[{"href":"https:\/\/leikin.ch\/en\/wp-json\/wp\/v2\/pages\/11336","targetHints":{"allow":["GET"]}}],"collection":[{"href":"https:\/\/leikin.ch\/en\/wp-json\/wp\/v2\/pages"}],"about":[{"href":"https:\/\/leikin.ch\/en\/wp-json\/wp\/v2\/types\/page"}],"author":[{"embeddable":true,"href":"https:\/\/leikin.ch\/en\/wp-json\/wp\/v2\/users\/1"}],"replies":[{"embeddable":true,"href":"https:\/\/leikin.ch\/en\/wp-json\/wp\/v2\/comments?post=11336"}],"version-history":[{"count":2,"href":"https:\/\/leikin.ch\/en\/wp-json\/wp\/v2\/pages\/11336\/revisions"}],"predecessor-version":[{"id":11338,"href":"https:\/\/leikin.ch\/en\/wp-json\/wp\/v2\/pages\/11336\/revisions\/11338"}],"up":[{"embeddable":true,"href":"https:\/\/leikin.ch\/en\/wp-json\/wp\/v2\/pages\/17"}],"wp:attachment":[{"href":"https:\/\/leikin.ch\/en\/wp-json\/wp\/v2\/media?parent=11336"}],"curies":[{"name":"wp","href":"https:\/\/api.w.org\/{rel}","templated":true}]}}